{"id":3103,"date":"2026-05-11T13:08:08","date_gmt":"2026-05-11T16:08:08","guid":{"rendered":"https:\/\/poke.com.ar\/?post_type=product&#038;p=3103"},"modified":"2026-05-11T13:20:42","modified_gmt":"2026-05-11T16:20:42","slug":"j-w-red-label-1l","status":"publish","type":"product","link":"https:\/\/poke.com.ar\/en\/product\/j-w-red-label-1l\/","title":{"rendered":"J.W. Red Label 1l"},"content":{"rendered":"<p>Al olfato:<!--TgQPHd|[]--> Frescura frutal con toques de manzana y pera, seguidos de un suave aroma a malta especiada. Al paladar:<!--TgQPHd|[]--> Una explosi\u00f3n de canela y pimienta negra que se equilibra con una dulzura sutil. El final:<!--TgQPHd|[]--> Largo y sofisticado, con ese toque de humo que lo hace \u00fanico en su clase. El Rey de la Cocteler\u00eda:<!--TgQPHd|[]--> Gracias a su cuerpo robusto, es el whisky perfecto para mezclar. No pierde su esencia al combinarse con ginger ale, soda o jugos c\u00edtricos. Sabor Inconfundible:<!--TgQPHd|[]--> Una mezcla magistral de hasta 35 whiskies de malta y grano que ofrece un perfil intenso, especiado y con el ic\u00f3nico final ahumado de la casa Walker.<\/p>","protected":false},"excerpt":{"rendered":"<p>Lleva tus celebraciones al siguiente nivel con el whisky escoc\u00e9s m\u00e1s vendido del mundo. Johnnie Walker Red Label<!--TgQPHd|[]--> es la mezcla pionera que present\u00f3 el sabor de los whiskies de la familia Walker a todo el planeta. Un destilado audaz, vibrante y lleno de car\u00e1cter, ahora en su rendidora presentaci\u00f3n de 1 litro<!--TgQPHd|[]-->.<\/p>","protected":false},"featured_media":3111,"template":"","meta":{"_gspb_post_css":"","_joinchat":[]},"product_brand":[],"product_cat":[134],"product_tag":[],"class_list":{"0":"post-3103","1":"product","2":"type-product","3":"status-publish","4":"has-post-thumbnail","6":"product_cat-blend","8":"first","9":"onbackorder","10":"shipping-taxable","11":"purchasable","12":"product-type-simple"},"supplier_id":398,"supplier_sku":"","barcode":null,"atum_controlled":true,"out_stock_date":"2026-05-11 13:09:33","out_stock_threshold":null,"inheritable":false,"inbound_stock":null,"stock_on_hold":0,"sold_today":0,"sales_last_days":0,"reserved_stock":null,"customer_returns":null,"warehouse_damage":null,"lost_in_post":null,"other_logs":null,"out_stock_days":0,"lost_sales":0,"has_location":false,"update_date":"2026-05-12T00:00:49","atum_locations":[],"atum_stock_status":"onbackorder","restock_status":false,"low_stock_amount":"","sales_update_date":"2026-05-12T00:00:49","calc_backorders":0,"_links":{"self":[{"href":"https:\/\/poke.com.ar\/en\/wp-json\/wp\/v2\/product\/3103","targetHints":{"allow":["GET"]}}],"collection":[{"href":"https:\/\/poke.com.ar\/en\/wp-json\/wp\/v2\/product"}],"about":[{"href":"https:\/\/poke.com.ar\/en\/wp-json\/wp\/v2\/types\/product"}],"wp:featuredmedia":[{"embeddable":true,"href":"https:\/\/poke.com.ar\/en\/wp-json\/wp\/v2\/media\/3111"}],"wp:attachment":[{"href":"https:\/\/poke.com.ar\/en\/wp-json\/wp\/v2\/media?parent=3103"}],"wp:term":[{"taxonomy":"product_brand","embeddable":true,"href":"https:\/\/poke.com.ar\/en\/wp-json\/wp\/v2\/product_brand?post=3103"},{"taxonomy":"product_cat","embeddable":true,"href":"https:\/\/poke.com.ar\/en\/wp-json\/wp\/v2\/product_cat?post=3103"},{"taxonomy":"product_tag","embeddable":true,"href":"https:\/\/poke.com.ar\/en\/wp-json\/wp\/v2\/product_tag?post=3103"}],"curies":[{"name":"wp","href":"https:\/\/api.w.org\/{rel}","templated":true}]}}