{"id":2930,"date":"2026-05-06T23:24:31","date_gmt":"2026-05-06T23:24:31","guid":{"rendered":"https:\/\/poke.com.arREMOTE_TARGET\/tienda\/jack-daniels-single-barrel-100-proof-750-ml\/"},"modified":"2026-05-06T23:24:31","modified_gmt":"2026-05-06T23:24:31","slug":"jack-daniels-single-barrel-100-proof-750-ml","status":"publish","type":"product","link":"https:\/\/poke.com.ar\/en\/product\/jack-daniels-single-barrel-100-proof-750-ml\/","title":{"rendered":"Jack Daniels Single Barrel 100 Proof 750 Ml"},"content":{"rendered":"<p>Vista: Color \u00e1mbar intenso con reflejos cobrizos. Nariz: Aromas marcados de roble tostado, caramelo rico y vainilla, acompa\u00f1ados de notas frutales y un toque de especias. Boca: Entrada potente y sedosa. Se perciben sabores a dulce de leche, tabaco, pimienta, nuez moscada y el cl\u00e1sico toque de banana madura. Final: Largo y persistente, con una calidez especiada, notas de az\u00facar morena y un ligero ahumado.<\/p>","protected":false},"excerpt":{"rendered":"<p>Jack Daniel&#8217;s Single Barrel 100 Proof es una expresi\u00f3n premium de Tennessee Whiskey embotellada a un volumen de alcohol del 50% siguiendo los est\u00e1ndares hist\u00f3ricos del \u00abBottled-in-Bond\u00bb. A diferencia del Jack Daniel&#8217;s est\u00e1ndar, este proviene de una \u00fanica barrica seleccionada a mano, lo que garantiza un car\u00e1cter robusto y matices exclusivos en cada botella.<\/p>","protected":false},"featured_media":2932,"template":"","meta":{"_gspb_post_css":"","_joinchat":[]},"product_brand":[],"product_cat":[133],"product_tag":[],"class_list":{"0":"post-2930","1":"product","2":"type-product","3":"status-publish","4":"has-post-thumbnail","6":"product_cat-bourbon","8":"first","9":"onbackorder","10":"shipping-taxable","11":"purchasable","12":"product-type-simple"},"supplier_id":398,"supplier_sku":"","barcode":null,"atum_controlled":true,"out_stock_date":null,"out_stock_threshold":null,"inheritable":false,"inbound_stock":null,"stock_on_hold":0,"sold_today":0,"sales_last_days":0,"reserved_stock":null,"customer_returns":null,"warehouse_damage":null,"lost_in_post":null,"other_logs":null,"out_stock_days":0,"lost_sales":0,"has_location":null,"update_date":"2026-05-09T09:14:46","atum_locations":[],"atum_stock_status":"onbackorder","restock_status":false,"low_stock_amount":"","sales_update_date":"2026-05-09T09:14:46","calc_backorders":0,"_links":{"self":[{"href":"https:\/\/poke.com.ar\/en\/wp-json\/wp\/v2\/product\/2930","targetHints":{"allow":["GET"]}}],"collection":[{"href":"https:\/\/poke.com.ar\/en\/wp-json\/wp\/v2\/product"}],"about":[{"href":"https:\/\/poke.com.ar\/en\/wp-json\/wp\/v2\/types\/product"}],"wp:featuredmedia":[{"embeddable":true,"href":"https:\/\/poke.com.ar\/en\/wp-json\/wp\/v2\/media\/2932"}],"wp:attachment":[{"href":"https:\/\/poke.com.ar\/en\/wp-json\/wp\/v2\/media?parent=2930"}],"wp:term":[{"taxonomy":"product_brand","embeddable":true,"href":"https:\/\/poke.com.ar\/en\/wp-json\/wp\/v2\/product_brand?post=2930"},{"taxonomy":"product_cat","embeddable":true,"href":"https:\/\/poke.com.ar\/en\/wp-json\/wp\/v2\/product_cat?post=2930"},{"taxonomy":"product_tag","embeddable":true,"href":"https:\/\/poke.com.ar\/en\/wp-json\/wp\/v2\/product_tag?post=2930"}],"curies":[{"name":"wp","href":"https:\/\/api.w.org\/{rel}","templated":true}]}}