{"id":2915,"date":"2026-05-06T23:22:10","date_gmt":"2026-05-06T23:22:10","guid":{"rendered":"https:\/\/poke.com.arREMOTE_TARGET\/tienda\/jack-daniels-single-barrel-rye-750-ml\/"},"modified":"2026-05-06T23:22:10","modified_gmt":"2026-05-06T23:22:10","slug":"jack-daniels-single-barrel-rye-750-ml","status":"publish","type":"product","link":"https:\/\/poke.com.ar\/en\/product\/jack-daniels-single-barrel-rye-750-ml\/","title":{"rendered":"Jack Daniels Single Barrel Rye 750 Ml"},"content":{"rendered":"<p>Nariz: Aromas complejos de fruta madura (manzana, ciruela), combinados con notas dulces de vainilla, caramelo y un toque distintivo de roble tostado. Boca: Presenta un cuerpo medio a robusto con una textura mantecosa. Destacan los sabores a especias picantes (pimienta, canela), junto con notas de chocolate amargo, pl\u00e1tano asado y nuez moscada. Final: Es un final agradable y persistente, marcado por la sequedad del roble y el picante del centeno que perdura en el paladar.<\/p>","protected":false},"excerpt":{"rendered":"<p>Jack Daniel&#8217;s Single Barrel Rye de 750ml es un Tennessee Whiskey premium que destaca por ser el primer cambio significativo en la receta de granos de la destiler\u00eda desde 1866. A diferencia del cl\u00e1sico Old No. 7, esta expresi\u00f3n utiliza un 70% de centeno (Rye), lo que le otorga un perfil mucho m\u00e1s especiado y audaz, pero manteniendo la suavidad caracter\u00edstica del filtrado por carb\u00f3n de arce.<\/p>","protected":false},"featured_media":2917,"template":"","meta":{"_gspb_post_css":"","_joinchat":[]},"product_brand":[],"product_cat":[133],"product_tag":[],"class_list":{"0":"post-2915","1":"product","2":"type-product","3":"status-publish","4":"has-post-thumbnail","6":"product_cat-bourbon","8":"first","9":"onbackorder","10":"shipping-taxable","11":"purchasable","12":"product-type-simple"},"supplier_id":398,"supplier_sku":"","barcode":null,"atum_controlled":true,"out_stock_date":null,"out_stock_threshold":null,"inheritable":false,"inbound_stock":null,"stock_on_hold":0,"sold_today":0,"sales_last_days":0,"reserved_stock":null,"customer_returns":null,"warehouse_damage":null,"lost_in_post":null,"other_logs":null,"out_stock_days":0,"lost_sales":0,"has_location":null,"update_date":"2026-05-09T09:14:46","atum_locations":[],"atum_stock_status":"onbackorder","restock_status":false,"low_stock_amount":"","sales_update_date":"2026-05-09T09:14:46","calc_backorders":0,"_links":{"self":[{"href":"https:\/\/poke.com.ar\/en\/wp-json\/wp\/v2\/product\/2915","targetHints":{"allow":["GET"]}}],"collection":[{"href":"https:\/\/poke.com.ar\/en\/wp-json\/wp\/v2\/product"}],"about":[{"href":"https:\/\/poke.com.ar\/en\/wp-json\/wp\/v2\/types\/product"}],"wp:featuredmedia":[{"embeddable":true,"href":"https:\/\/poke.com.ar\/en\/wp-json\/wp\/v2\/media\/2917"}],"wp:attachment":[{"href":"https:\/\/poke.com.ar\/en\/wp-json\/wp\/v2\/media?parent=2915"}],"wp:term":[{"taxonomy":"product_brand","embeddable":true,"href":"https:\/\/poke.com.ar\/en\/wp-json\/wp\/v2\/product_brand?post=2915"},{"taxonomy":"product_cat","embeddable":true,"href":"https:\/\/poke.com.ar\/en\/wp-json\/wp\/v2\/product_cat?post=2915"},{"taxonomy":"product_tag","embeddable":true,"href":"https:\/\/poke.com.ar\/en\/wp-json\/wp\/v2\/product_tag?post=2915"}],"curies":[{"name":"wp","href":"https:\/\/api.w.org\/{rel}","templated":true}]}}