{"id":2903,"date":"2026-05-06T23:20:17","date_gmt":"2026-05-06T23:20:17","guid":{"rendered":"https:\/\/poke.com.arREMOTE_TARGET\/tienda\/los-biblicos-barrabas-cabernet-franc-750-ml\/"},"modified":"2026-05-06T23:20:17","modified_gmt":"2026-05-06T23:20:17","slug":"los-biblicos-barrabas-cabernet-franc-750-ml","status":"publish","type":"product","link":"https:\/\/poke.com.ar\/en\/product\/los-biblicos-barrabas-cabernet-franc-750-ml\/","title":{"rendered":"Los Biblicos Barrabas Cabernet Franc 750 ml"},"content":{"rendered":"<p>Vista: Presenta un color rojo rub\u00ed muy intenso y profundo, a menudo con destellos p\u00farpuras o negros que denotan su concentraci\u00f3n. Nariz: Su aroma es intenso y sofisticado. Destacan notas de frutas rojas maduras (guindas, ar\u00e1ndanos) y negras, acompa\u00f1adas de descriptores t\u00edpicos de la cepa como pimienta blanca, clavo de olor, menta y un car\u00e1cter herbal refrescante. La madera aporta toques de chocolate, tabaco y vainilla. Boca: Tiene una entrada plena con gran volumen. Sus taninos son fuertes pero redondos y elegantes, con una acidez equilibrada que aporta frescura. El final es persistente, robusto y sabroso.<\/p>","protected":false},"excerpt":{"rendered":"<p>Barrab\u00e1s by Judas Cabernet Franc de 750 ml es un tinto de alta gama elaborado por la Bodega Sottano en Luj\u00e1n de Cuyo, Mendoza. Se caracteriza por ser un varietal 100% Cabernet Franc con una crianza de 16 meses en barricas de roble franc\u00e9s de primer uso, lo que le otorga una complejidad elegante y una estructura potente.<\/p>","protected":false},"featured_media":2905,"template":"","meta":{"_gspb_post_css":"","_joinchat":[]},"product_brand":[],"product_cat":[141],"product_tag":[],"class_list":{"0":"post-2903","1":"product","2":"type-product","3":"status-publish","4":"has-post-thumbnail","6":"product_cat-bodega-sottano","8":"first","9":"onbackorder","10":"shipping-taxable","11":"purchasable","12":"product-type-simple"},"supplier_id":506,"supplier_sku":"","barcode":null,"atum_controlled":true,"out_stock_date":null,"out_stock_threshold":null,"inheritable":false,"inbound_stock":null,"stock_on_hold":0,"sold_today":0,"sales_last_days":0,"reserved_stock":null,"customer_returns":null,"warehouse_damage":null,"lost_in_post":null,"other_logs":null,"out_stock_days":0,"lost_sales":0,"has_location":null,"update_date":"2026-05-09T09:14:45","atum_locations":[],"atum_stock_status":"onbackorder","restock_status":false,"low_stock_amount":"","sales_update_date":"2026-05-09T09:14:45","calc_backorders":0,"_links":{"self":[{"href":"https:\/\/poke.com.ar\/en\/wp-json\/wp\/v2\/product\/2903","targetHints":{"allow":["GET"]}}],"collection":[{"href":"https:\/\/poke.com.ar\/en\/wp-json\/wp\/v2\/product"}],"about":[{"href":"https:\/\/poke.com.ar\/en\/wp-json\/wp\/v2\/types\/product"}],"wp:featuredmedia":[{"embeddable":true,"href":"https:\/\/poke.com.ar\/en\/wp-json\/wp\/v2\/media\/2905"}],"wp:attachment":[{"href":"https:\/\/poke.com.ar\/en\/wp-json\/wp\/v2\/media?parent=2903"}],"wp:term":[{"taxonomy":"product_brand","embeddable":true,"href":"https:\/\/poke.com.ar\/en\/wp-json\/wp\/v2\/product_brand?post=2903"},{"taxonomy":"product_cat","embeddable":true,"href":"https:\/\/poke.com.ar\/en\/wp-json\/wp\/v2\/product_cat?post=2903"},{"taxonomy":"product_tag","embeddable":true,"href":"https:\/\/poke.com.ar\/en\/wp-json\/wp\/v2\/product_tag?post=2903"}],"curies":[{"name":"wp","href":"https:\/\/api.w.org\/{rel}","templated":true}]}}