{"id":2900,"date":"2026-05-06T23:19:53","date_gmt":"2026-05-06T23:19:53","guid":{"rendered":"https:\/\/poke.com.arREMOTE_TARGET\/tienda\/susana-balbo-cabernet-sauvignon-los-chacayes-limited-edition-750-ml\/"},"modified":"2026-05-06T23:19:53","modified_gmt":"2026-05-06T23:19:53","slug":"susana-balbo-cabernet-sauvignon-los-chacayes-limited-edition-750-ml","status":"publish","type":"product","link":"https:\/\/poke.com.ar\/en\/product\/susana-balbo-cabernet-sauvignon-los-chacayes-limited-edition-750-ml\/","title":{"rendered":"Susana Balbo Cabernet Sauvignon Los Chacayes Limited Edition 750 ml"},"content":{"rendered":"<p>Vista: Rojo rub\u00ed profundo con reflejos viol\u00e1ceos, caracter\u00edstico de los vinos de altura. Nariz: Aromas intensos a especias, grosellas, morrones asados, cassis y mora, con sutiles toques de regaliz, humo y minerales de monta\u00f1a. Boca: Entrada arm\u00f3nica y de buen cuerpo. Presenta notas de frutos negros, grafito y una sensaci\u00f3n mineral tipo tiza. El paso por madera aporta un leve dejo de tabaco. Posee taninos de gran envergadura pero refinados y una acidez viva que otorga frescura.<\/p>","protected":false},"excerpt":{"rendered":"<p>Susana Balbo Signature Limited Edition Cabernet Sauvignon de Los Chacayes es una de las expresiones m\u00e1s exclusivas de la bodega, destacada por su elegancia y car\u00e1cter disruptivo. Se trata de una partida limitada (generalmente entre 1,000 y 3,500 botellas) que busca capturar la esencia de un terroir espec\u00edfico a gran altitud.<\/p>","protected":false},"featured_media":2902,"template":"","meta":{"_gspb_post_css":"","_joinchat":[]},"product_brand":[],"product_cat":[148],"product_tag":[],"class_list":{"0":"post-2900","1":"product","2":"type-product","3":"status-publish","4":"has-post-thumbnail","6":"product_cat-bodega-susana-balbo","8":"first","9":"onbackorder","10":"shipping-taxable","11":"purchasable","12":"product-type-simple"},"supplier_id":506,"supplier_sku":"","barcode":null,"atum_controlled":true,"out_stock_date":null,"out_stock_threshold":null,"inheritable":false,"inbound_stock":null,"stock_on_hold":0,"sold_today":0,"sales_last_days":0,"reserved_stock":null,"customer_returns":null,"warehouse_damage":null,"lost_in_post":null,"other_logs":null,"out_stock_days":0,"lost_sales":0,"has_location":null,"update_date":"2026-05-09T09:14:45","atum_locations":[],"atum_stock_status":"onbackorder","restock_status":false,"low_stock_amount":"","sales_update_date":"2026-05-09T09:14:45","calc_backorders":0,"_links":{"self":[{"href":"https:\/\/poke.com.ar\/en\/wp-json\/wp\/v2\/product\/2900","targetHints":{"allow":["GET"]}}],"collection":[{"href":"https:\/\/poke.com.ar\/en\/wp-json\/wp\/v2\/product"}],"about":[{"href":"https:\/\/poke.com.ar\/en\/wp-json\/wp\/v2\/types\/product"}],"wp:featuredmedia":[{"embeddable":true,"href":"https:\/\/poke.com.ar\/en\/wp-json\/wp\/v2\/media\/2902"}],"wp:attachment":[{"href":"https:\/\/poke.com.ar\/en\/wp-json\/wp\/v2\/media?parent=2900"}],"wp:term":[{"taxonomy":"product_brand","embeddable":true,"href":"https:\/\/poke.com.ar\/en\/wp-json\/wp\/v2\/product_brand?post=2900"},{"taxonomy":"product_cat","embeddable":true,"href":"https:\/\/poke.com.ar\/en\/wp-json\/wp\/v2\/product_cat?post=2900"},{"taxonomy":"product_tag","embeddable":true,"href":"https:\/\/poke.com.ar\/en\/wp-json\/wp\/v2\/product_tag?post=2900"}],"curies":[{"name":"wp","href":"https:\/\/api.w.org\/{rel}","templated":true}]}}