{"id":2891,"date":"2026-05-06T23:18:37","date_gmt":"2026-05-06T23:18:37","guid":{"rendered":"https:\/\/poke.com.arREMOTE_TARGET\/tienda\/susana-balbo-cabernet-suavignion-750-ml\/"},"modified":"2026-05-06T23:18:37","modified_gmt":"2026-05-06T23:18:37","slug":"susana-balbo-cabernet-suavignion-750-ml","status":"publish","type":"product","link":"https:\/\/poke.com.ar\/en\/product\/susana-balbo-cabernet-suavignion-750-ml\/","title":{"rendered":"Susana Balbo Cabernet Suavignion 750 ml"},"content":{"rendered":"<p>Vista: Presenta un color rojo profundo con intensos reflejos rub\u00edes. Nariz: Despliega aromas vibrantes a frutas negras (ar\u00e1ndanos, cassis), tabaco y pimienta, con sutiles notas florales y especiadas. En algunas a\u00f1adas se perciben toques de grafito y sensaciones minerales. Boca: Es un vino de entrada firme con una acidez intensa y equilibrada. Los taninos son elegantes, de grano fino y proporcionan una estructura s\u00f3lida que lleva a un final largo y persistente. Maridaje recomendado: Ideal para acompa\u00f1ar carnes rojas (asadas o grilladas), cordero, cerdo, aves de caza y platos con salsas a base de crema o quesos maduros.<\/p>","protected":false},"excerpt":{"rendered":"<p>Susana Balbo Signature Cabernet Sauvignon de 750 ml es un vino elegante y complejo que representa la m\u00e1xima expresi\u00f3n de la en\u00f3loga Susana Balbo. Se destaca por su equilibrio entre la potencia de la fruta y la sofisticaci\u00f3n de su paso por madera.<\/p>","protected":false},"featured_media":2893,"template":"","meta":{"_gspb_post_css":"","_joinchat":[]},"product_brand":[],"product_cat":[148],"product_tag":[],"class_list":{"0":"post-2891","1":"product","2":"type-product","3":"status-publish","4":"has-post-thumbnail","6":"product_cat-bodega-susana-balbo","8":"first","9":"onbackorder","10":"shipping-taxable","11":"purchasable","12":"product-type-simple"},"supplier_id":506,"supplier_sku":"","barcode":null,"atum_controlled":true,"out_stock_date":null,"out_stock_threshold":null,"inheritable":false,"inbound_stock":null,"stock_on_hold":0,"sold_today":0,"sales_last_days":0,"reserved_stock":null,"customer_returns":null,"warehouse_damage":null,"lost_in_post":null,"other_logs":null,"out_stock_days":0,"lost_sales":0,"has_location":null,"update_date":"2026-05-09T09:14:45","atum_locations":[],"atum_stock_status":"onbackorder","restock_status":false,"low_stock_amount":"","sales_update_date":"2026-05-09T09:14:45","calc_backorders":0,"_links":{"self":[{"href":"https:\/\/poke.com.ar\/en\/wp-json\/wp\/v2\/product\/2891","targetHints":{"allow":["GET"]}}],"collection":[{"href":"https:\/\/poke.com.ar\/en\/wp-json\/wp\/v2\/product"}],"about":[{"href":"https:\/\/poke.com.ar\/en\/wp-json\/wp\/v2\/types\/product"}],"wp:featuredmedia":[{"embeddable":true,"href":"https:\/\/poke.com.ar\/en\/wp-json\/wp\/v2\/media\/2893"}],"wp:attachment":[{"href":"https:\/\/poke.com.ar\/en\/wp-json\/wp\/v2\/media?parent=2891"}],"wp:term":[{"taxonomy":"product_brand","embeddable":true,"href":"https:\/\/poke.com.ar\/en\/wp-json\/wp\/v2\/product_brand?post=2891"},{"taxonomy":"product_cat","embeddable":true,"href":"https:\/\/poke.com.ar\/en\/wp-json\/wp\/v2\/product_cat?post=2891"},{"taxonomy":"product_tag","embeddable":true,"href":"https:\/\/poke.com.ar\/en\/wp-json\/wp\/v2\/product_tag?post=2891"}],"curies":[{"name":"wp","href":"https:\/\/api.w.org\/{rel}","templated":true}]}}