{"id":2882,"date":"2026-05-06T23:17:22","date_gmt":"2026-05-06T23:17:22","guid":{"rendered":"https:\/\/poke.com.arREMOTE_TARGET\/tienda\/cupra-gran-corte-750-ml\/"},"modified":"2026-05-06T23:17:22","modified_gmt":"2026-05-06T23:17:22","slug":"cupra-gran-corte-750-ml","status":"publish","type":"product","link":"https:\/\/poke.com.ar\/en\/product\/cupra-gran-corte-750-ml\/","title":{"rendered":"Cupra Gran Corte 750 ml"},"content":{"rendered":"<p>Vista: Presenta un color rojo viol\u00e1ceo profundo con brillantes reflejos rub\u00ed, denotando gran concentraci\u00f3n. Nariz: Se despliega una paleta compleja de frutas negras maduras y cassis, complementada con notas mentoladas, especias dulces (pimienta y canela) y sutiles toques de cacao y tabaco dulce derivados de su crianza. Boca: De entrada amplia y estructurada. Ofrece taninos firmes pero de textura sedosa, con una acidez equilibrada que aporta frescura. Su final es largo, con persistentes ecos de cuero y fruta en licor.<\/p>","protected":false},"excerpt":{"rendered":"<p>El Cupra Gran Corte 2022 de 750 ml es un blend tinto de alta gama que combina la potencia del Malbec (65%), la frescura del Cabernet Franc (20%) y la elegancia del Merlot (15%). Elaborado por Cupra Wines (Familia Angelici) bajo la supervisi\u00f3n del en\u00f3logo Mat\u00edas Michelini, este vino nace en el prestigioso Valle de Uco, Mendoza, buscando ser un puente entre la tradici\u00f3n italiana y el alma andina.<\/p>","protected":false},"featured_media":2884,"template":"","meta":{"_gspb_post_css":"","_joinchat":[]},"product_brand":[],"product_cat":[147],"product_tag":[],"class_list":{"0":"post-2882","1":"product","2":"type-product","3":"status-publish","4":"has-post-thumbnail","6":"product_cat-angelici-cupra-wines","8":"first","9":"onbackorder","10":"shipping-taxable","11":"purchasable","12":"product-type-simple"},"supplier_id":506,"supplier_sku":"","barcode":null,"atum_controlled":true,"out_stock_date":null,"out_stock_threshold":null,"inheritable":false,"inbound_stock":null,"stock_on_hold":0,"sold_today":0,"sales_last_days":0,"reserved_stock":null,"customer_returns":null,"warehouse_damage":null,"lost_in_post":null,"other_logs":null,"out_stock_days":0,"lost_sales":0,"has_location":null,"update_date":"2026-05-09T09:14:46","atum_locations":[],"atum_stock_status":"onbackorder","restock_status":false,"low_stock_amount":"","sales_update_date":"2026-05-09T09:14:46","calc_backorders":0,"_links":{"self":[{"href":"https:\/\/poke.com.ar\/en\/wp-json\/wp\/v2\/product\/2882","targetHints":{"allow":["GET"]}}],"collection":[{"href":"https:\/\/poke.com.ar\/en\/wp-json\/wp\/v2\/product"}],"about":[{"href":"https:\/\/poke.com.ar\/en\/wp-json\/wp\/v2\/types\/product"}],"wp:featuredmedia":[{"embeddable":true,"href":"https:\/\/poke.com.ar\/en\/wp-json\/wp\/v2\/media\/2884"}],"wp:attachment":[{"href":"https:\/\/poke.com.ar\/en\/wp-json\/wp\/v2\/media?parent=2882"}],"wp:term":[{"taxonomy":"product_brand","embeddable":true,"href":"https:\/\/poke.com.ar\/en\/wp-json\/wp\/v2\/product_brand?post=2882"},{"taxonomy":"product_cat","embeddable":true,"href":"https:\/\/poke.com.ar\/en\/wp-json\/wp\/v2\/product_cat?post=2882"},{"taxonomy":"product_tag","embeddable":true,"href":"https:\/\/poke.com.ar\/en\/wp-json\/wp\/v2\/product_tag?post=2882"}],"curies":[{"name":"wp","href":"https:\/\/api.w.org\/{rel}","templated":true}]}}