{"id":2870,"date":"2026-05-06T23:15:45","date_gmt":"2026-05-06T23:15:45","guid":{"rendered":"https:\/\/poke.com.arREMOTE_TARGET\/tienda\/casa-de-herrero-corte-de-blancas-2024-750-ml\/"},"modified":"2026-05-06T23:15:45","modified_gmt":"2026-05-06T23:15:45","slug":"casa-de-herrero-corte-de-blancas-2024-750-ml","status":"publish","type":"product","link":"https:\/\/poke.com.ar\/en\/product\/casa-de-herrero-corte-de-blancas-2024-750-ml\/","title":{"rendered":"Casa De Herrero Corte De Blancas 2024 750 ml"},"content":{"rendered":"<p>Vista: Color amarillo p\u00e1lido con delicados reflejos verdosos. Nariz: Muy buena intensidad arom\u00e1tica. Se perciben notas de manzana verde, damasco y durazno blanco, con un sutil perfil floral que recuerda a la madreselva. Boca: Es un vino fresco y equilibrado donde reaparecen las frutas de carozo junto a reminiscencias tropicales de anan\u00e1. Su acidez es vibrante, lo que lo hace muy persistente y f\u00e1cil de beber. Ideal para acompa\u00f1ar sushi, pescados blancos, mariscos y ensaladas frescas, o simplemente para disfrutarlo como un aperitivo vibrante.<\/p>","protected":false},"excerpt":{"rendered":"<p>Casa De Herrero Corte De Blancas 2024 es un blend blanco vibrante y elegante que rinde homenaje al concepto de \u00abvino de pueblo\u00bb. Elaborado por la bodega Cuchillo de Palo en la prestigiosa zona de Vista Flores, Valle de Uco (Mendoza), este vino destaca por su frescura excepcional y su car\u00e1cter mineral. Este \u00abCorte de Blancas\u00bb es una mezcla art\u00edstica de tres cepas cl\u00e1sicas provenientes de vi\u00f1as antiguas (de entre 20 y 30 a\u00f1os) situadas al pie de la Cordillera de los Andes: Chenin Blanc: Aporta estructura y una acidez natural notable. Viognier: Brinda complejidad y untuosidad. Chardonnay: Suma elegancia y notas de fruta blanca.<\/p>","protected":false},"featured_media":2872,"template":"","meta":{"_gspb_post_css":"","_joinchat":[]},"product_brand":[],"product_cat":[144],"product_tag":[],"class_list":{"0":"post-2870","1":"product","2":"type-product","3":"status-publish","4":"has-post-thumbnail","6":"product_cat-bodega-cuchillo-de-palo","8":"first","9":"onbackorder","10":"shipping-taxable","11":"purchasable","12":"product-type-simple"},"supplier_id":506,"supplier_sku":"","barcode":null,"atum_controlled":true,"out_stock_date":null,"out_stock_threshold":null,"inheritable":false,"inbound_stock":null,"stock_on_hold":0,"sold_today":0,"sales_last_days":0,"reserved_stock":null,"customer_returns":null,"warehouse_damage":null,"lost_in_post":null,"other_logs":null,"out_stock_days":0,"lost_sales":0,"has_location":null,"update_date":"2026-05-09T09:14:46","atum_locations":[],"atum_stock_status":"onbackorder","restock_status":false,"low_stock_amount":"","sales_update_date":"2026-05-09T09:14:46","calc_backorders":0,"_links":{"self":[{"href":"https:\/\/poke.com.ar\/en\/wp-json\/wp\/v2\/product\/2870","targetHints":{"allow":["GET"]}}],"collection":[{"href":"https:\/\/poke.com.ar\/en\/wp-json\/wp\/v2\/product"}],"about":[{"href":"https:\/\/poke.com.ar\/en\/wp-json\/wp\/v2\/types\/product"}],"wp:featuredmedia":[{"embeddable":true,"href":"https:\/\/poke.com.ar\/en\/wp-json\/wp\/v2\/media\/2872"}],"wp:attachment":[{"href":"https:\/\/poke.com.ar\/en\/wp-json\/wp\/v2\/media?parent=2870"}],"wp:term":[{"taxonomy":"product_brand","embeddable":true,"href":"https:\/\/poke.com.ar\/en\/wp-json\/wp\/v2\/product_brand?post=2870"},{"taxonomy":"product_cat","embeddable":true,"href":"https:\/\/poke.com.ar\/en\/wp-json\/wp\/v2\/product_cat?post=2870"},{"taxonomy":"product_tag","embeddable":true,"href":"https:\/\/poke.com.ar\/en\/wp-json\/wp\/v2\/product_tag?post=2870"}],"curies":[{"name":"wp","href":"https:\/\/api.w.org\/{rel}","templated":true}]}}