{"id":2858,"date":"2026-05-06T23:14:06","date_gmt":"2026-05-06T23:14:06","guid":{"rendered":"https:\/\/poke.com.arREMOTE_TARGET\/tienda\/caro-cabernet-sauvignon-malbec-2020-750-ml\/"},"modified":"2026-05-06T23:14:06","modified_gmt":"2026-05-06T23:14:06","slug":"caro-cabernet-sauvignon-malbec-2020-750-ml","status":"publish","type":"product","link":"https:\/\/poke.com.ar\/en\/product\/caro-cabernet-sauvignon-malbec-2020-750-ml\/","title":{"rendered":"Caro Cabernet Sauvignon-Malbec 2020 750 ml"},"content":{"rendered":"<p>Vista: Color rub\u00ed intenso y profundo con reflejos granate. Nariz: Compleja y seductora. Despliega capas de frutas negras (ar\u00e1ndanos y moras) entrelazadas con notas de higos secos, s\u00e1ndalo y un sutil toque especiado de pimienta blanca. Boca: En paladar es amplio y equilibrado. Los taninos son firmes pero de una textura sedosa caracter\u00edstica de los grandes vinos de guarda. Presenta una acidez refrescante que realza su elegancia, con un final persistente y mineral. Ideal para acompa\u00f1ar carnes rojas de caza, cordero patag\u00f3nico a las brasas, cortes premium como el Ojo de Bife o quesos maduros y complejos.<\/p>","protected":false},"excerpt":{"rendered":"<p>Caro 2020 es la expresi\u00f3n m\u00e1xima de la alianza entre dos leyendas del vino: la familia Rothschild (Ch\u00e2teau Lafite) y la familia Catena. Este \u00abGrand Vin\u00bb combina la estructura y finura del Cabernet Sauvignon con la vivacidad y redondez del Malbec mendocino, logrando un vino de equilibrio excepcional.<\/p>","protected":false},"featured_media":2860,"template":"","meta":{"_gspb_post_css":"","_joinchat":[]},"product_brand":[],"product_cat":[145],"product_tag":[],"class_list":{"0":"post-2858","1":"product","2":"type-product","3":"status-publish","4":"has-post-thumbnail","6":"product_cat-bodega-caro","8":"first","9":"onbackorder","10":"shipping-taxable","11":"purchasable","12":"product-type-simple"},"supplier_id":506,"supplier_sku":"","barcode":null,"atum_controlled":true,"out_stock_date":null,"out_stock_threshold":null,"inheritable":false,"inbound_stock":null,"stock_on_hold":0,"sold_today":0,"sales_last_days":0,"reserved_stock":null,"customer_returns":null,"warehouse_damage":null,"lost_in_post":null,"other_logs":null,"out_stock_days":0,"lost_sales":0,"has_location":null,"update_date":"2026-05-09T09:14:46","atum_locations":[],"atum_stock_status":"onbackorder","restock_status":false,"low_stock_amount":"","sales_update_date":"2026-05-09T09:14:46","calc_backorders":0,"_links":{"self":[{"href":"https:\/\/poke.com.ar\/en\/wp-json\/wp\/v2\/product\/2858","targetHints":{"allow":["GET"]}}],"collection":[{"href":"https:\/\/poke.com.ar\/en\/wp-json\/wp\/v2\/product"}],"about":[{"href":"https:\/\/poke.com.ar\/en\/wp-json\/wp\/v2\/types\/product"}],"wp:featuredmedia":[{"embeddable":true,"href":"https:\/\/poke.com.ar\/en\/wp-json\/wp\/v2\/media\/2860"}],"wp:attachment":[{"href":"https:\/\/poke.com.ar\/en\/wp-json\/wp\/v2\/media?parent=2858"}],"wp:term":[{"taxonomy":"product_brand","embeddable":true,"href":"https:\/\/poke.com.ar\/en\/wp-json\/wp\/v2\/product_brand?post=2858"},{"taxonomy":"product_cat","embeddable":true,"href":"https:\/\/poke.com.ar\/en\/wp-json\/wp\/v2\/product_cat?post=2858"},{"taxonomy":"product_tag","embeddable":true,"href":"https:\/\/poke.com.ar\/en\/wp-json\/wp\/v2\/product_tag?post=2858"}],"curies":[{"name":"wp","href":"https:\/\/api.w.org\/{rel}","templated":true}]}}