{"id":2846,"date":"2026-05-06T23:12:22","date_gmt":"2026-05-06T23:12:22","guid":{"rendered":"https:\/\/poke.com.arREMOTE_TARGET\/tienda\/cuchillo-de-palo-rose-de-pinot-noir-2025-750-ml\/"},"modified":"2026-05-06T23:12:22","modified_gmt":"2026-05-06T23:12:22","slug":"cuchillo-de-palo-rose-de-pinot-noir-2025-750-ml","status":"publish","type":"product","link":"https:\/\/poke.com.ar\/en\/product\/cuchillo-de-palo-rose-de-pinot-noir-2025-750-ml\/","title":{"rendered":"Cuchillo De Palo Rose De Pinot Noir 2025 750 ml"},"content":{"rendered":"<p>Vista: Presenta un delicado color rosa p\u00e1lido con sutiles reflejos cobrizos o coral. Nariz: Es arom\u00e1tico y complejo. Despliega notas de hierbas mediterr\u00e1neas (tomillo), flores blancas (azahar) y un toque especiado de pimienta rosa, que se entrelazan con frutos rojos frescos como frutilla y un c\u00edtrico refrescante de pomelo rosado. Boca: De perfil seco y acidez equilibrada, se siente ligero y elegante. Su paso por boca es vibrante, dejando un recuerdo largo y frutal que invita a seguir bebiendo.<\/p>","protected":false},"excerpt":{"rendered":"<p>El Cuchillo de Palo Ros\u00e9 de Pinot Noir 2025 es un vino rosado de producci\u00f3n limitada que destaca por su elegancia, frescura y una presentaci\u00f3n distintiva en botella estilo oporto con tap\u00f3n de cristal. Elaborado por el en\u00f3logo Ernesto \u00abNesti\u00bb Bajda en Vista Flores, Valle de Uco, este 100% Pinot Noir captura la esencia mineral y vibrante de uno de los mejores terru\u00f1os de Mendoza.<\/p>","protected":false},"featured_media":2848,"template":"","meta":{"_gspb_post_css":"","_joinchat":[]},"product_brand":[],"product_cat":[144],"product_tag":[],"class_list":{"0":"post-2846","1":"product","2":"type-product","3":"status-publish","4":"has-post-thumbnail","6":"product_cat-bodega-cuchillo-de-palo","8":"first","9":"onbackorder","10":"shipping-taxable","11":"purchasable","12":"product-type-simple"},"supplier_id":506,"supplier_sku":"","barcode":null,"atum_controlled":true,"out_stock_date":null,"out_stock_threshold":null,"inheritable":false,"inbound_stock":null,"stock_on_hold":0,"sold_today":0,"sales_last_days":0,"reserved_stock":null,"customer_returns":null,"warehouse_damage":null,"lost_in_post":null,"other_logs":null,"out_stock_days":0,"lost_sales":0,"has_location":null,"update_date":"2026-05-09T09:14:46","atum_locations":[],"atum_stock_status":"onbackorder","restock_status":false,"low_stock_amount":"","sales_update_date":"2026-05-09T09:14:46","calc_backorders":0,"_links":{"self":[{"href":"https:\/\/poke.com.ar\/en\/wp-json\/wp\/v2\/product\/2846","targetHints":{"allow":["GET"]}}],"collection":[{"href":"https:\/\/poke.com.ar\/en\/wp-json\/wp\/v2\/product"}],"about":[{"href":"https:\/\/poke.com.ar\/en\/wp-json\/wp\/v2\/types\/product"}],"wp:featuredmedia":[{"embeddable":true,"href":"https:\/\/poke.com.ar\/en\/wp-json\/wp\/v2\/media\/2848"}],"wp:attachment":[{"href":"https:\/\/poke.com.ar\/en\/wp-json\/wp\/v2\/media?parent=2846"}],"wp:term":[{"taxonomy":"product_brand","embeddable":true,"href":"https:\/\/poke.com.ar\/en\/wp-json\/wp\/v2\/product_brand?post=2846"},{"taxonomy":"product_cat","embeddable":true,"href":"https:\/\/poke.com.ar\/en\/wp-json\/wp\/v2\/product_cat?post=2846"},{"taxonomy":"product_tag","embeddable":true,"href":"https:\/\/poke.com.ar\/en\/wp-json\/wp\/v2\/product_tag?post=2846"}],"curies":[{"name":"wp","href":"https:\/\/api.w.org\/{rel}","templated":true}]}}