{"id":2839,"date":"2026-05-06T23:11:27","date_gmt":"2026-05-06T23:11:27","guid":{"rendered":"https:\/\/poke.com.arREMOTE_TARGET\/tienda\/imperial-stag-iconic-red-blend-750-ml\/"},"modified":"2026-05-06T23:11:27","modified_gmt":"2026-05-06T23:11:27","slug":"imperial-stag-iconic-red-blend-750-ml","status":"publish","type":"product","link":"https:\/\/poke.com.ar\/en\/product\/imperial-stag-iconic-red-blend-750-ml\/","title":{"rendered":"Imperial Stag Iconic Red Blend 750 ml"},"content":{"rendered":"<p>Perfil Sensorial: Es un vino de color rojo negro profundo y brillante con reflejos viol\u00e1ceos. En nariz, ofrece una experiencia \u00abhipn\u00f3tica\u00bb con notas de frutos negros (grosellas, frambuesas), licor de cassis, especias como clavo y canela, y sutiles toques de chocolate amargo, miel y humo. Crianza y Estructura: Posee una crianza de 12 meses en barricas de roble franc\u00e9s nuevo, lo que le otorga taninos sedosos (\u00absilky\u00bb), un gran cuerpo y un final largo y complejo. Origen y Exclusividad: Elaborado en la zona de Cuadro Benegas, San Rafael, bajo la direcci\u00f3n del en\u00f3logo Fabricio Orlando. Es una partida limitada (aproximadamente 5,500 botellas) que refleja la pasi\u00f3n por la naturaleza y la aventura.<\/p>","protected":false},"excerpt":{"rendered":"<p>El Imperial Stag Iconic Red Blend (750 ml) es el vino tope de gama de la bodega, dise\u00f1ado originalmente por sus fundadores para ser el compa\u00f1ero ideal de la carne de caza y platos intensos. Este ensamblaje de Malbec (55%) y Syrah (45%) proviene de fincas seleccionadas en San Rafael, Mendoza, y destaca por su elegancia y estructura imponente.<\/p>","protected":false},"featured_media":2842,"template":"","meta":{"_gspb_post_css":"","_joinchat":[]},"product_brand":[],"product_cat":[149],"product_tag":[],"class_list":{"0":"post-2839","1":"product","2":"type-product","3":"status-publish","4":"has-post-thumbnail","6":"product_cat-imperial-stag","8":"first","9":"onbackorder","10":"shipping-taxable","11":"purchasable","12":"product-type-simple"},"supplier_id":506,"supplier_sku":"","barcode":null,"atum_controlled":true,"out_stock_date":null,"out_stock_threshold":null,"inheritable":false,"inbound_stock":null,"stock_on_hold":0,"sold_today":0,"sales_last_days":0,"reserved_stock":null,"customer_returns":null,"warehouse_damage":null,"lost_in_post":null,"other_logs":null,"out_stock_days":0,"lost_sales":0,"has_location":null,"update_date":"2026-05-09T09:14:46","atum_locations":[],"atum_stock_status":"onbackorder","restock_status":false,"low_stock_amount":"","sales_update_date":"2026-05-09T09:14:46","calc_backorders":0,"_links":{"self":[{"href":"https:\/\/poke.com.ar\/en\/wp-json\/wp\/v2\/product\/2839","targetHints":{"allow":["GET"]}}],"collection":[{"href":"https:\/\/poke.com.ar\/en\/wp-json\/wp\/v2\/product"}],"about":[{"href":"https:\/\/poke.com.ar\/en\/wp-json\/wp\/v2\/types\/product"}],"wp:featuredmedia":[{"embeddable":true,"href":"https:\/\/poke.com.ar\/en\/wp-json\/wp\/v2\/media\/2842"}],"wp:attachment":[{"href":"https:\/\/poke.com.ar\/en\/wp-json\/wp\/v2\/media?parent=2839"}],"wp:term":[{"taxonomy":"product_brand","embeddable":true,"href":"https:\/\/poke.com.ar\/en\/wp-json\/wp\/v2\/product_brand?post=2839"},{"taxonomy":"product_cat","embeddable":true,"href":"https:\/\/poke.com.ar\/en\/wp-json\/wp\/v2\/product_cat?post=2839"},{"taxonomy":"product_tag","embeddable":true,"href":"https:\/\/poke.com.ar\/en\/wp-json\/wp\/v2\/product_tag?post=2839"}],"curies":[{"name":"wp","href":"https:\/\/api.w.org\/{rel}","templated":true}]}}