{"id":2833,"date":"2026-05-06T23:10:29","date_gmt":"2026-05-06T23:10:29","guid":{"rendered":"https:\/\/poke.com.arREMOTE_TARGET\/tienda\/el-beso-de-judas-estuches-individuales-750-ml\/"},"modified":"2026-05-06T23:10:29","modified_gmt":"2026-05-06T23:10:29","slug":"el-beso-de-judas-estuches-individuales-750-ml","status":"publish","type":"product","link":"https:\/\/poke.com.ar\/en\/product\/el-beso-de-judas-estuches-individuales-750-ml\/","title":{"rendered":"El Beso De Judas (estuches Individuales) 750 ml"},"content":{"rendered":"<p>Vista: Presenta un color rojo viol\u00e1ceo intenso, profundo y brillante, que anticipa su gran cuerpo. Nariz: Una explosi\u00f3n de frutos negros maduros (moras, ciruelas) entrelazados con sutiles notas especiadas, chocolate y un toque de vainilla aportado por su paso por madera. Boca: En paladar es potente pero equilibrado. Sus taninos son firmes y sedosos, ofreciendo un final largo, persistente y lleno de matices que invitan a dar el siguiente sorbo. Es el compa\u00f1ero ideal para platos de gran intensidad, como carnes rojas a la brasa, cordero o carnes de caza. Tambi\u00e9n armoniza a la perfecci\u00f3n con quesos curados, embutidos ib\u00e9ricos y guisos estructurados que logren equilibrar la potencia y el car\u00e1cter sedoso de sus taninos.<\/p>","protected":false},"excerpt":{"rendered":"<p>D\u00e9jate seducir por El Beso de Judas, un vino con una personalidad arrolladora y un car\u00e1cter \u00fanico. Esta edici\u00f3n de 750 ml viene presentada en un elegante estuche individual, convirti\u00e9ndolo en el regalo perfecto para ocasiones especiales o en una pieza destacada para tu cava personal.<\/p>","protected":false},"featured_media":2835,"template":"","meta":{"_gspb_post_css":"","_joinchat":[]},"product_brand":[],"product_cat":[141],"product_tag":[],"class_list":{"0":"post-2833","1":"product","2":"type-product","3":"status-publish","4":"has-post-thumbnail","6":"product_cat-bodega-sottano","8":"first","9":"onbackorder","10":"shipping-taxable","11":"purchasable","12":"product-type-simple"},"supplier_id":506,"supplier_sku":"","barcode":null,"atum_controlled":true,"out_stock_date":null,"out_stock_threshold":null,"inheritable":false,"inbound_stock":null,"stock_on_hold":0,"sold_today":0,"sales_last_days":0,"reserved_stock":null,"customer_returns":null,"warehouse_damage":null,"lost_in_post":null,"other_logs":null,"out_stock_days":0,"lost_sales":0,"has_location":null,"update_date":"2026-05-09T09:14:46","atum_locations":[],"atum_stock_status":"onbackorder","restock_status":false,"low_stock_amount":"","sales_update_date":"2026-05-09T09:14:46","calc_backorders":0,"_links":{"self":[{"href":"https:\/\/poke.com.ar\/en\/wp-json\/wp\/v2\/product\/2833","targetHints":{"allow":["GET"]}}],"collection":[{"href":"https:\/\/poke.com.ar\/en\/wp-json\/wp\/v2\/product"}],"about":[{"href":"https:\/\/poke.com.ar\/en\/wp-json\/wp\/v2\/types\/product"}],"wp:featuredmedia":[{"embeddable":true,"href":"https:\/\/poke.com.ar\/en\/wp-json\/wp\/v2\/media\/2835"}],"wp:attachment":[{"href":"https:\/\/poke.com.ar\/en\/wp-json\/wp\/v2\/media?parent=2833"}],"wp:term":[{"taxonomy":"product_brand","embeddable":true,"href":"https:\/\/poke.com.ar\/en\/wp-json\/wp\/v2\/product_brand?post=2833"},{"taxonomy":"product_cat","embeddable":true,"href":"https:\/\/poke.com.ar\/en\/wp-json\/wp\/v2\/product_cat?post=2833"},{"taxonomy":"product_tag","embeddable":true,"href":"https:\/\/poke.com.ar\/en\/wp-json\/wp\/v2\/product_tag?post=2833"}],"curies":[{"name":"wp","href":"https:\/\/api.w.org\/{rel}","templated":true}]}}