{"id":2824,"date":"2026-05-06T23:09:03","date_gmt":"2026-05-06T23:09:03","guid":{"rendered":"https:\/\/poke.com.arREMOTE_TARGET\/tienda\/los-biblicos-barrabas-cofermentado-750-ml\/"},"modified":"2026-05-06T23:09:03","modified_gmt":"2026-05-06T23:09:03","slug":"los-biblicos-barrabas-cofermentado-750-ml","status":"publish","type":"product","link":"https:\/\/poke.com.ar\/en\/product\/los-biblicos-barrabas-cofermentado-750-ml\/","title":{"rendered":"Los Biblicos Barrabas Cofermentado 750 ml"},"content":{"rendered":"<p>Vista: Color rojo viol\u00e1ceo profundo, intenso y brillante. Nariz: Una explosi\u00f3n de frutas negras maduras (moras, ciruelas) entrelazadas con notas especiadas y un sutil toque floral aportado por la cofermentaci\u00f3n. Boca: Entrada potente y con car\u00e1cter. Sus taninos son firmes pero evolucionados, ofreciendo una estructura robusta y un final largo y persistente que invita a una segunda copa. Ideal para acompa\u00f1ar carnes rojas a la parrilla, guisos de larga cocci\u00f3n, tablas de quesos duros o pastas con salsas intensas.<\/p>","protected":false},"excerpt":{"rendered":"<p>La rebeld\u00eda hecha vino. Barrab\u00e1s es la expresi\u00f3n m\u00e1s audaz de la bodega Los B\u00edblicos. Este tinto no nace de una mezcla posterior, sino de la cofermentaci\u00f3n simult\u00e1nea de uvas seleccionadas, logrando una integraci\u00f3n y una complejidad que desaf\u00edan lo convencional desde el primer segundo en el tanque.<\/p>","protected":false},"featured_media":2826,"template":"","meta":{"_gspb_post_css":"","_joinchat":[]},"product_brand":[],"product_cat":[141],"product_tag":[],"class_list":{"0":"post-2824","1":"product","2":"type-product","3":"status-publish","4":"has-post-thumbnail","6":"product_cat-bodega-sottano","8":"first","9":"onbackorder","10":"shipping-taxable","11":"purchasable","12":"product-type-simple"},"supplier_id":506,"supplier_sku":"","barcode":null,"atum_controlled":true,"out_stock_date":null,"out_stock_threshold":null,"inheritable":false,"inbound_stock":null,"stock_on_hold":0,"sold_today":0,"sales_last_days":0,"reserved_stock":null,"customer_returns":null,"warehouse_damage":null,"lost_in_post":null,"other_logs":null,"out_stock_days":0,"lost_sales":0,"has_location":null,"update_date":"2026-05-09T09:14:46","atum_locations":[],"atum_stock_status":"onbackorder","restock_status":false,"low_stock_amount":"","sales_update_date":"2026-05-09T09:14:46","calc_backorders":0,"_links":{"self":[{"href":"https:\/\/poke.com.ar\/en\/wp-json\/wp\/v2\/product\/2824","targetHints":{"allow":["GET"]}}],"collection":[{"href":"https:\/\/poke.com.ar\/en\/wp-json\/wp\/v2\/product"}],"about":[{"href":"https:\/\/poke.com.ar\/en\/wp-json\/wp\/v2\/types\/product"}],"wp:featuredmedia":[{"embeddable":true,"href":"https:\/\/poke.com.ar\/en\/wp-json\/wp\/v2\/media\/2826"}],"wp:attachment":[{"href":"https:\/\/poke.com.ar\/en\/wp-json\/wp\/v2\/media?parent=2824"}],"wp:term":[{"taxonomy":"product_brand","embeddable":true,"href":"https:\/\/poke.com.ar\/en\/wp-json\/wp\/v2\/product_brand?post=2824"},{"taxonomy":"product_cat","embeddable":true,"href":"https:\/\/poke.com.ar\/en\/wp-json\/wp\/v2\/product_cat?post=2824"},{"taxonomy":"product_tag","embeddable":true,"href":"https:\/\/poke.com.ar\/en\/wp-json\/wp\/v2\/product_tag?post=2824"}],"curies":[{"name":"wp","href":"https:\/\/api.w.org\/{rel}","templated":true}]}}