{"id":2794,"date":"2026-05-06T23:04:10","date_gmt":"2026-05-06T23:04:10","guid":{"rendered":"https:\/\/poke.com.arREMOTE_TARGET\/tienda\/susana-balbo-signature-torrontes-oak-500-ml\/"},"modified":"2026-05-06T23:04:10","modified_gmt":"2026-05-06T23:04:10","slug":"susana-balbo-signature-torrontes-oak-500-ml","status":"publish","type":"product","link":"https:\/\/poke.com.ar\/en\/product\/susana-balbo-signature-torrontes-oak-500-ml\/","title":{"rendered":"Susana Balbo Signature Torrontes Oak 500 ml"},"content":{"rendered":"<p>Vista: Color amarillo p\u00e1lido con reflejos brillantes. Nariz: Una explosi\u00f3n elegante de notas florales (azahar y rosas) combinadas con matices c\u00edtricos de lima y un sutil toque de vainilla y frutos secos aportados por su paso por madera. Boca: Entrada fresca pero con una textura untuosa y vibrante. Su acidez est\u00e1 perfectamente equilibrada por el cuerpo que le da el roble, dejando un final largo, sedoso y muy refinado. Ideal para acompa\u00f1ar platos de la cocina asi\u00e1tica, pescados grasos, mariscos con salsas cremosas o aves especiadas. Tambi\u00e9n es un gran compa\u00f1ero de quesos maduros.<\/p>","protected":false},"excerpt":{"rendered":"<p>Este no es el Torront\u00e9s que conoces. Elaborado por Susana Balbo, la \u00abReina del Torront\u00e9s\u00bb, este vino de la l\u00ednea Signature redefine la cepa emblem\u00e1tica argentina. Al ser fermentado en barricas de roble franc\u00e9s, logra una sofisticaci\u00f3n y una estructura que lo posicionan entre los mejores blancos del mundo.<\/p>","protected":false},"featured_media":2796,"template":"","meta":{"_gspb_post_css":"","_joinchat":[]},"product_brand":[],"product_cat":[148],"product_tag":[],"class_list":{"0":"post-2794","1":"product","2":"type-product","3":"status-publish","4":"has-post-thumbnail","6":"product_cat-bodega-susana-balbo","8":"first","9":"onbackorder","10":"shipping-taxable","11":"purchasable","12":"product-type-simple"},"supplier_id":506,"supplier_sku":"","barcode":null,"atum_controlled":true,"out_stock_date":null,"out_stock_threshold":null,"inheritable":false,"inbound_stock":null,"stock_on_hold":0,"sold_today":0,"sales_last_days":0,"reserved_stock":null,"customer_returns":null,"warehouse_damage":null,"lost_in_post":null,"other_logs":null,"out_stock_days":0,"lost_sales":0,"has_location":null,"update_date":"2026-05-09T09:14:44","atum_locations":[],"atum_stock_status":"onbackorder","restock_status":false,"low_stock_amount":"","sales_update_date":"2026-05-09T09:14:44","calc_backorders":0,"_links":{"self":[{"href":"https:\/\/poke.com.ar\/en\/wp-json\/wp\/v2\/product\/2794","targetHints":{"allow":["GET"]}}],"collection":[{"href":"https:\/\/poke.com.ar\/en\/wp-json\/wp\/v2\/product"}],"about":[{"href":"https:\/\/poke.com.ar\/en\/wp-json\/wp\/v2\/types\/product"}],"wp:featuredmedia":[{"embeddable":true,"href":"https:\/\/poke.com.ar\/en\/wp-json\/wp\/v2\/media\/2796"}],"wp:attachment":[{"href":"https:\/\/poke.com.ar\/en\/wp-json\/wp\/v2\/media?parent=2794"}],"wp:term":[{"taxonomy":"product_brand","embeddable":true,"href":"https:\/\/poke.com.ar\/en\/wp-json\/wp\/v2\/product_brand?post=2794"},{"taxonomy":"product_cat","embeddable":true,"href":"https:\/\/poke.com.ar\/en\/wp-json\/wp\/v2\/product_cat?post=2794"},{"taxonomy":"product_tag","embeddable":true,"href":"https:\/\/poke.com.ar\/en\/wp-json\/wp\/v2\/product_tag?post=2794"}],"curies":[{"name":"wp","href":"https:\/\/api.w.org\/{rel}","templated":true}]}}