{"id":2791,"date":"2026-05-06T23:03:40","date_gmt":"2026-05-06T23:03:40","guid":{"rendered":"https:\/\/poke.com.arREMOTE_TARGET\/tienda\/susana-balbo-signature-malbec-750-ml\/"},"modified":"2026-05-06T23:03:40","modified_gmt":"2026-05-06T23:03:40","slug":"susana-balbo-signature-malbec-750-ml","status":"publish","type":"product","link":"https:\/\/poke.com.ar\/en\/product\/susana-balbo-signature-malbec-750-ml\/","title":{"rendered":"Susana Balbo Signature Malbec 750 ml"},"content":{"rendered":"<p>Vista: Color rojo viol\u00e1ceo profundo y brillante. Nariz: Una explosi\u00f3n de aromas a frutos negros maduros (ar\u00e1ndanos y moras), entremezclados con notas florales de violetas y sutiles toques de vainilla y especias provenientes de su paso por madera. Boca: Es un vino de gran cuerpo pero con taninos sedosos. Presenta una acidez vibrante que le aporta frescura, guiando hacia un final largo, elegante y sumamente persistente. Perfecto para acompa\u00f1ar carnes rojas a la parrilla, cordero especiado, pastas con salsas intensas o quesos de pasta dura.<\/p>","protected":false},"excerpt":{"rendered":"<p>El Susana Balbo Signature Malbec es la m\u00e1xima expresi\u00f3n de lo que un Malbec de altura puede lograr cuando se combina con la visi\u00f3n art\u00edstica de Susana Balbo. Elaborado con uvas seleccionadas de Paraje Altamira (Valle de Uco), este vino es un equilibrio perfecto entre potencia y sofisticaci\u00f3n.<\/p>","protected":false},"featured_media":2793,"template":"","meta":{"_gspb_post_css":"","_joinchat":[]},"product_brand":[],"product_cat":[148],"product_tag":[],"class_list":{"0":"post-2791","1":"product","2":"type-product","3":"status-publish","4":"has-post-thumbnail","6":"product_cat-bodega-susana-balbo","8":"first","9":"onbackorder","10":"shipping-taxable","11":"purchasable","12":"product-type-simple"},"supplier_id":506,"supplier_sku":"","barcode":null,"atum_controlled":true,"out_stock_date":null,"out_stock_threshold":null,"inheritable":false,"inbound_stock":null,"stock_on_hold":0,"sold_today":0,"sales_last_days":0,"reserved_stock":null,"customer_returns":null,"warehouse_damage":null,"lost_in_post":null,"other_logs":null,"out_stock_days":0,"lost_sales":0,"has_location":null,"update_date":"2026-05-09T09:14:45","atum_locations":[],"atum_stock_status":"onbackorder","restock_status":false,"low_stock_amount":"","sales_update_date":"2026-05-09T09:14:45","calc_backorders":0,"_links":{"self":[{"href":"https:\/\/poke.com.ar\/en\/wp-json\/wp\/v2\/product\/2791","targetHints":{"allow":["GET"]}}],"collection":[{"href":"https:\/\/poke.com.ar\/en\/wp-json\/wp\/v2\/product"}],"about":[{"href":"https:\/\/poke.com.ar\/en\/wp-json\/wp\/v2\/types\/product"}],"wp:featuredmedia":[{"embeddable":true,"href":"https:\/\/poke.com.ar\/en\/wp-json\/wp\/v2\/media\/2793"}],"wp:attachment":[{"href":"https:\/\/poke.com.ar\/en\/wp-json\/wp\/v2\/media?parent=2791"}],"wp:term":[{"taxonomy":"product_brand","embeddable":true,"href":"https:\/\/poke.com.ar\/en\/wp-json\/wp\/v2\/product_brand?post=2791"},{"taxonomy":"product_cat","embeddable":true,"href":"https:\/\/poke.com.ar\/en\/wp-json\/wp\/v2\/product_cat?post=2791"},{"taxonomy":"product_tag","embeddable":true,"href":"https:\/\/poke.com.ar\/en\/wp-json\/wp\/v2\/product_tag?post=2791"}],"curies":[{"name":"wp","href":"https:\/\/api.w.org\/{rel}","templated":true}]}}