{"id":2782,"date":"2026-05-06T23:02:17","date_gmt":"2026-05-06T23:02:17","guid":{"rendered":"https:\/\/poke.com.arREMOTE_TARGET\/tienda\/susana-balbo-malbec-blanco-gualtayary-750-ml\/"},"modified":"2026-05-06T23:02:17","modified_gmt":"2026-05-06T23:02:17","slug":"susana-balbo-malbec-blanco-gualtayary-750-ml","status":"publish","type":"product","link":"https:\/\/poke.com.ar\/en\/product\/susana-balbo-malbec-blanco-gualtayary-750-ml\/","title":{"rendered":"Susana Balbo Malbec Blanco Gualtayary 750 ml"},"content":{"rendered":"<p>Vista: Presenta un color amarillo p\u00e1lido con reflejos brillantes y matices verdosos. Nariz (Aromas): Es intensamente arom\u00e1tico y complejo. Predominan las notas de durazno blanco, mel\u00f3n y c\u00e1scara de naranja. Tambi\u00e9n se perciben matices florales, toques de especias finas como la vainilla y un car\u00e1cter mineral distintivo de Gualtallary, con notas de tiza y piedra. Cuerpo y Textura: Tiene una entrada filosa y una textura untuosa, resultado de su fermentaci\u00f3n y crianza en roble franc\u00e9s. Sabor: Se confirman las frutas ex\u00f3ticas (mango, durazno) integradas con notas herbales y especiadas provenientes de la madera. Final: Posee una acidez vibrante que aporta frescura y un final largo, persistente y con una marcada mineralidad salina. Ideal para acompa\u00f1ar pescados blancos, mariscos, comida asi\u00e1tica o carnes blancas con salsas cremosas, gracias a su frescura vibrante y estructura untuosa.<\/p>","protected":false},"excerpt":{"rendered":"<p>Susana Balbo Signature Limited Edition Blanco de Gualtallary (750 ml) es un vino blanco de alta gama, reconocido por su complejidad y elegancia. Aunque el Malbec es la cepa emblema de la bodega, esta edici\u00f3n limitada de Gualtallary destaca espec\u00edficamente por el uso de la uva Torront\u00e9s.<\/p>","protected":false},"featured_media":2784,"template":"","meta":{"_gspb_post_css":"","_joinchat":[]},"product_brand":[],"product_cat":[148],"product_tag":[],"class_list":{"0":"post-2782","1":"product","2":"type-product","3":"status-publish","4":"has-post-thumbnail","6":"product_cat-bodega-susana-balbo","8":"first","9":"onbackorder","10":"shipping-taxable","11":"purchasable","12":"product-type-simple"},"supplier_id":506,"supplier_sku":"","barcode":null,"atum_controlled":true,"out_stock_date":null,"out_stock_threshold":null,"inheritable":false,"inbound_stock":null,"stock_on_hold":0,"sold_today":0,"sales_last_days":0,"reserved_stock":null,"customer_returns":null,"warehouse_damage":null,"lost_in_post":null,"other_logs":null,"out_stock_days":0,"lost_sales":0,"has_location":null,"update_date":"2026-05-09T09:14:45","atum_locations":[],"atum_stock_status":"onbackorder","restock_status":false,"low_stock_amount":"","sales_update_date":"2026-05-09T09:14:45","calc_backorders":0,"_links":{"self":[{"href":"https:\/\/poke.com.ar\/en\/wp-json\/wp\/v2\/product\/2782","targetHints":{"allow":["GET"]}}],"collection":[{"href":"https:\/\/poke.com.ar\/en\/wp-json\/wp\/v2\/product"}],"about":[{"href":"https:\/\/poke.com.ar\/en\/wp-json\/wp\/v2\/types\/product"}],"wp:featuredmedia":[{"embeddable":true,"href":"https:\/\/poke.com.ar\/en\/wp-json\/wp\/v2\/media\/2784"}],"wp:attachment":[{"href":"https:\/\/poke.com.ar\/en\/wp-json\/wp\/v2\/media?parent=2782"}],"wp:term":[{"taxonomy":"product_brand","embeddable":true,"href":"https:\/\/poke.com.ar\/en\/wp-json\/wp\/v2\/product_brand?post=2782"},{"taxonomy":"product_cat","embeddable":true,"href":"https:\/\/poke.com.ar\/en\/wp-json\/wp\/v2\/product_cat?post=2782"},{"taxonomy":"product_tag","embeddable":true,"href":"https:\/\/poke.com.ar\/en\/wp-json\/wp\/v2\/product_tag?post=2782"}],"curies":[{"name":"wp","href":"https:\/\/api.w.org\/{rel}","templated":true}]}}