{"id":2779,"date":"2026-05-06T23:01:50","date_gmt":"2026-05-06T23:01:50","guid":{"rendered":"https:\/\/poke.com.arREMOTE_TARGET\/tienda\/susana-balbo-blanco-de-raiz-limited-edition-750-ml\/"},"modified":"2026-05-06T23:01:50","modified_gmt":"2026-05-06T23:01:50","slug":"susana-balbo-blanco-de-raiz-limited-edition-750-ml","status":"publish","type":"product","link":"https:\/\/poke.com.ar\/en\/product\/susana-balbo-blanco-de-raiz-limited-edition-750-ml\/","title":{"rendered":"Susana Balbo Blanco De Raiz Limited Edition 750 ml"},"content":{"rendered":"<p>Vista: Presenta un color \u00e1mbar o anaranjado brillante con reflejos cobrizos, caracter\u00edstico de su contacto con hollejos. Nariz: Un bouquet complejo donde predominan las notas florales (azahar y rosas) entrelazadas con aromas de durazno blanco, c\u00e1scara de naranja confitada y sutiles toques de especias secas. Boca: En paladar sorprende por su textura y volumen. Es un vino con cuerpo, gran frescura y una tensi\u00f3n mineral marcada. Su final es largo, elegante y ligeramente t\u00e1nico, alej\u00e1ndose del perfil dulce tradicional del varietal. Ideal para acompa\u00f1ar pescados grasos, mollejas crocantes o platos de cocina asi\u00e1tica especiada gracias a su estructura, frescura y textura \u00fanica.<\/p>","protected":false},"excerpt":{"rendered":"<p>El Susana Balbo Blanco de Ra\u00edz es una joya de edici\u00f3n limitada que desaf\u00eda los l\u00edmites de la vitivinicultura tradicional. Elaborado con uvas 100% Torront\u00e9s provenientes de los suelos calc\u00e1reos de Paraje Altamira (Valle de Uco), este ejemplar se distingue por ser un vino naranja de alt\u00edsima gama. Su proceso de creaci\u00f3n es artesanal y preciso: fermentado en \u00e1nforas de terracota con levaduras ind\u00edgenas y en contacto con sus pieles, logra una estructura y complejidad \u00fanicas que representan la m\u00e1xima expresi\u00f3n de la \u00abReina del Torront\u00e9s\u00bb.<\/p>","protected":false},"featured_media":2781,"template":"","meta":{"_gspb_post_css":"","_joinchat":[]},"product_brand":[],"product_cat":[148],"product_tag":[],"class_list":{"0":"post-2779","1":"product","2":"type-product","3":"status-publish","4":"has-post-thumbnail","6":"product_cat-bodega-susana-balbo","8":"first","9":"onbackorder","10":"shipping-taxable","11":"purchasable","12":"product-type-simple"},"supplier_id":506,"supplier_sku":"","barcode":null,"atum_controlled":true,"out_stock_date":null,"out_stock_threshold":null,"inheritable":false,"inbound_stock":null,"stock_on_hold":0,"sold_today":0,"sales_last_days":0,"reserved_stock":null,"customer_returns":null,"warehouse_damage":null,"lost_in_post":null,"other_logs":null,"out_stock_days":0,"lost_sales":0,"has_location":null,"update_date":"2026-05-09T09:14:45","atum_locations":[],"atum_stock_status":"onbackorder","restock_status":false,"low_stock_amount":"","sales_update_date":"2026-05-09T09:14:45","calc_backorders":0,"_links":{"self":[{"href":"https:\/\/poke.com.ar\/en\/wp-json\/wp\/v2\/product\/2779","targetHints":{"allow":["GET"]}}],"collection":[{"href":"https:\/\/poke.com.ar\/en\/wp-json\/wp\/v2\/product"}],"about":[{"href":"https:\/\/poke.com.ar\/en\/wp-json\/wp\/v2\/types\/product"}],"wp:featuredmedia":[{"embeddable":true,"href":"https:\/\/poke.com.ar\/en\/wp-json\/wp\/v2\/media\/2781"}],"wp:attachment":[{"href":"https:\/\/poke.com.ar\/en\/wp-json\/wp\/v2\/media?parent=2779"}],"wp:term":[{"taxonomy":"product_brand","embeddable":true,"href":"https:\/\/poke.com.ar\/en\/wp-json\/wp\/v2\/product_brand?post=2779"},{"taxonomy":"product_cat","embeddable":true,"href":"https:\/\/poke.com.ar\/en\/wp-json\/wp\/v2\/product_cat?post=2779"},{"taxonomy":"product_tag","embeddable":true,"href":"https:\/\/poke.com.ar\/en\/wp-json\/wp\/v2\/product_tag?post=2779"}],"curies":[{"name":"wp","href":"https:\/\/api.w.org\/{rel}","templated":true}]}}