{"id":2762,"date":"2026-05-06T22:59:24","date_gmt":"2026-05-06T22:59:24","guid":{"rendered":"https:\/\/poke.com.arREMOTE_TARGET\/tienda\/casa-de-herrero-pinot-noir-750-ml\/"},"modified":"2026-05-06T22:59:24","modified_gmt":"2026-05-06T22:59:24","slug":"casa-de-herrero-pinot-noir-750-ml","status":"publish","type":"product","link":"https:\/\/poke.com.ar\/en\/product\/casa-de-herrero-pinot-noir-750-ml\/","title":{"rendered":"Casa De Herrero Pinot Noir 750 ml"},"content":{"rendered":"<p>Vista: Presenta un color rojo rub\u00ed brillante con sutiles matices viol\u00e1ceos, t\u00edpicos de su juventud. Nariz: Se destacan aromas intensos a frutas rojas frescas como frutillas, cerezas y grosellas, acompa\u00f1ados de delicadas notas florales y un leve toque de hierbas silvestres. Boca: Es un vino de cuerpo ligero y textura sedosa. Su acidez refrescante y taninos suaves lo hacen jugoso y equilibrado, culminando en un final limpio y amable. Este Pinot Noir es sumamente vers\u00e1til gracias a su frescura y cuerpo ligero, lo que lo convierte en el compa\u00f1ero ideal para pescados, mariscos y sushi. Tambi\u00e9n armoniza a la perfecci\u00f3n con carnes blancas, pastas con salsas suaves, pizzas livianas o una tabla de quesos de pasta blanda, siendo una excelente opci\u00f3n tanto para comidas informales como para un tapeo entre amigos.<\/p>","protected":false},"excerpt":{"rendered":"<p>Casa de Herrero Pinot Noir es un vino tinto joven, vibrante y moderno, elaborado por la bodega Cuchillo de Palo en Vista Flores, Valle de Uco. Es la elecci\u00f3n ideal para quienes buscan la elegancia cl\u00e1sica de esta cepa con un perfil fresco y f\u00e1cil de tomar.<\/p>","protected":false},"featured_media":2764,"template":"","meta":{"_gspb_post_css":"","_joinchat":[]},"product_brand":[],"product_cat":[144],"product_tag":[],"class_list":{"0":"post-2762","1":"product","2":"type-product","3":"status-publish","4":"has-post-thumbnail","6":"product_cat-bodega-cuchillo-de-palo","8":"first","9":"onbackorder","10":"shipping-taxable","11":"purchasable","12":"product-type-simple"},"supplier_id":506,"supplier_sku":"","barcode":null,"atum_controlled":true,"out_stock_date":null,"out_stock_threshold":null,"inheritable":false,"inbound_stock":null,"stock_on_hold":0,"sold_today":0,"sales_last_days":0,"reserved_stock":null,"customer_returns":null,"warehouse_damage":null,"lost_in_post":null,"other_logs":null,"out_stock_days":0,"lost_sales":0,"has_location":null,"update_date":"2026-05-09T09:14:44","atum_locations":[],"atum_stock_status":"onbackorder","restock_status":false,"low_stock_amount":"","sales_update_date":"2026-05-09T09:14:44","calc_backorders":0,"_links":{"self":[{"href":"https:\/\/poke.com.ar\/en\/wp-json\/wp\/v2\/product\/2762","targetHints":{"allow":["GET"]}}],"collection":[{"href":"https:\/\/poke.com.ar\/en\/wp-json\/wp\/v2\/product"}],"about":[{"href":"https:\/\/poke.com.ar\/en\/wp-json\/wp\/v2\/types\/product"}],"wp:featuredmedia":[{"embeddable":true,"href":"https:\/\/poke.com.ar\/en\/wp-json\/wp\/v2\/media\/2764"}],"wp:attachment":[{"href":"https:\/\/poke.com.ar\/en\/wp-json\/wp\/v2\/media?parent=2762"}],"wp:term":[{"taxonomy":"product_brand","embeddable":true,"href":"https:\/\/poke.com.ar\/en\/wp-json\/wp\/v2\/product_brand?post=2762"},{"taxonomy":"product_cat","embeddable":true,"href":"https:\/\/poke.com.ar\/en\/wp-json\/wp\/v2\/product_cat?post=2762"},{"taxonomy":"product_tag","embeddable":true,"href":"https:\/\/poke.com.ar\/en\/wp-json\/wp\/v2\/product_tag?post=2762"}],"curies":[{"name":"wp","href":"https:\/\/api.w.org\/{rel}","templated":true}]}}