{"id":2737,"date":"2026-05-06T22:55:45","date_gmt":"2026-05-06T22:55:45","guid":{"rendered":"https:\/\/poke.com.arREMOTE_TARGET\/tienda\/crystal-head-bones-750-ml\/"},"modified":"2026-05-06T22:55:45","modified_gmt":"2026-05-06T22:55:45","slug":"crystal-head-bones-750-ml","status":"publish","type":"product","link":"https:\/\/poke.com.ar\/en\/product\/crystal-head-bones-750-ml\/","title":{"rendered":"Crystal Head Bones 750 ml"},"content":{"rendered":"<p>Aroma: Notas neutras de grano con un toque delicado de c\u00edtricos, vainilla y especias suaves. Paladar: Textura sedosa y cremosa con una dulzura sutil proveniente del ma\u00edz, acompa\u00f1ada de matices minerales y pimienta blanca. Final: Limpio, seco y c\u00e1lido, sin el ardor fuerte caracter\u00edstico de vodkas de menor calidad.<\/p>","protected":false},"excerpt":{"rendered":"<p>El Crystal Head Vodka Bone Edition (750 ml) es una edici\u00f3n limitada ultra-premium que destaca por su ic\u00f3nica botella en forma de calavera con un acabado blanco mate que imita la apariencia del hueso humano. Este dise\u00f1o, co-creado por el actor Dan Aykroyd y el artista John Alexander, es un s\u00edmbolo de inmortalidad y pureza, muy popular entre coleccionistas.<\/p>","protected":false},"featured_media":2739,"template":"","meta":{"_gspb_post_css":"","_joinchat":[]},"product_brand":[],"product_cat":[137],"product_tag":[],"class_list":{"0":"post-2737","1":"product","2":"type-product","3":"status-publish","4":"has-post-thumbnail","6":"product_cat-vodka","8":"first","9":"onbackorder","10":"shipping-taxable","11":"purchasable","12":"product-type-simple"},"supplier_id":398,"supplier_sku":"","barcode":null,"atum_controlled":true,"out_stock_date":null,"out_stock_threshold":null,"inheritable":false,"inbound_stock":null,"stock_on_hold":0,"sold_today":0,"sales_last_days":0,"reserved_stock":null,"customer_returns":null,"warehouse_damage":null,"lost_in_post":null,"other_logs":null,"out_stock_days":0,"lost_sales":0,"has_location":null,"update_date":"2026-05-09T09:14:45","atum_locations":[],"atum_stock_status":"onbackorder","restock_status":false,"low_stock_amount":"","sales_update_date":"2026-05-09T09:14:45","calc_backorders":0,"_links":{"self":[{"href":"https:\/\/poke.com.ar\/en\/wp-json\/wp\/v2\/product\/2737","targetHints":{"allow":["GET"]}}],"collection":[{"href":"https:\/\/poke.com.ar\/en\/wp-json\/wp\/v2\/product"}],"about":[{"href":"https:\/\/poke.com.ar\/en\/wp-json\/wp\/v2\/types\/product"}],"wp:featuredmedia":[{"embeddable":true,"href":"https:\/\/poke.com.ar\/en\/wp-json\/wp\/v2\/media\/2739"}],"wp:attachment":[{"href":"https:\/\/poke.com.ar\/en\/wp-json\/wp\/v2\/media?parent=2737"}],"wp:term":[{"taxonomy":"product_brand","embeddable":true,"href":"https:\/\/poke.com.ar\/en\/wp-json\/wp\/v2\/product_brand?post=2737"},{"taxonomy":"product_cat","embeddable":true,"href":"https:\/\/poke.com.ar\/en\/wp-json\/wp\/v2\/product_cat?post=2737"},{"taxonomy":"product_tag","embeddable":true,"href":"https:\/\/poke.com.ar\/en\/wp-json\/wp\/v2\/product_tag?post=2737"}],"curies":[{"name":"wp","href":"https:\/\/api.w.org\/{rel}","templated":true}]}}