{"id":2713,"date":"2026-05-06T22:52:03","date_gmt":"2026-05-06T22:52:03","guid":{"rendered":"https:\/\/poke.com.arREMOTE_TARGET\/tienda\/j-w-xr-19-750-ml\/"},"modified":"2026-05-06T22:52:03","modified_gmt":"2026-05-06T22:52:03","slug":"j-w-xr-19-750-ml","status":"publish","type":"product","link":"https:\/\/poke.com.ar\/en\/product\/j-w-xr-19-750-ml\/","title":{"rendered":"J.W. XR 19 750 ml"},"content":{"rendered":"<p>El J.W. XR 19 exhibe un aroma compuesto que combina notas de fruta madura, como pasas y higos, con matices de vainilla y caramelo. En boca, la compleja mezcla de sabores incluye notas de fruta confitada, madera tostada y especias, que evolucionan hacia un final suave y persistente, donde la madera y el az\u00facar se unen en armon\u00eda.<\/p>","protected":false},"excerpt":{"rendered":"<p>En el coraz\u00f3n de Escocia, donde el rigor y la perfecci\u00f3n son la norma, surge J.W. XR, un nuevo est\u00e1ndar en la creaci\u00f3n de whiskies de alta calidad. Inspirado en la tradici\u00f3n y la dedicaci\u00f3n a la perfecci\u00f3n, J.W. XR presenta su versi\u00f3n m\u00e1s exclusiva y refrescante, J.W. XR 19, una mezcla de sabores y texturas que desaf\u00edan la imaginaci\u00f3n. La elegante botella de cristal de 750 ml es un reflejo del contenido exclusivo que alberga, un whisky que combina la complejidad de las notas de vainilla y madera tostada con la suavidad de las notas de frutas y florales, invitando a los sentidos a una experiencia \u00fanica y emocionante.<\/p>","protected":false},"featured_media":2715,"template":"","meta":{"_gspb_post_css":"","_joinchat":[]},"product_brand":[],"product_cat":[134],"product_tag":[],"class_list":{"0":"post-2713","1":"product","2":"type-product","3":"status-publish","4":"has-post-thumbnail","6":"product_cat-blend","8":"first","9":"onbackorder","10":"shipping-taxable","11":"purchasable","12":"product-type-simple"},"supplier_id":398,"supplier_sku":"","barcode":null,"atum_controlled":true,"out_stock_date":null,"out_stock_threshold":null,"inheritable":false,"inbound_stock":null,"stock_on_hold":0,"sold_today":0,"sales_last_days":0,"reserved_stock":null,"customer_returns":null,"warehouse_damage":null,"lost_in_post":null,"other_logs":null,"out_stock_days":0,"lost_sales":0,"has_location":null,"update_date":"2026-05-09T09:14:45","atum_locations":[],"atum_stock_status":"onbackorder","restock_status":false,"low_stock_amount":"","sales_update_date":"2026-05-09T09:14:45","calc_backorders":0,"_links":{"self":[{"href":"https:\/\/poke.com.ar\/en\/wp-json\/wp\/v2\/product\/2713","targetHints":{"allow":["GET"]}}],"collection":[{"href":"https:\/\/poke.com.ar\/en\/wp-json\/wp\/v2\/product"}],"about":[{"href":"https:\/\/poke.com.ar\/en\/wp-json\/wp\/v2\/types\/product"}],"wp:featuredmedia":[{"embeddable":true,"href":"https:\/\/poke.com.ar\/en\/wp-json\/wp\/v2\/media\/2715"}],"wp:attachment":[{"href":"https:\/\/poke.com.ar\/en\/wp-json\/wp\/v2\/media?parent=2713"}],"wp:term":[{"taxonomy":"product_brand","embeddable":true,"href":"https:\/\/poke.com.ar\/en\/wp-json\/wp\/v2\/product_brand?post=2713"},{"taxonomy":"product_cat","embeddable":true,"href":"https:\/\/poke.com.ar\/en\/wp-json\/wp\/v2\/product_cat?post=2713"},{"taxonomy":"product_tag","embeddable":true,"href":"https:\/\/poke.com.ar\/en\/wp-json\/wp\/v2\/product_tag?post=2713"}],"curies":[{"name":"wp","href":"https:\/\/api.w.org\/{rel}","templated":true}]}}