{"id":2707,"date":"2026-05-06T22:51:15","date_gmt":"2026-05-06T22:51:15","guid":{"rendered":"https:\/\/poke.com.arREMOTE_TARGET\/tienda\/crown-royal-vanilla-1-lt\/"},"modified":"2026-05-06T22:51:15","modified_gmt":"2026-05-06T22:51:15","slug":"crown-royal-vanilla-1-lt","status":"publish","type":"product","link":"https:\/\/poke.com.ar\/en\/product\/crown-royal-vanilla-1-lt\/","title":{"rendered":"Crown Royal Vanilla 1 lt"},"content":{"rendered":"<p>El Crown Royal Vanilla presenta un aroma suave y seductor, donde notas de vainilla y especias se fusionan en un delicado equilibrio. En boca, el sabor es suave y cremoso, con un toque de az\u00facar y un ligero picor de especias que se integran de manera arm\u00f3nica. El final es largo y suave, donde la vainilla y la especia se desvanecen lentamente, dejando un sabor persistente y agradable.<\/p>","protected":false},"excerpt":{"rendered":"<p>En la tradici\u00f3n de la marca canadiense Crown Royal, donde la elegancia y la sofisticaci\u00f3n se fusionan con la calidad y la pasi\u00f3n, nace el Crown Royal Vanilla 1 lt. Inspirado en la riqueza de las Islas Brit\u00e1nicas, este delicioso licor ha sido bautizado con el sello de calidad de la casa, que desde 1939 se compromete a ofrecer a sus aficionados una experiencia de disfrute absoluto. El envase, con su apariencia elegante y su dise\u00f1o moderno, es el reflejo perfecto de la riqueza y la complejidad del sabor que contiene.<\/p>","protected":false},"featured_media":2709,"template":"","meta":{"_gspb_post_css":"","_joinchat":[]},"product_brand":[],"product_cat":[134],"product_tag":[],"class_list":{"0":"post-2707","1":"product","2":"type-product","3":"status-publish","4":"has-post-thumbnail","6":"product_cat-blend","8":"first","9":"onbackorder","10":"shipping-taxable","11":"purchasable","12":"product-type-simple"},"supplier_id":398,"supplier_sku":"","barcode":null,"atum_controlled":true,"out_stock_date":null,"out_stock_threshold":null,"inheritable":false,"inbound_stock":null,"stock_on_hold":0,"sold_today":0,"sales_last_days":0,"reserved_stock":null,"customer_returns":null,"warehouse_damage":null,"lost_in_post":null,"other_logs":null,"out_stock_days":0,"lost_sales":0,"has_location":null,"update_date":"2026-05-09T09:14:45","atum_locations":[],"atum_stock_status":"onbackorder","restock_status":false,"low_stock_amount":"","sales_update_date":"2026-05-09T09:14:45","calc_backorders":0,"_links":{"self":[{"href":"https:\/\/poke.com.ar\/en\/wp-json\/wp\/v2\/product\/2707","targetHints":{"allow":["GET"]}}],"collection":[{"href":"https:\/\/poke.com.ar\/en\/wp-json\/wp\/v2\/product"}],"about":[{"href":"https:\/\/poke.com.ar\/en\/wp-json\/wp\/v2\/types\/product"}],"wp:featuredmedia":[{"embeddable":true,"href":"https:\/\/poke.com.ar\/en\/wp-json\/wp\/v2\/media\/2709"}],"wp:attachment":[{"href":"https:\/\/poke.com.ar\/en\/wp-json\/wp\/v2\/media?parent=2707"}],"wp:term":[{"taxonomy":"product_brand","embeddable":true,"href":"https:\/\/poke.com.ar\/en\/wp-json\/wp\/v2\/product_brand?post=2707"},{"taxonomy":"product_cat","embeddable":true,"href":"https:\/\/poke.com.ar\/en\/wp-json\/wp\/v2\/product_cat?post=2707"},{"taxonomy":"product_tag","embeddable":true,"href":"https:\/\/poke.com.ar\/en\/wp-json\/wp\/v2\/product_tag?post=2707"}],"curies":[{"name":"wp","href":"https:\/\/api.w.org\/{rel}","templated":true}]}}