{"id":2691,"date":"2026-05-06T22:49:10","date_gmt":"2026-05-06T22:49:10","guid":{"rendered":"https:\/\/poke.com.arREMOTE_TARGET\/tienda\/cuchillo-de-palo-malbec-2024-750-ml\/"},"modified":"2026-05-06T22:49:10","modified_gmt":"2026-05-06T22:49:10","slug":"cuchillo-de-palo-malbec-2024-750-ml","status":"publish","type":"product","link":"https:\/\/poke.com.ar\/en\/product\/cuchillo-de-palo-malbec-2024-750-ml\/","title":{"rendered":"Cuchillo De Palo Malbec 2024 750 ml"},"content":{"rendered":"<p>El Cuchillo De Palo Malbec 2024 exhibe un aroma intenso y complejo, con notas de fruta madura, como pl\u00e1tano y ciruela, entremezcladas con toques de madera tostada y especias suaves. En boca, el vino presenta un sabor rico y sedoso, con una jugosa fruta roja y una ligera tendencia a la acidez, que se balancea perfectamente con un toque de madera tostada y un final suave y prolongado.<\/p>","protected":false},"excerpt":{"rendered":"<p>En el coraz\u00f3n de Argentina, donde el vino y la pasi\u00f3n se unen, nace Cuchillo De Palo, una joya del vino tinto Malbec que desaf\u00eda la tradici\u00f3n. La variedad m\u00e1s emblem\u00e1tica de la regi\u00f3n, con sus notas de moras, frutas y tierra, se une a la destilaci\u00f3n experta para dar como resultado un vino complejo y equilibrado. La botella, dise\u00f1ada con estilo y elegancia, es el reflejo de la pasi\u00f3n y dedicaci\u00f3n que se pone en cada botella, desde la selecci\u00f3n de uvas hasta el envejecimiento en barricas de roble franc\u00e9s. Cuchillo De Palo Malbec 2024 es un vino que no solo es un refresco, sino un viaje a la Argentina real.<\/p>","protected":false},"featured_media":2693,"template":"","meta":{"_gspb_post_css":"","_joinchat":[]},"product_brand":[],"product_cat":[144],"product_tag":[],"class_list":{"0":"post-2691","1":"product","2":"type-product","3":"status-publish","4":"has-post-thumbnail","6":"product_cat-bodega-cuchillo-de-palo","8":"first","9":"onbackorder","10":"shipping-taxable","11":"purchasable","12":"product-type-simple"},"supplier_id":506,"supplier_sku":"","barcode":null,"atum_controlled":true,"out_stock_date":null,"out_stock_threshold":null,"inheritable":false,"inbound_stock":null,"stock_on_hold":0,"sold_today":0,"sales_last_days":0,"reserved_stock":null,"customer_returns":null,"warehouse_damage":null,"lost_in_post":null,"other_logs":null,"out_stock_days":0,"lost_sales":0,"has_location":null,"update_date":"2026-05-09T09:14:45","atum_locations":[],"atum_stock_status":"onbackorder","restock_status":false,"low_stock_amount":"","sales_update_date":"2026-05-09T09:14:45","calc_backorders":0,"_links":{"self":[{"href":"https:\/\/poke.com.ar\/en\/wp-json\/wp\/v2\/product\/2691","targetHints":{"allow":["GET"]}}],"collection":[{"href":"https:\/\/poke.com.ar\/en\/wp-json\/wp\/v2\/product"}],"about":[{"href":"https:\/\/poke.com.ar\/en\/wp-json\/wp\/v2\/types\/product"}],"wp:featuredmedia":[{"embeddable":true,"href":"https:\/\/poke.com.ar\/en\/wp-json\/wp\/v2\/media\/2693"}],"wp:attachment":[{"href":"https:\/\/poke.com.ar\/en\/wp-json\/wp\/v2\/media?parent=2691"}],"wp:term":[{"taxonomy":"product_brand","embeddable":true,"href":"https:\/\/poke.com.ar\/en\/wp-json\/wp\/v2\/product_brand?post=2691"},{"taxonomy":"product_cat","embeddable":true,"href":"https:\/\/poke.com.ar\/en\/wp-json\/wp\/v2\/product_cat?post=2691"},{"taxonomy":"product_tag","embeddable":true,"href":"https:\/\/poke.com.ar\/en\/wp-json\/wp\/v2\/product_tag?post=2691"}],"curies":[{"name":"wp","href":"https:\/\/api.w.org\/{rel}","templated":true}]}}