{"id":2663,"date":"2026-05-06T22:45:29","date_gmt":"2026-05-06T22:45:29","guid":{"rendered":"https:\/\/poke.com.arREMOTE_TARGET\/tienda\/roku-suntory-700-ml\/"},"modified":"2026-05-06T22:45:29","modified_gmt":"2026-05-06T22:45:29","slug":"roku-suntory-700-ml","status":"publish","type":"product","link":"https:\/\/poke.com.ar\/en\/product\/roku-suntory-700-ml\/","title":{"rendered":"Roku Suntory 700 ml"},"content":{"rendered":"<p>El Roku Suntory exhibe un aroma complejo y seductor, con notas de frutas secas, hierbas y madera tostada que invitan a la degustaci\u00f3n. En boca, su sabor es intenso y equilibrado, con un primer momento de frutas maduras y especias que evoluciona hacia un final de madera y caf\u00e9, dejando un final suave y sedoso.<\/p>","protected":false},"excerpt":{"rendered":"<p>En el coraz\u00f3n de Jap\u00f3n, donde la tradici\u00f3n y la innovaci\u00f3n se fusionan en perfecta armon\u00eda, surge Roku Suntory, un l\u00edquido de alta calidad que combina la sabidur\u00eda de la producci\u00f3n artesanal con la sofisticaci\u00f3n de la tecnolog\u00eda. La mezcla de expertos productores y maestros en el arte de la destilaci\u00f3n dan como resultado un sabor \u00fanico y complejo, que despierta sentidos y emociones. La botella de 700 ml, con su dise\u00f1o moderno y elegante, es el reflejo perfecto de la pasi\u00f3n y dedicaci\u00f3n que se invierte en cada gota de este l\u00edquido. Con Roku Suntory, se celebra la esencia de la cultura japonesa y se brinda la oportunidad de disfrutar de una experiencia de alta calidad, en cualquier momento y lugar.<\/p>","protected":false},"featured_media":2665,"template":"","meta":{"_gspb_post_css":"","_joinchat":[]},"product_brand":[],"product_cat":[129],"product_tag":[],"class_list":{"0":"post-2663","1":"product","2":"type-product","3":"status-publish","4":"has-post-thumbnail","6":"product_cat-gin","8":"first","9":"onbackorder","10":"shipping-taxable","11":"purchasable","12":"product-type-simple"},"supplier_id":398,"supplier_sku":"","barcode":null,"atum_controlled":true,"out_stock_date":null,"out_stock_threshold":null,"inheritable":false,"inbound_stock":null,"stock_on_hold":0,"sold_today":0,"sales_last_days":0,"reserved_stock":null,"customer_returns":null,"warehouse_damage":null,"lost_in_post":null,"other_logs":null,"out_stock_days":0,"lost_sales":0,"has_location":null,"update_date":"2026-05-09T09:14:44","atum_locations":[],"atum_stock_status":"onbackorder","restock_status":false,"low_stock_amount":"","sales_update_date":"2026-05-09T09:14:44","calc_backorders":0,"_links":{"self":[{"href":"https:\/\/poke.com.ar\/en\/wp-json\/wp\/v2\/product\/2663","targetHints":{"allow":["GET"]}}],"collection":[{"href":"https:\/\/poke.com.ar\/en\/wp-json\/wp\/v2\/product"}],"about":[{"href":"https:\/\/poke.com.ar\/en\/wp-json\/wp\/v2\/types\/product"}],"wp:featuredmedia":[{"embeddable":true,"href":"https:\/\/poke.com.ar\/en\/wp-json\/wp\/v2\/media\/2665"}],"wp:attachment":[{"href":"https:\/\/poke.com.ar\/en\/wp-json\/wp\/v2\/media?parent=2663"}],"wp:term":[{"taxonomy":"product_brand","embeddable":true,"href":"https:\/\/poke.com.ar\/en\/wp-json\/wp\/v2\/product_brand?post=2663"},{"taxonomy":"product_cat","embeddable":true,"href":"https:\/\/poke.com.ar\/en\/wp-json\/wp\/v2\/product_cat?post=2663"},{"taxonomy":"product_tag","embeddable":true,"href":"https:\/\/poke.com.ar\/en\/wp-json\/wp\/v2\/product_tag?post=2663"}],"curies":[{"name":"wp","href":"https:\/\/api.w.org\/{rel}","templated":true}]}}