{"id":2629,"date":"2026-05-06T22:41:05","date_gmt":"2026-05-06T22:41:05","guid":{"rendered":"https:\/\/poke.com.arREMOTE_TARGET\/tienda\/balvenie-14-american-bourbon-barrel-750-ml\/"},"modified":"2026-05-06T22:41:05","modified_gmt":"2026-05-06T22:41:05","slug":"balvenie-14-american-bourbon-barrel-750-ml","status":"publish","type":"product","link":"https:\/\/poke.com.ar\/en\/product\/balvenie-14-american-bourbon-barrel-750-ml\/","title":{"rendered":"Balvenie 14 American Bourbon Barrel 750 ml"},"content":{"rendered":"<p>El Balvenie 14 American Bourbon Barrel presenta un aroma complejo y seductor, con notas de madera tostada, vainilla y caramelos, que evocan la sensaci\u00f3n de inhalar el humo de un asador de alta calidad. En boca, la expresi\u00f3n es rica y equilibrada, con sabores de madera, frutas secas y especias, que se complementan perfectamente en un final suave y persistente, donde la vainilla y el caramelo reaparecen para cerrar el ciclo.<\/p>","protected":false},"excerpt":{"rendered":"<p>En el coraz\u00f3n de Escocia, donde la tradici\u00f3n y la innovaci\u00f3n se unen, se encuentra la Balvenie, una marca de whisky que ha sido honrada con la distinci\u00f3n de ser uno de los mejores en su g\u00e9nero. La Balvenie 14 American Bourbon Barrel es un testimonio del empe\u00f1o y la dedicaci\u00f3n de los maestros whiskers de esta noble casa, que han sido capaces de extraer el m\u00e1ximo potencial de los barriles americanos de bourbon para crear un whisky de gran complejidad y sabor. Con sus notas de vainilla, madera y frutas, este whisky es un regalo para los sentidos, un viaje a trav\u00e9s de la historia y la cultura de la Escocia que se convierte en un disfrute absoluto.<\/p>","protected":false},"featured_media":2631,"template":"","meta":{"_gspb_post_css":"","_joinchat":[]},"product_brand":[],"product_cat":[135],"product_tag":[],"class_list":{"0":"post-2629","1":"product","2":"type-product","3":"status-publish","4":"has-post-thumbnail","6":"product_cat-single-malt","8":"first","9":"onbackorder","10":"shipping-taxable","11":"purchasable","12":"product-type-simple"},"supplier_id":398,"supplier_sku":"","barcode":null,"atum_controlled":true,"out_stock_date":null,"out_stock_threshold":null,"inheritable":false,"inbound_stock":null,"stock_on_hold":0,"sold_today":0,"sales_last_days":0,"reserved_stock":null,"customer_returns":null,"warehouse_damage":null,"lost_in_post":null,"other_logs":null,"out_stock_days":0,"lost_sales":0,"has_location":null,"update_date":"2026-05-09T09:14:44","atum_locations":[],"atum_stock_status":"onbackorder","restock_status":false,"low_stock_amount":"","sales_update_date":"2026-05-09T09:14:44","calc_backorders":0,"_links":{"self":[{"href":"https:\/\/poke.com.ar\/en\/wp-json\/wp\/v2\/product\/2629","targetHints":{"allow":["GET"]}}],"collection":[{"href":"https:\/\/poke.com.ar\/en\/wp-json\/wp\/v2\/product"}],"about":[{"href":"https:\/\/poke.com.ar\/en\/wp-json\/wp\/v2\/types\/product"}],"wp:featuredmedia":[{"embeddable":true,"href":"https:\/\/poke.com.ar\/en\/wp-json\/wp\/v2\/media\/2631"}],"wp:attachment":[{"href":"https:\/\/poke.com.ar\/en\/wp-json\/wp\/v2\/media?parent=2629"}],"wp:term":[{"taxonomy":"product_brand","embeddable":true,"href":"https:\/\/poke.com.ar\/en\/wp-json\/wp\/v2\/product_brand?post=2629"},{"taxonomy":"product_cat","embeddable":true,"href":"https:\/\/poke.com.ar\/en\/wp-json\/wp\/v2\/product_cat?post=2629"},{"taxonomy":"product_tag","embeddable":true,"href":"https:\/\/poke.com.ar\/en\/wp-json\/wp\/v2\/product_tag?post=2629"}],"curies":[{"name":"wp","href":"https:\/\/api.w.org\/{rel}","templated":true}]}}