{"id":2608,"date":"2026-05-06T22:38:19","date_gmt":"2026-05-06T22:38:19","guid":{"rendered":"https:\/\/poke.com.arREMOTE_TARGET\/tienda\/the-hakushu-suntory-700-ml\/"},"modified":"2026-05-06T22:38:19","modified_gmt":"2026-05-06T22:38:19","slug":"the-hakushu-suntory-700-ml","status":"publish","type":"product","link":"https:\/\/poke.com.ar\/en\/product\/the-hakushu-suntory-700-ml\/","title":{"rendered":"The Hakushu Suntory 700 ml"},"content":{"rendered":"<p>El Hakushu Suntory es un whisky japon\u00e9s de alta calidad que presenta un perfil de sabor complejo y equilibrado. En nariz, se desprenden notas de madera tostada, vainilla y hierbas secas, mientras que en boca, el sabor es suave y herb\u00e1ceo con toques de frutas secas y un final suave y persistente, donde las notas de madera tostada y vainilla regresan para cerrar el c\u00edrculo.<\/p>","protected":false},"excerpt":{"rendered":"<p>\u00abEn el coraz\u00f3n de la isla de Honshu, en Jap\u00f3n, se encuentra el hogar de The Hakushu Suntory, un whisky de alta calidad que combina la tradici\u00f3n y la innovaci\u00f3n. Creado por el legendario Maestro Whisky Suntory, este producto de prestigio es el resultado de una paciente maduraci\u00f3n en barricas de roble y de haya, lo que le otorga un sabor complejo y arom\u00e1tico. La presentaci\u00f3n en un envase de 700 ml refleja la esencia de la casa Suntory, donde la elegancia y la sofisticaci\u00f3n se unen en perfecta armon\u00eda. Al abrir la botella, se desvela un mundo de sabores y olores que invitan a la relajaci\u00f3n y el disfrute.\u00bb<\/p>","protected":false},"featured_media":2610,"template":"","meta":{"_gspb_post_css":"","_joinchat":[]},"product_brand":[],"product_cat":[136],"product_tag":[],"class_list":{"0":"post-2608","1":"product","2":"type-product","3":"status-publish","4":"has-post-thumbnail","6":"product_cat-orientales","8":"first","9":"onbackorder","10":"shipping-taxable","11":"purchasable","12":"product-type-simple"},"supplier_id":398,"supplier_sku":"","barcode":null,"atum_controlled":true,"out_stock_date":null,"out_stock_threshold":null,"inheritable":false,"inbound_stock":null,"stock_on_hold":0,"sold_today":0,"sales_last_days":0,"reserved_stock":null,"customer_returns":null,"warehouse_damage":null,"lost_in_post":null,"other_logs":null,"out_stock_days":0,"lost_sales":0,"has_location":null,"update_date":"2026-05-09T09:14:44","atum_locations":[],"atum_stock_status":"onbackorder","restock_status":false,"low_stock_amount":"","sales_update_date":"2026-05-09T09:14:44","calc_backorders":0,"_links":{"self":[{"href":"https:\/\/poke.com.ar\/en\/wp-json\/wp\/v2\/product\/2608","targetHints":{"allow":["GET"]}}],"collection":[{"href":"https:\/\/poke.com.ar\/en\/wp-json\/wp\/v2\/product"}],"about":[{"href":"https:\/\/poke.com.ar\/en\/wp-json\/wp\/v2\/types\/product"}],"wp:featuredmedia":[{"embeddable":true,"href":"https:\/\/poke.com.ar\/en\/wp-json\/wp\/v2\/media\/2610"}],"wp:attachment":[{"href":"https:\/\/poke.com.ar\/en\/wp-json\/wp\/v2\/media?parent=2608"}],"wp:term":[{"taxonomy":"product_brand","embeddable":true,"href":"https:\/\/poke.com.ar\/en\/wp-json\/wp\/v2\/product_brand?post=2608"},{"taxonomy":"product_cat","embeddable":true,"href":"https:\/\/poke.com.ar\/en\/wp-json\/wp\/v2\/product_cat?post=2608"},{"taxonomy":"product_tag","embeddable":true,"href":"https:\/\/poke.com.ar\/en\/wp-json\/wp\/v2\/product_tag?post=2608"}],"curies":[{"name":"wp","href":"https:\/\/api.w.org\/{rel}","templated":true}]}}