{"id":2601,"date":"2026-05-06T22:37:31","date_gmt":"2026-05-06T22:37:31","guid":{"rendered":"https:\/\/poke.com.arREMOTE_TARGET\/tienda\/fond-de-cave-chardonnay\/"},"modified":"2026-05-06T22:37:31","modified_gmt":"2026-05-06T22:37:31","slug":"fond-de-cave-chardonnay","status":"publish","type":"product","link":"https:\/\/poke.com.ar\/en\/product\/fond-de-cave-chardonnay\/","title":{"rendered":"Fond De Cave Chardonnay"},"content":{"rendered":"<p>El Fond De Cave Chardonnay despliega un bouquet exquisito, donde aromas de frutas secas como el higo y el membrillo se mezclan con notas florales y ligeras de vainilla. En boca, el vino ofrece un sabor suave y cremoso, con sabores de manzana y pears maduros que se integran con una compleja textura, mientras que el final es seco y persistente, dejando un ligero toque de madera tostada que invita a la pr\u00f3xima cata.<\/p>","protected":false},"excerpt":{"rendered":"<p>En el coraz\u00f3n de Francia, donde el vino es arte y la pasi\u00f3n es vida, se encuentra Fond De Cave, una marca que revive la tradici\u00f3n de los grandes vinos blancos. La Chardonnay, con su aroma seductor y su sabor suave, es la estrella de la colecci\u00f3n. La fusi\u00f3n de la delicadeza y la elegancia en un envase de cristal, invita a disfrutar de un momento de relajaci\u00f3n y refinamiento. \u00a1Un verdadero regalo para los sentidos!<\/p>","protected":false},"featured_media":2604,"template":"","meta":{"_gspb_post_css":"","_joinchat":[]},"product_brand":[],"product_cat":[142],"product_tag":[],"class_list":{"0":"post-2601","1":"product","2":"type-product","3":"status-publish","4":"has-post-thumbnail","6":"product_cat-trapiche","8":"first","9":"onbackorder","10":"shipping-taxable","11":"purchasable","12":"product-type-simple"},"supplier_id":398,"supplier_sku":"","barcode":null,"atum_controlled":true,"out_stock_date":null,"out_stock_threshold":null,"inheritable":false,"inbound_stock":null,"stock_on_hold":0,"sold_today":0,"sales_last_days":0,"reserved_stock":null,"customer_returns":null,"warehouse_damage":null,"lost_in_post":null,"other_logs":null,"out_stock_days":0,"lost_sales":0,"has_location":null,"update_date":"2026-05-09T09:14:44","atum_locations":[],"atum_stock_status":"onbackorder","restock_status":false,"low_stock_amount":"","sales_update_date":"2026-05-09T09:14:44","calc_backorders":0,"_links":{"self":[{"href":"https:\/\/poke.com.ar\/en\/wp-json\/wp\/v2\/product\/2601","targetHints":{"allow":["GET"]}}],"collection":[{"href":"https:\/\/poke.com.ar\/en\/wp-json\/wp\/v2\/product"}],"about":[{"href":"https:\/\/poke.com.ar\/en\/wp-json\/wp\/v2\/types\/product"}],"wp:featuredmedia":[{"embeddable":true,"href":"https:\/\/poke.com.ar\/en\/wp-json\/wp\/v2\/media\/2604"}],"wp:attachment":[{"href":"https:\/\/poke.com.ar\/en\/wp-json\/wp\/v2\/media?parent=2601"}],"wp:term":[{"taxonomy":"product_brand","embeddable":true,"href":"https:\/\/poke.com.ar\/en\/wp-json\/wp\/v2\/product_brand?post=2601"},{"taxonomy":"product_cat","embeddable":true,"href":"https:\/\/poke.com.ar\/en\/wp-json\/wp\/v2\/product_cat?post=2601"},{"taxonomy":"product_tag","embeddable":true,"href":"https:\/\/poke.com.ar\/en\/wp-json\/wp\/v2\/product_tag?post=2601"}],"curies":[{"name":"wp","href":"https:\/\/api.w.org\/{rel}","templated":true}]}}