{"id":2595,"date":"2026-05-06T22:36:44","date_gmt":"2026-05-06T22:36:44","guid":{"rendered":"https:\/\/poke.com.arREMOTE_TARGET\/tienda\/bottega-crema-de-limoncino-500-ml\/"},"modified":"2026-05-06T22:36:44","modified_gmt":"2026-05-06T22:36:44","slug":"bottega-crema-de-limoncino-500-ml","status":"publish","type":"product","link":"https:\/\/poke.com.ar\/en\/product\/bottega-crema-de-limoncino-500-ml\/","title":{"rendered":"Bottega Crema de Limoncino 500 ml"},"content":{"rendered":"<p>Vista: Color blanco cremoso con reflejos amarillo pajizo. Posee una textura densa, homog\u00e9nea y aterciopelada. Nariz: Fragancia intensa y fresca de lim\u00f3n maduro, equilibrada con notas l\u00e1cteas que recuerdan a la crema pastelera o el yogur suave. Boca: Entrada envolvente y muy suave. Destaca el dulzor marcado de la crema de leche en armon\u00eda con el sabor c\u00edtrico del lim\u00f3n.<\/p>","protected":false},"excerpt":{"rendered":"<p>En el coraz\u00f3n de Italia, donde la pasi\u00f3n por la vida es tan intensa como el sabor de sus productos, surge Bottega, una marca dedicada a revivir la tradici\u00f3n de la crema de limoncino. Inspirados en la riqueza de la cultura regional, los expertos en artesanal crearon un delicioso elixir que combina la frescura del lim\u00f3n con la suavidad de la crema. Presentado en un elegante envase de cristal, Bottega Crema de Limoncino es una invitaci\u00f3n a disfrutar del sabor aut\u00e9ntico de Italia en cualquier momento y lugar.<\/p>","protected":false},"featured_media":2597,"template":"","meta":{"_gspb_post_css":"","_joinchat":[]},"product_brand":[],"product_cat":[140],"product_tag":[],"class_list":{"0":"post-2595","1":"product","2":"type-product","3":"status-publish","4":"has-post-thumbnail","6":"product_cat-licor","8":"first","9":"onbackorder","10":"shipping-taxable","11":"purchasable","12":"product-type-simple"},"supplier_id":398,"supplier_sku":"","barcode":null,"atum_controlled":true,"out_stock_date":null,"out_stock_threshold":null,"inheritable":false,"inbound_stock":null,"stock_on_hold":0,"sold_today":0,"sales_last_days":0,"reserved_stock":null,"customer_returns":null,"warehouse_damage":null,"lost_in_post":null,"other_logs":null,"out_stock_days":0,"lost_sales":0,"has_location":null,"update_date":"2026-05-09T09:14:44","atum_locations":[],"atum_stock_status":"onbackorder","restock_status":false,"low_stock_amount":"","sales_update_date":"2026-05-09T09:14:44","calc_backorders":0,"_links":{"self":[{"href":"https:\/\/poke.com.ar\/en\/wp-json\/wp\/v2\/product\/2595","targetHints":{"allow":["GET"]}}],"collection":[{"href":"https:\/\/poke.com.ar\/en\/wp-json\/wp\/v2\/product"}],"about":[{"href":"https:\/\/poke.com.ar\/en\/wp-json\/wp\/v2\/types\/product"}],"wp:featuredmedia":[{"embeddable":true,"href":"https:\/\/poke.com.ar\/en\/wp-json\/wp\/v2\/media\/2597"}],"wp:attachment":[{"href":"https:\/\/poke.com.ar\/en\/wp-json\/wp\/v2\/media?parent=2595"}],"wp:term":[{"taxonomy":"product_brand","embeddable":true,"href":"https:\/\/poke.com.ar\/en\/wp-json\/wp\/v2\/product_brand?post=2595"},{"taxonomy":"product_cat","embeddable":true,"href":"https:\/\/poke.com.ar\/en\/wp-json\/wp\/v2\/product_cat?post=2595"},{"taxonomy":"product_tag","embeddable":true,"href":"https:\/\/poke.com.ar\/en\/wp-json\/wp\/v2\/product_tag?post=2595"}],"curies":[{"name":"wp","href":"https:\/\/api.w.org\/{rel}","templated":true}]}}