{"id":2589,"date":"2026-05-06T22:35:58","date_gmt":"2026-05-06T22:35:58","guid":{"rendered":"https:\/\/poke.com.arREMOTE_TARGET\/tienda\/beefeater-700-ml\/"},"modified":"2026-05-06T22:35:58","modified_gmt":"2026-05-06T22:35:58","slug":"beefeater-700-ml","status":"publish","type":"product","link":"https:\/\/poke.com.ar\/en\/product\/beefeater-700-ml\/","title":{"rendered":"Beefeater 700 ml"},"content":{"rendered":"<p>Presenta un aroma intenso y complejo, con notas de hierbas secas, como tomillo y romero, que se integran con sutileza a la esencia de citrus, especialmente lim\u00f3n y naranja. En boca, el sabor es robusto y equilibrado, con un toque de salinidad y una ligera amargura que se equilibra perfectamente con la dulzura de los vapores de alcohol, dejando un final agridulce y prolongado.<\/p>","protected":false},"excerpt":{"rendered":"<p>El Beefeater London Dry Gin de 700 ml es una ginebra premium de estilo cl\u00e1sico, fabricada en Londres bajo una receta que se mantiene casi inalterada desde el siglo XIX. Se distingue por su perfil de sabor equilibrado y seco, lo que la convierte en una opci\u00f3n est\u00e1ndar para cocteler\u00eda tradicional.<\/p>","protected":false},"featured_media":2591,"template":"","meta":{"_gspb_post_css":"","_joinchat":[]},"product_brand":[],"product_cat":[129],"product_tag":[],"class_list":{"0":"post-2589","1":"product","2":"type-product","3":"status-publish","4":"has-post-thumbnail","6":"product_cat-gin","8":"first","9":"onbackorder","10":"shipping-taxable","11":"purchasable","12":"product-type-simple"},"supplier_id":398,"supplier_sku":"","barcode":null,"atum_controlled":true,"out_stock_date":null,"out_stock_threshold":null,"inheritable":false,"inbound_stock":null,"stock_on_hold":0,"sold_today":0,"sales_last_days":0,"reserved_stock":null,"customer_returns":null,"warehouse_damage":null,"lost_in_post":null,"other_logs":null,"out_stock_days":0,"lost_sales":0,"has_location":null,"update_date":"2026-05-09T09:14:44","atum_locations":[],"atum_stock_status":"onbackorder","restock_status":false,"low_stock_amount":"","sales_update_date":"2026-05-09T09:14:44","calc_backorders":0,"_links":{"self":[{"href":"https:\/\/poke.com.ar\/en\/wp-json\/wp\/v2\/product\/2589","targetHints":{"allow":["GET"]}}],"collection":[{"href":"https:\/\/poke.com.ar\/en\/wp-json\/wp\/v2\/product"}],"about":[{"href":"https:\/\/poke.com.ar\/en\/wp-json\/wp\/v2\/types\/product"}],"wp:featuredmedia":[{"embeddable":true,"href":"https:\/\/poke.com.ar\/en\/wp-json\/wp\/v2\/media\/2591"}],"wp:attachment":[{"href":"https:\/\/poke.com.ar\/en\/wp-json\/wp\/v2\/media?parent=2589"}],"wp:term":[{"taxonomy":"product_brand","embeddable":true,"href":"https:\/\/poke.com.ar\/en\/wp-json\/wp\/v2\/product_brand?post=2589"},{"taxonomy":"product_cat","embeddable":true,"href":"https:\/\/poke.com.ar\/en\/wp-json\/wp\/v2\/product_cat?post=2589"},{"taxonomy":"product_tag","embeddable":true,"href":"https:\/\/poke.com.ar\/en\/wp-json\/wp\/v2\/product_tag?post=2589"}],"curies":[{"name":"wp","href":"https:\/\/api.w.org\/{rel}","templated":true}]}}