{"id":2580,"date":"2026-05-06T22:34:47","date_gmt":"2026-05-06T22:34:47","guid":{"rendered":"https:\/\/poke.com.arREMOTE_TARGET\/tienda\/hendricks-neptunia-700-ml\/"},"modified":"2026-05-06T22:34:47","modified_gmt":"2026-05-06T22:34:47","slug":"hendricks-neptunia-700-ml","status":"publish","type":"product","link":"https:\/\/poke.com.ar\/en\/product\/hendricks-neptunia-700-ml\/","title":{"rendered":"Hendrick&#8217;s Neptunia 700 ml"},"content":{"rendered":"<p>Aroma: Presenta notas intensas de brisa marina y pino, equilibradas con toques florales de rosa, enebro y un fondo c\u00edtrico brillante. Sabor: En el paladar es limpio y n\u00edtido. Se percibe el car\u00e1cter del enebro prolongado por notas terrosas y herb\u00e1ceas de plantas costeras, con un final de c\u00edtricos suaves (como lima) y un ligero toque salino que no llega a ser salado. Final: Se describe como suave, c\u00e1lido, seco y notablemente refrescante gracias a su remate c\u00edtrico.<\/p>","protected":false},"excerpt":{"rendered":"<p>Hendrick\u2019s Neptunia Gin es una edici\u00f3n limitada del \u00abGabinete de Curiosidades\u00bb de la marca, inspirada en la costa escocesa y el aire marino. Mantiene la base caracter\u00edstica de pepino y rosa de Hendrick&#8217;s, pero a\u00f1ade una mezcla de bot\u00e1nicos costeros locales que le otorgan un perfil fresco, salino y c\u00edtrico.<\/p>","protected":false},"featured_media":2582,"template":"","meta":{"_gspb_post_css":"","_joinchat":[]},"product_brand":[],"product_cat":[129],"product_tag":[],"class_list":{"0":"post-2580","1":"product","2":"type-product","3":"status-publish","4":"has-post-thumbnail","6":"product_cat-gin","8":"first","9":"onbackorder","10":"shipping-taxable","11":"purchasable","12":"product-type-simple"},"supplier_id":398,"supplier_sku":"","barcode":null,"atum_controlled":true,"out_stock_date":null,"out_stock_threshold":null,"inheritable":false,"inbound_stock":null,"stock_on_hold":0,"sold_today":0,"sales_last_days":0,"reserved_stock":null,"customer_returns":null,"warehouse_damage":null,"lost_in_post":null,"other_logs":null,"out_stock_days":0,"lost_sales":0,"has_location":null,"update_date":"2026-05-09T09:14:44","atum_locations":[],"atum_stock_status":"onbackorder","restock_status":false,"low_stock_amount":"","sales_update_date":"2026-05-09T09:14:44","calc_backorders":0,"_links":{"self":[{"href":"https:\/\/poke.com.ar\/en\/wp-json\/wp\/v2\/product\/2580","targetHints":{"allow":["GET"]}}],"collection":[{"href":"https:\/\/poke.com.ar\/en\/wp-json\/wp\/v2\/product"}],"about":[{"href":"https:\/\/poke.com.ar\/en\/wp-json\/wp\/v2\/types\/product"}],"wp:featuredmedia":[{"embeddable":true,"href":"https:\/\/poke.com.ar\/en\/wp-json\/wp\/v2\/media\/2582"}],"wp:attachment":[{"href":"https:\/\/poke.com.ar\/en\/wp-json\/wp\/v2\/media?parent=2580"}],"wp:term":[{"taxonomy":"product_brand","embeddable":true,"href":"https:\/\/poke.com.ar\/en\/wp-json\/wp\/v2\/product_brand?post=2580"},{"taxonomy":"product_cat","embeddable":true,"href":"https:\/\/poke.com.ar\/en\/wp-json\/wp\/v2\/product_cat?post=2580"},{"taxonomy":"product_tag","embeddable":true,"href":"https:\/\/poke.com.ar\/en\/wp-json\/wp\/v2\/product_tag?post=2580"}],"curies":[{"name":"wp","href":"https:\/\/api.w.org\/{rel}","templated":true}]}}