{"id":2574,"date":"2026-05-06T22:34:02","date_gmt":"2026-05-06T22:34:02","guid":{"rendered":"https:\/\/poke.com.arREMOTE_TARGET\/tienda\/piattelli-brut-nature-750-ml\/"},"modified":"2026-05-06T22:34:02","modified_gmt":"2026-05-06T22:34:02","slug":"piattelli-brut-nature-750-ml","status":"publish","type":"product","link":"https:\/\/poke.com.ar\/en\/product\/piattelli-brut-nature-750-ml\/","title":{"rendered":"Piattelli Brut Nature 750 ml"},"content":{"rendered":"<p>Se presenta con un hermoso color amarillo p\u00e1lido, brillante y cristalino, adornado con finas y persistentes burbujas que ascienden con gracia, como luci\u00e9rnagas en la noche del bosque. Se aprecian aromas frescos y delicados. Podr\u00e1s sentir notas c\u00edtricas, como lim\u00f3n y pomelo, mezcladas con toques de manzana verde y pera. A veces, tambi\u00e9n se asoman sutiles aromas a pan tostado o levadura, que le dan una complejidad muy agradable. En boca, es sumamente refrescante y seco, tal como promete su \u00abBrut Nature\u00bb. La acidez es vibrante y equilibrada, haciendo que cada sorbo sea vivaz. Sabores a frutas blancas y c\u00edtricos se despliegan, dejando un final limpio y persistente que te invita a dar otro sorbo. Maridaje sugerido por P\u00f3ke Combina de maravilla con ostras frescas, ceviches, sushi o pescados blancos a la plancha. La acidez del espumoso corta la grasa y realza los sabores del mar.<\/p>","protected":false},"excerpt":{"rendered":"<p>Este Brut Nature es una joya espumosa de la reconocida bodega Piattelli, ideal para aquellos que aprecian la pureza y la elegancia en cada burbuja. Un Brut Nature significa que es muy seco, casi sin az\u00facar residual, lo que lo convierte en una bebida vibrante y refrescante. Es perfecto para esos momentos en los que quieres celebrar algo grande o simplemente disfrutar de un trago sofisticado y vivaz. \u00a1Cada copa es un peque\u00f1o festival de frescura!<\/p>","protected":false},"featured_media":2576,"template":"","meta":{"_gspb_post_css":"","_joinchat":[]},"product_brand":[],"product_cat":[130],"product_tag":[],"class_list":{"0":"post-2574","1":"product","2":"type-product","3":"status-publish","4":"has-post-thumbnail","6":"product_cat-espumante","8":"first","9":"onbackorder","10":"shipping-taxable","11":"purchasable","12":"product-type-simple"},"supplier_id":398,"supplier_sku":"","barcode":null,"atum_controlled":true,"out_stock_date":null,"out_stock_threshold":null,"inheritable":false,"inbound_stock":null,"stock_on_hold":0,"sold_today":0,"sales_last_days":0,"reserved_stock":null,"customer_returns":null,"warehouse_damage":null,"lost_in_post":null,"other_logs":null,"out_stock_days":0,"lost_sales":0,"has_location":null,"update_date":"2026-05-09T09:14:44","atum_locations":[],"atum_stock_status":"onbackorder","restock_status":false,"low_stock_amount":"","sales_update_date":"2026-05-09T09:14:44","calc_backorders":0,"_links":{"self":[{"href":"https:\/\/poke.com.ar\/en\/wp-json\/wp\/v2\/product\/2574","targetHints":{"allow":["GET"]}}],"collection":[{"href":"https:\/\/poke.com.ar\/en\/wp-json\/wp\/v2\/product"}],"about":[{"href":"https:\/\/poke.com.ar\/en\/wp-json\/wp\/v2\/types\/product"}],"wp:featuredmedia":[{"embeddable":true,"href":"https:\/\/poke.com.ar\/en\/wp-json\/wp\/v2\/media\/2576"}],"wp:attachment":[{"href":"https:\/\/poke.com.ar\/en\/wp-json\/wp\/v2\/media?parent=2574"}],"wp:term":[{"taxonomy":"product_brand","embeddable":true,"href":"https:\/\/poke.com.ar\/en\/wp-json\/wp\/v2\/product_brand?post=2574"},{"taxonomy":"product_cat","embeddable":true,"href":"https:\/\/poke.com.ar\/en\/wp-json\/wp\/v2\/product_cat?post=2574"},{"taxonomy":"product_tag","embeddable":true,"href":"https:\/\/poke.com.ar\/en\/wp-json\/wp\/v2\/product_tag?post=2574"}],"curies":[{"name":"wp","href":"https:\/\/api.w.org\/{rel}","templated":true}]}}