{"id":2568,"date":"2026-05-06T22:33:15","date_gmt":"2026-05-06T22:33:15","guid":{"rendered":"https:\/\/poke.com.arREMOTE_TARGET\/tienda\/angelica-zapata-merlot\/"},"modified":"2026-05-06T22:33:15","modified_gmt":"2026-05-06T22:33:15","slug":"angelica-zapata-merlot","status":"publish","type":"product","link":"https:\/\/poke.com.ar\/en\/product\/angelica-zapata-merlot\/","title":{"rendered":"Angelica Zapata Merlot"},"content":{"rendered":"<p>Es un vino elegante y complejo de color rojo viol\u00e1ceo con destellos rub\u00edes, de nariz delicada, donde sobresalen aromas que recuerdan a de frutos rojos del bosque y notas suaves de especias como pimienta negra y clavo de olor, aportados por las uvas del vi\u00f1edo La Pir\u00e1mide, y aromas a frutos rojos y negros maduros como cassis y grosellas aportados por las uvas de Adrianna. El paso por roble aporta notas suaves de especias y vainilla. En boca de impacto dulce y cuerpo medio, muy equilibrado con la acidez, se perciben taninos muy suaves y redondos que ofrecen un final longevo y agradable.<\/p>","protected":false},"excerpt":{"rendered":"<p>El vino Ang\u00e9lica Zapata Merlot, de la bodega Catena Zapata, es un tinto elegante y complejo, conocido por su car\u00e1cter afrutado, especiado y sus taninos suaves. Se elabora con uvas 100% Merlot, provenientes de vi\u00f1edos de gran altura ubicados en la provincia argentina de Mendoza.<\/p>","protected":false},"featured_media":2570,"template":"","meta":{"_gspb_post_css":"","_joinchat":[]},"product_brand":[],"product_cat":[118],"product_tag":[],"class_list":{"0":"post-2568","1":"product","2":"type-product","3":"status-publish","4":"has-post-thumbnail","6":"product_cat-catena-zapata","8":"first","9":"onbackorder","10":"shipping-taxable","11":"purchasable","12":"product-type-simple"},"supplier_id":398,"supplier_sku":"","barcode":null,"atum_controlled":true,"out_stock_date":null,"out_stock_threshold":null,"inheritable":false,"inbound_stock":null,"stock_on_hold":0,"sold_today":0,"sales_last_days":0,"reserved_stock":null,"customer_returns":null,"warehouse_damage":null,"lost_in_post":null,"other_logs":null,"out_stock_days":0,"lost_sales":0,"has_location":null,"update_date":"2026-05-09T09:14:44","atum_locations":[],"atum_stock_status":"onbackorder","restock_status":false,"low_stock_amount":"","sales_update_date":"2026-05-09T09:14:44","calc_backorders":0,"_links":{"self":[{"href":"https:\/\/poke.com.ar\/en\/wp-json\/wp\/v2\/product\/2568","targetHints":{"allow":["GET"]}}],"collection":[{"href":"https:\/\/poke.com.ar\/en\/wp-json\/wp\/v2\/product"}],"about":[{"href":"https:\/\/poke.com.ar\/en\/wp-json\/wp\/v2\/types\/product"}],"wp:featuredmedia":[{"embeddable":true,"href":"https:\/\/poke.com.ar\/en\/wp-json\/wp\/v2\/media\/2570"}],"wp:attachment":[{"href":"https:\/\/poke.com.ar\/en\/wp-json\/wp\/v2\/media?parent=2568"}],"wp:term":[{"taxonomy":"product_brand","embeddable":true,"href":"https:\/\/poke.com.ar\/en\/wp-json\/wp\/v2\/product_brand?post=2568"},{"taxonomy":"product_cat","embeddable":true,"href":"https:\/\/poke.com.ar\/en\/wp-json\/wp\/v2\/product_cat?post=2568"},{"taxonomy":"product_tag","embeddable":true,"href":"https:\/\/poke.com.ar\/en\/wp-json\/wp\/v2\/product_tag?post=2568"}],"curies":[{"name":"wp","href":"https:\/\/api.w.org\/{rel}","templated":true}]}}