{"id":2565,"date":"2026-05-06T22:32:50","date_gmt":"2026-05-06T22:32:50","guid":{"rendered":"https:\/\/poke.com.arREMOTE_TARGET\/tienda\/the-kurayoshi-pure-malt-sherry-cask-700-ml\/"},"modified":"2026-05-06T22:32:50","modified_gmt":"2026-05-06T22:32:50","slug":"the-kurayoshi-pure-malt-sherry-cask-700-ml","status":"publish","type":"product","link":"https:\/\/poke.com.ar\/en\/product\/the-kurayoshi-pure-malt-sherry-cask-700-ml\/","title":{"rendered":"The Kurayoshi Pure Malt Sherry Cask 700 ml"},"content":{"rendered":"<p>Color: \u00c1mbar con tonos rojizos. Nariz: Aromas a jerez ligero, malta joven y hierba reci\u00e9n cortada. Tambi\u00e9n se perciben notas de frutas maduras y chocolate. Boca: Sabores de hierba de lim\u00f3n, malta fresca y pan tostado. Ofrece un equilibrio entre dulzor y acidez, con toques de c\u00edtricos con un final persistente, con matices agridulces y frutales.<\/p>","protected":false},"excerpt":{"rendered":"<p>The Kurayoshi Pure Malt Sherry Cask es un whisky japon\u00e9s con un perfil de sabor m\u00e1s dulce y afrutado, que se distingue por su maduraci\u00f3n final en barricas de jerez. Este whisky es una mezcla de maltas japonesas y de origen escoc\u00e9s. Utiliza agua pura de manantial de la regi\u00f3n de Tottori, lo que le confiere un cuerpo ligero.Originalmente madurado en barricas de roble blanco ex-bourbon.<\/p>","protected":false},"featured_media":2567,"template":"","meta":{"_gspb_post_css":"","_joinchat":[]},"product_brand":[],"product_cat":[136],"product_tag":[],"class_list":{"0":"post-2565","1":"product","2":"type-product","3":"status-publish","4":"has-post-thumbnail","6":"product_cat-orientales","8":"first","9":"onbackorder","10":"shipping-taxable","11":"purchasable","12":"product-type-simple"},"supplier_id":398,"supplier_sku":"","barcode":null,"atum_controlled":true,"out_stock_date":null,"out_stock_threshold":null,"inheritable":false,"inbound_stock":null,"stock_on_hold":0,"sold_today":0,"sales_last_days":0,"reserved_stock":null,"customer_returns":null,"warehouse_damage":null,"lost_in_post":null,"other_logs":null,"out_stock_days":0,"lost_sales":0,"has_location":null,"update_date":"2026-05-09T09:14:44","atum_locations":[],"atum_stock_status":"onbackorder","restock_status":false,"low_stock_amount":"","sales_update_date":"2026-05-09T09:14:44","calc_backorders":0,"_links":{"self":[{"href":"https:\/\/poke.com.ar\/en\/wp-json\/wp\/v2\/product\/2565","targetHints":{"allow":["GET"]}}],"collection":[{"href":"https:\/\/poke.com.ar\/en\/wp-json\/wp\/v2\/product"}],"about":[{"href":"https:\/\/poke.com.ar\/en\/wp-json\/wp\/v2\/types\/product"}],"wp:featuredmedia":[{"embeddable":true,"href":"https:\/\/poke.com.ar\/en\/wp-json\/wp\/v2\/media\/2567"}],"wp:attachment":[{"href":"https:\/\/poke.com.ar\/en\/wp-json\/wp\/v2\/media?parent=2565"}],"wp:term":[{"taxonomy":"product_brand","embeddable":true,"href":"https:\/\/poke.com.ar\/en\/wp-json\/wp\/v2\/product_brand?post=2565"},{"taxonomy":"product_cat","embeddable":true,"href":"https:\/\/poke.com.ar\/en\/wp-json\/wp\/v2\/product_cat?post=2565"},{"taxonomy":"product_tag","embeddable":true,"href":"https:\/\/poke.com.ar\/en\/wp-json\/wp\/v2\/product_tag?post=2565"}],"curies":[{"name":"wp","href":"https:\/\/api.w.org\/{rel}","templated":true}]}}