{"id":2556,"date":"2026-05-06T22:31:37","date_gmt":"2026-05-06T22:31:37","guid":{"rendered":"https:\/\/poke.com.arREMOTE_TARGET\/tienda\/the-kurayoshi-pure-malt-matsui-700-ml\/"},"modified":"2026-05-06T22:31:37","modified_gmt":"2026-05-06T22:31:37","slug":"the-kurayoshi-pure-malt-matsui-700-ml","status":"publish","type":"product","link":"https:\/\/poke.com.ar\/en\/product\/the-kurayoshi-pure-malt-matsui-700-ml\/","title":{"rendered":"The Kurayoshi Pure Malt Matsui 700 ml"},"content":{"rendered":"<p>El Kurayoshi Pure Malt Matsui ofrece un whisky japon\u00e9s de pura malta rico y complejo.Espere notas de frutos rojos, melocot\u00f3n y un toque de roble Mizunara, complementados con una dulzura cremosa y un final largo y c\u00e1lido.Es un single malt sofisticado y sabroso, perfecto para saborear.<\/p>","protected":false},"excerpt":{"rendered":"<p>El Kurayoshi Pure Malt Matsui es un distinguido whisky japon\u00e9s de pura malta procedente de la destiler\u00eda Matsui Shuzo.Esta expresi\u00f3n es conocida por su car\u00e1cter rico y complejo, que se logra mediante la maduraci\u00f3n en una variedad de barricas, incluidas barricas de vino de roble franc\u00e9s, barricas de jerez de roble espa\u00f1ol y barricas de mizunara (roble japon\u00e9s).Kurayoshi Pure Malt Matsui ofrece notas destacadas de frutos rojos, melocot\u00f3n y un toque de roble Mizunara, lo que lo hace excepcionalmente suave y vers\u00e1til.Es uno de los favoritos entre los entusiastas del whisky, ideal para beber solo o en c\u00f3cteles, y es celebrado en todo el mundo por su calidad superior y su car\u00e1cter sofisticado.<\/p>","protected":false},"featured_media":2558,"template":"","meta":{"_gspb_post_css":"","_joinchat":[]},"product_brand":[],"product_cat":[136],"product_tag":[],"class_list":{"0":"post-2556","1":"product","2":"type-product","3":"status-publish","4":"has-post-thumbnail","6":"product_cat-orientales","8":"first","9":"onbackorder","10":"shipping-taxable","11":"purchasable","12":"product-type-simple"},"supplier_id":398,"supplier_sku":"","barcode":null,"atum_controlled":true,"out_stock_date":null,"out_stock_threshold":null,"inheritable":false,"inbound_stock":null,"stock_on_hold":0,"sold_today":0,"sales_last_days":0,"reserved_stock":null,"customer_returns":null,"warehouse_damage":null,"lost_in_post":null,"other_logs":null,"out_stock_days":0,"lost_sales":0,"has_location":null,"update_date":"2026-05-09T09:14:44","atum_locations":[],"atum_stock_status":"onbackorder","restock_status":false,"low_stock_amount":"","sales_update_date":"2026-05-09T09:14:44","calc_backorders":0,"_links":{"self":[{"href":"https:\/\/poke.com.ar\/en\/wp-json\/wp\/v2\/product\/2556","targetHints":{"allow":["GET"]}}],"collection":[{"href":"https:\/\/poke.com.ar\/en\/wp-json\/wp\/v2\/product"}],"about":[{"href":"https:\/\/poke.com.ar\/en\/wp-json\/wp\/v2\/types\/product"}],"wp:featuredmedia":[{"embeddable":true,"href":"https:\/\/poke.com.ar\/en\/wp-json\/wp\/v2\/media\/2558"}],"wp:attachment":[{"href":"https:\/\/poke.com.ar\/en\/wp-json\/wp\/v2\/media?parent=2556"}],"wp:term":[{"taxonomy":"product_brand","embeddable":true,"href":"https:\/\/poke.com.ar\/en\/wp-json\/wp\/v2\/product_brand?post=2556"},{"taxonomy":"product_cat","embeddable":true,"href":"https:\/\/poke.com.ar\/en\/wp-json\/wp\/v2\/product_cat?post=2556"},{"taxonomy":"product_tag","embeddable":true,"href":"https:\/\/poke.com.ar\/en\/wp-json\/wp\/v2\/product_tag?post=2556"}],"curies":[{"name":"wp","href":"https:\/\/api.w.org\/{rel}","templated":true}]}}