{"id":2510,"date":"2026-05-06T22:25:36","date_gmt":"2026-05-06T22:25:36","guid":{"rendered":"https:\/\/poke.com.arREMOTE_TARGET\/tienda\/don-julio-1942-anejo-750-ml\/"},"modified":"2026-05-06T22:25:36","modified_gmt":"2026-05-06T22:25:36","slug":"don-julio-1942-anejo-750-ml","status":"publish","type":"product","link":"https:\/\/poke.com.ar\/en\/product\/don-julio-1942-anejo-750-ml\/","title":{"rendered":"Don Julio 1942 A\u00f1ejo 750 ml"},"content":{"rendered":"<p>Don Julio 1942 A\u00f1ejo Tequila ofrece un perfil de sabor rico y complejo.Espere notas de vainilla, caramelo y un toque especiado, complementadas con una dulzura cremosa y un toque de roble.En boca es suave y meloso, con una textura con mucho cuerpo y un final largo y c\u00e1lido que muestra su profundidad y equilibrio.Es un tequila sofisticado y sabroso, perfecto para saborear.<\/p>","protected":false},"excerpt":{"rendered":"<p>Don Julio 1942 A\u00f1ejo Tequila es un tequila mexicano s\u00faper premium, conocido por su car\u00e1cter rico y complejo.Est\u00e1 elaborado 100% con agave Weber azul, envejecido en barricas de roble blanco americano durante un m\u00ednimo de 2,5 a\u00f1os, lo que le confiere un car\u00e1cter suave y meloso al tequila.Don Julio 1942 A\u00f1ejo es un licor vers\u00e1til, perfecto para mezclar en c\u00f3cteles o disfrutar solo, y es celebrado mundialmente por su calidad superior y car\u00e1cter sofisticado.<\/p>","protected":false},"featured_media":2512,"template":"","meta":{"_gspb_post_css":"","_joinchat":[]},"product_brand":[],"product_cat":[139],"product_tag":[],"class_list":{"0":"post-2510","1":"product","2":"type-product","3":"status-publish","4":"has-post-thumbnail","6":"product_cat-tequila","8":"first","9":"onbackorder","10":"shipping-taxable","11":"purchasable","12":"product-type-simple"},"supplier_id":398,"supplier_sku":"","barcode":null,"atum_controlled":true,"out_stock_date":null,"out_stock_threshold":null,"inheritable":false,"inbound_stock":null,"stock_on_hold":0,"sold_today":0,"sales_last_days":0,"reserved_stock":null,"customer_returns":null,"warehouse_damage":null,"lost_in_post":null,"other_logs":null,"out_stock_days":0,"lost_sales":0,"has_location":null,"update_date":"2026-05-09T09:14:45","atum_locations":[],"atum_stock_status":"onbackorder","restock_status":false,"low_stock_amount":"","sales_update_date":"2026-05-09T09:14:45","calc_backorders":0,"_links":{"self":[{"href":"https:\/\/poke.com.ar\/en\/wp-json\/wp\/v2\/product\/2510","targetHints":{"allow":["GET"]}}],"collection":[{"href":"https:\/\/poke.com.ar\/en\/wp-json\/wp\/v2\/product"}],"about":[{"href":"https:\/\/poke.com.ar\/en\/wp-json\/wp\/v2\/types\/product"}],"wp:featuredmedia":[{"embeddable":true,"href":"https:\/\/poke.com.ar\/en\/wp-json\/wp\/v2\/media\/2512"}],"wp:attachment":[{"href":"https:\/\/poke.com.ar\/en\/wp-json\/wp\/v2\/media?parent=2510"}],"wp:term":[{"taxonomy":"product_brand","embeddable":true,"href":"https:\/\/poke.com.ar\/en\/wp-json\/wp\/v2\/product_brand?post=2510"},{"taxonomy":"product_cat","embeddable":true,"href":"https:\/\/poke.com.ar\/en\/wp-json\/wp\/v2\/product_cat?post=2510"},{"taxonomy":"product_tag","embeddable":true,"href":"https:\/\/poke.com.ar\/en\/wp-json\/wp\/v2\/product_tag?post=2510"}],"curies":[{"name":"wp","href":"https:\/\/api.w.org\/{rel}","templated":true}]}}