{"id":2468,"date":"2026-05-06T22:20:09","date_gmt":"2026-05-06T22:20:09","guid":{"rendered":"https:\/\/poke.com.arREMOTE_TARGET\/tienda\/balvenie-19-the-week-of-peat-700-ml\/"},"modified":"2026-05-06T22:20:09","modified_gmt":"2026-05-06T22:20:09","slug":"balvenie-19-the-week-of-peat-700-ml","status":"publish","type":"product","link":"https:\/\/poke.com.ar\/en\/product\/balvenie-19-the-week-of-peat-700-ml\/","title":{"rendered":"Balvenie 19 The Week Of Peat 700 ml"},"content":{"rendered":"<p>Balvenie 19 a\u00f1os The Week Of Peat ofrece una experiencia de whisky escoc\u00e9s de pura malta rica y ahumada.Espere notas de humo de turba, miel de brezo y un toque c\u00edtrico, complementados con una dulzura cremosa y un toque de roble.En boca es suave y meloso, con una textura con mucho cuerpo y un final largo y c\u00e1lido que muestra su profundidad y equilibrio.Es un single malt sofisticado y sabroso, perfecto para saborear.<\/p>","protected":false},"excerpt":{"rendered":"<p>Balvenie 19 a\u00f1os The Week Of Peat es un distinguido whisky escoc\u00e9s de pura malta de The Balvenie Distillery, parte de la gama The Balvenie Stories.Esta expresi\u00f3n es conocida por su perfil de sabor rico y ahumado, que es el resultado del uso de cebada turbada durante una semana al a\u00f1o.Ofrece notas de humo de turba, miel de brezo, c\u00edtricos, dulzura cremosa y un toque especiado.Balvenie 19 a\u00f1os The Week Of Peat es un testimonio del compromiso de The Balvenie con la artesan\u00eda, al ofrecer un single malt sabroso y con mucho cuerpo que es muy apreciado por los entusiastas del whisky.<\/p>","protected":false},"featured_media":2470,"template":"","meta":{"_gspb_post_css":"","_joinchat":[]},"product_brand":[],"product_cat":[135],"product_tag":[],"class_list":{"0":"post-2468","1":"product","2":"type-product","3":"status-publish","4":"has-post-thumbnail","6":"product_cat-single-malt","8":"first","9":"onbackorder","10":"shipping-taxable","11":"purchasable","12":"product-type-simple"},"supplier_id":398,"supplier_sku":"","barcode":null,"atum_controlled":true,"out_stock_date":null,"out_stock_threshold":null,"inheritable":false,"inbound_stock":null,"stock_on_hold":0,"sold_today":0,"sales_last_days":0,"reserved_stock":null,"customer_returns":null,"warehouse_damage":null,"lost_in_post":null,"other_logs":null,"out_stock_days":0,"lost_sales":0,"has_location":null,"update_date":"2026-05-09T09:14:45","atum_locations":[],"atum_stock_status":"onbackorder","restock_status":false,"low_stock_amount":"","sales_update_date":"2026-05-09T09:14:45","calc_backorders":0,"_links":{"self":[{"href":"https:\/\/poke.com.ar\/en\/wp-json\/wp\/v2\/product\/2468","targetHints":{"allow":["GET"]}}],"collection":[{"href":"https:\/\/poke.com.ar\/en\/wp-json\/wp\/v2\/product"}],"about":[{"href":"https:\/\/poke.com.ar\/en\/wp-json\/wp\/v2\/types\/product"}],"wp:featuredmedia":[{"embeddable":true,"href":"https:\/\/poke.com.ar\/en\/wp-json\/wp\/v2\/media\/2470"}],"wp:attachment":[{"href":"https:\/\/poke.com.ar\/en\/wp-json\/wp\/v2\/media?parent=2468"}],"wp:term":[{"taxonomy":"product_brand","embeddable":true,"href":"https:\/\/poke.com.ar\/en\/wp-json\/wp\/v2\/product_brand?post=2468"},{"taxonomy":"product_cat","embeddable":true,"href":"https:\/\/poke.com.ar\/en\/wp-json\/wp\/v2\/product_cat?post=2468"},{"taxonomy":"product_tag","embeddable":true,"href":"https:\/\/poke.com.ar\/en\/wp-json\/wp\/v2\/product_tag?post=2468"}],"curies":[{"name":"wp","href":"https:\/\/api.w.org\/{rel}","templated":true}]}}