{"id":2459,"date":"2026-05-06T22:18:57","date_gmt":"2026-05-06T22:18:57","guid":{"rendered":"https:\/\/poke.com.arREMOTE_TARGET\/tienda\/j-w-black-label-1-lt\/"},"modified":"2026-05-06T22:18:57","modified_gmt":"2026-05-06T22:18:57","slug":"j-w-black-label-1-lt","status":"publish","type":"product","link":"https:\/\/poke.com.ar\/en\/product\/j-w-black-label-1-lt\/","title":{"rendered":"J.W. Black Label 1 lt"},"content":{"rendered":"<p>Johnnie Walker Black Label es un whisky escoc\u00e9s de mezcla rico y complejo, envejecido durante un m\u00ednimo de 12 a\u00f1os.Espere un car\u00e1cter suave y profundo con notas de rica fruta, vainilla y un toque ahumado distintivo.En boca es con mucho cuerpo y suave, con una mezcla armoniosa de sabores dulces y salados, que conduce a un final largo y persistente con un toque de turba.Es un whisky escoc\u00e9s cl\u00e1sico e ic\u00f3nico, perfecto para saborear solo o con hielo.<\/p>","protected":false},"excerpt":{"rendered":"<p>Johnnie Walker Black Label es uno de los whiskies escoceses mezclados m\u00e1s emblem\u00e1ticos y reconocidos del mundo, c\u00e9lebre por su car\u00e1cter rico, complejo y suave.Es una mezcla magistral de m\u00e1s de 30 whiskies de pura malta y de grano, cada uno de ellos envejecido durante un m\u00ednimo de 12 a\u00f1os en los cuatro rincones de Escocia.Este meticuloso proceso de envejecimiento contribuye a su color \u00e1mbar intenso y a un perfil de sabor sofisticado que incluye notas de rica fruta, vainilla y un ahumado distintivo.Johnnie Walker Black Label es un whisky vers\u00e1til que se disfruta solo, con hielo o como base para c\u00f3cteles cl\u00e1sicos, y que encarna el compromiso de la marca con la calidad y la artesan\u00eda.<\/p>","protected":false},"featured_media":2461,"template":"","meta":{"_gspb_post_css":"","_joinchat":[]},"product_brand":[],"product_cat":[134],"product_tag":[],"class_list":{"0":"post-2459","1":"product","2":"type-product","3":"status-publish","4":"has-post-thumbnail","6":"product_cat-blend","8":"first","9":"onbackorder","10":"shipping-taxable","11":"purchasable","12":"product-type-simple"},"supplier_id":398,"supplier_sku":"","barcode":null,"atum_controlled":true,"out_stock_date":null,"out_stock_threshold":null,"inheritable":false,"inbound_stock":null,"stock_on_hold":0,"sold_today":0,"sales_last_days":0,"reserved_stock":null,"customer_returns":null,"warehouse_damage":null,"lost_in_post":null,"other_logs":null,"out_stock_days":0,"lost_sales":0,"has_location":null,"update_date":"2026-05-09T09:14:45","atum_locations":[],"atum_stock_status":"onbackorder","restock_status":false,"low_stock_amount":"","sales_update_date":"2026-05-09T09:14:45","calc_backorders":0,"_links":{"self":[{"href":"https:\/\/poke.com.ar\/en\/wp-json\/wp\/v2\/product\/2459","targetHints":{"allow":["GET"]}}],"collection":[{"href":"https:\/\/poke.com.ar\/en\/wp-json\/wp\/v2\/product"}],"about":[{"href":"https:\/\/poke.com.ar\/en\/wp-json\/wp\/v2\/types\/product"}],"wp:featuredmedia":[{"embeddable":true,"href":"https:\/\/poke.com.ar\/en\/wp-json\/wp\/v2\/media\/2461"}],"wp:attachment":[{"href":"https:\/\/poke.com.ar\/en\/wp-json\/wp\/v2\/media?parent=2459"}],"wp:term":[{"taxonomy":"product_brand","embeddable":true,"href":"https:\/\/poke.com.ar\/en\/wp-json\/wp\/v2\/product_brand?post=2459"},{"taxonomy":"product_cat","embeddable":true,"href":"https:\/\/poke.com.ar\/en\/wp-json\/wp\/v2\/product_cat?post=2459"},{"taxonomy":"product_tag","embeddable":true,"href":"https:\/\/poke.com.ar\/en\/wp-json\/wp\/v2\/product_tag?post=2459"}],"curies":[{"name":"wp","href":"https:\/\/api.w.org\/{rel}","templated":true}]}}