{"id":2456,"date":"2026-05-06T22:18:32","date_gmt":"2026-05-06T22:18:32","guid":{"rendered":"https:\/\/poke.com.arREMOTE_TARGET\/tienda\/woodford-reserve-straight-rye-1-lt\/"},"modified":"2026-05-06T22:18:32","modified_gmt":"2026-05-06T22:18:32","slug":"woodford-reserve-straight-rye-1-lt","status":"publish","type":"product","link":"https:\/\/poke.com.ar\/en\/product\/woodford-reserve-straight-rye-1-lt\/","title":{"rendered":"Woodford Reserve Straight RYE 1 lt"},"content":{"rendered":"<p>Woodford Reserve Straight Rye ofrece un car\u00e1cter distintivo y especiado, que muestra el prominente grano de centeno en su pur\u00e9.Espere notas de pimienta, tabaco y frutas, con toques de menta, clavo y un toque de dulzura.En boca es atrevido y vivaz, con una textura cremosa y un final largo y c\u00e1lido que muestra la complejidad del centeno.Es un whisky de centeno robusto y sabroso, perfecto para quienes disfrutan de un licor m\u00e1s especiado.<\/p>","protected":false},"excerpt":{"rendered":"<p>El whisky Woodford Reserve Kentucky Straight Rye es una expresi\u00f3n de centeno premium de la reconocida destiler\u00eda Woodford Reserve.A diferencia de muchos whiskies de centeno, Woodford Reserve Rye presenta un pur\u00e9 con 53% de centeno, que es suficiente para calificar como un whisky de centeno y al mismo tiempo permite que otros sabores brillen.Este cuidadoso equilibrio da como resultado un whisky especiado y complejo, con una sensaci\u00f3n en boca cremosa.Se somete al mismo meticuloso proceso de destilaci\u00f3n y envejecimiento que su bourbon, lo que garantiza un licor sabroso y de alta calidad.Woodford Reserve Rye es famoso por su versatilidad, lo que lo convierte en una excelente opci\u00f3n para tomar solo o como base para c\u00f3cteles cl\u00e1sicos de centeno.<\/p>","protected":false},"featured_media":2458,"template":"","meta":{"_gspb_post_css":"","_joinchat":[]},"product_brand":[],"product_cat":[133],"product_tag":[],"class_list":{"0":"post-2456","1":"product","2":"type-product","3":"status-publish","4":"has-post-thumbnail","6":"product_cat-bourbon","8":"first","9":"onbackorder","10":"shipping-taxable","11":"purchasable","12":"product-type-simple"},"supplier_id":398,"supplier_sku":"","barcode":null,"atum_controlled":true,"out_stock_date":null,"out_stock_threshold":null,"inheritable":false,"inbound_stock":null,"stock_on_hold":0,"sold_today":0,"sales_last_days":0,"reserved_stock":null,"customer_returns":null,"warehouse_damage":null,"lost_in_post":null,"other_logs":null,"out_stock_days":0,"lost_sales":0,"has_location":null,"update_date":"2026-05-09T09:14:46","atum_locations":[],"atum_stock_status":"onbackorder","restock_status":false,"low_stock_amount":"","sales_update_date":"2026-05-09T09:14:46","calc_backorders":0,"_links":{"self":[{"href":"https:\/\/poke.com.ar\/en\/wp-json\/wp\/v2\/product\/2456","targetHints":{"allow":["GET"]}}],"collection":[{"href":"https:\/\/poke.com.ar\/en\/wp-json\/wp\/v2\/product"}],"about":[{"href":"https:\/\/poke.com.ar\/en\/wp-json\/wp\/v2\/types\/product"}],"wp:featuredmedia":[{"embeddable":true,"href":"https:\/\/poke.com.ar\/en\/wp-json\/wp\/v2\/media\/2458"}],"wp:attachment":[{"href":"https:\/\/poke.com.ar\/en\/wp-json\/wp\/v2\/media?parent=2456"}],"wp:term":[{"taxonomy":"product_brand","embeddable":true,"href":"https:\/\/poke.com.ar\/en\/wp-json\/wp\/v2\/product_brand?post=2456"},{"taxonomy":"product_cat","embeddable":true,"href":"https:\/\/poke.com.ar\/en\/wp-json\/wp\/v2\/product_cat?post=2456"},{"taxonomy":"product_tag","embeddable":true,"href":"https:\/\/poke.com.ar\/en\/wp-json\/wp\/v2\/product_tag?post=2456"}],"curies":[{"name":"wp","href":"https:\/\/api.w.org\/{rel}","templated":true}]}}