{"id":2308,"date":"2026-05-06T21:59:58","date_gmt":"2026-05-06T21:59:58","guid":{"rendered":"https:\/\/poke.com.arREMOTE_TARGET\/tienda\/mare-capri-1-lt\/"},"modified":"2026-05-06T21:59:58","modified_gmt":"2026-05-06T21:59:58","slug":"mare-capri-1-lt","status":"publish","type":"product","link":"https:\/\/poke.com.ar\/en\/product\/mare-capri-1-lt\/","title":{"rendered":"Mare Capri 1 lt"},"content":{"rendered":"<p>Gin Mare Capri ofrece un perfil de sabor \u00fanico y de inspiraci\u00f3n mediterr\u00e1nea.Espere notas de romero, tomillo, albahaca y un toque c\u00edtrico, complementados con un final suave y refrescante.Es una ginebra vers\u00e1til y sabrosa, perfecta para gin tonics cl\u00e1sicos o c\u00f3cteles creativos.<\/p>","protected":false},"excerpt":{"rendered":"<p>Gin Mare Capri es una ginebra de edici\u00f3n especial de Gin Mare, inspirada en la isla mediterr\u00e1nea de Capri.Esta expresi\u00f3n \u00fanica presenta una mezcla de ingredientes bot\u00e1nicos mediterr\u00e1neos, que incluyen romero, tomillo, albahaca y c\u00edtricos, que se agregan a los ingredientes bot\u00e1nicos cl\u00e1sicos de Gin Mare.El resultado es una ginebra vibrante y arom\u00e1tica con notas de romero, tomillo, albahaca y un toque c\u00edtrico, que ofrece un final suave y refrescante.Gin Mare Capri es una bebida espirituosa vers\u00e1til, ideal para elaborar gin tonics ex\u00f3ticos o para usar en c\u00f3cteles m\u00e1s complejos, atrayendo a aquellos que aprecian una ginebra con un perfil bot\u00e1nico vibrante y aventurero.<\/p>","protected":false},"featured_media":2310,"template":"","meta":{"_gspb_post_css":"","_joinchat":[]},"product_brand":[],"product_cat":[129],"product_tag":[],"class_list":{"0":"post-2308","1":"product","2":"type-product","3":"status-publish","4":"has-post-thumbnail","6":"product_cat-gin","8":"first","9":"onbackorder","10":"shipping-taxable","11":"purchasable","12":"product-type-simple"},"supplier_id":398,"supplier_sku":"","barcode":null,"atum_controlled":true,"out_stock_date":null,"out_stock_threshold":null,"inheritable":false,"inbound_stock":null,"stock_on_hold":0,"sold_today":0,"sales_last_days":0,"reserved_stock":null,"customer_returns":null,"warehouse_damage":null,"lost_in_post":null,"other_logs":null,"out_stock_days":0,"lost_sales":0,"has_location":null,"update_date":"2026-05-09T09:14:45","atum_locations":[],"atum_stock_status":"onbackorder","restock_status":false,"low_stock_amount":"","sales_update_date":"2026-05-09T09:14:45","calc_backorders":0,"_links":{"self":[{"href":"https:\/\/poke.com.ar\/en\/wp-json\/wp\/v2\/product\/2308","targetHints":{"allow":["GET"]}}],"collection":[{"href":"https:\/\/poke.com.ar\/en\/wp-json\/wp\/v2\/product"}],"about":[{"href":"https:\/\/poke.com.ar\/en\/wp-json\/wp\/v2\/types\/product"}],"wp:featuredmedia":[{"embeddable":true,"href":"https:\/\/poke.com.ar\/en\/wp-json\/wp\/v2\/media\/2310"}],"wp:attachment":[{"href":"https:\/\/poke.com.ar\/en\/wp-json\/wp\/v2\/media?parent=2308"}],"wp:term":[{"taxonomy":"product_brand","embeddable":true,"href":"https:\/\/poke.com.ar\/en\/wp-json\/wp\/v2\/product_brand?post=2308"},{"taxonomy":"product_cat","embeddable":true,"href":"https:\/\/poke.com.ar\/en\/wp-json\/wp\/v2\/product_cat?post=2308"},{"taxonomy":"product_tag","embeddable":true,"href":"https:\/\/poke.com.ar\/en\/wp-json\/wp\/v2\/product_tag?post=2308"}],"curies":[{"name":"wp","href":"https:\/\/api.w.org\/{rel}","templated":true}]}}