{"id":2239,"date":"2026-05-06T21:51:12","date_gmt":"2026-05-06T21:51:12","guid":{"rendered":"https:\/\/poke.com.arREMOTE_TARGET\/tienda\/grey-goose-clasico-1-lt\/"},"modified":"2026-05-06T21:51:12","modified_gmt":"2026-05-06T21:51:12","slug":"grey-goose-clasico-1-lt","status":"publish","type":"product","link":"https:\/\/poke.com.ar\/en\/product\/grey-goose-clasico-1-lt\/","title":{"rendered":"Grey Goose Clasico 1 lt"},"content":{"rendered":"<p>Grey Goose Classic ofrece una experiencia de vodka suave y vers\u00e1til, conocida por su sabor limpio y crujiente.Espere un sabor rico, con cuerpo y complejo, pero suave y meloso con un car\u00e1cter distintivo de grano, seguido de un toque de frutos secos.El final es largo y suave, lo que lo hace perfecto para mezclarlo en c\u00f3cteles o disfrutarlo solo.<\/p>","protected":false},"excerpt":{"rendered":"<p>Grey Goose Vodka es un vodka franc\u00e9s de primera calidad, conocido por su excepcional suavidad y calidad.Est\u00e1 elaborado con el mejor trigo franc\u00e9s y agua pura de manantial artesiano, filtrada naturalmente a trav\u00e9s de piedra caliza de Champa\u00f1a.Grey Goose se destila s\u00f3lo una vez para preservar el car\u00e1cter natural de sus ingredientes, lo que da como resultado un vodka con un sabor limpio, fresco y suave.Es una bebida espirituosa vers\u00e1til, perfecta para mezclar en c\u00f3cteles o disfrutar sola, y es famosa en todo el mundo por su calidad superior y su car\u00e1cter sofisticado.<\/p>","protected":false},"featured_media":2241,"template":"","meta":{"_gspb_post_css":"","_joinchat":[]},"product_brand":[],"product_cat":[137],"product_tag":[],"class_list":{"0":"post-2239","1":"product","2":"type-product","3":"status-publish","4":"has-post-thumbnail","6":"product_cat-vodka","8":"first","9":"onbackorder","10":"shipping-taxable","11":"purchasable","12":"product-type-simple"},"supplier_id":398,"supplier_sku":"","barcode":null,"atum_controlled":true,"out_stock_date":null,"out_stock_threshold":null,"inheritable":false,"inbound_stock":null,"stock_on_hold":0,"sold_today":0,"sales_last_days":0,"reserved_stock":null,"customer_returns":null,"warehouse_damage":null,"lost_in_post":null,"other_logs":null,"out_stock_days":0,"lost_sales":0,"has_location":null,"update_date":"2026-05-09T09:14:43","atum_locations":[],"atum_stock_status":"onbackorder","restock_status":false,"low_stock_amount":"","sales_update_date":"2026-05-09T09:14:43","calc_backorders":0,"_links":{"self":[{"href":"https:\/\/poke.com.ar\/en\/wp-json\/wp\/v2\/product\/2239","targetHints":{"allow":["GET"]}}],"collection":[{"href":"https:\/\/poke.com.ar\/en\/wp-json\/wp\/v2\/product"}],"about":[{"href":"https:\/\/poke.com.ar\/en\/wp-json\/wp\/v2\/types\/product"}],"wp:featuredmedia":[{"embeddable":true,"href":"https:\/\/poke.com.ar\/en\/wp-json\/wp\/v2\/media\/2241"}],"wp:attachment":[{"href":"https:\/\/poke.com.ar\/en\/wp-json\/wp\/v2\/media?parent=2239"}],"wp:term":[{"taxonomy":"product_brand","embeddable":true,"href":"https:\/\/poke.com.ar\/en\/wp-json\/wp\/v2\/product_brand?post=2239"},{"taxonomy":"product_cat","embeddable":true,"href":"https:\/\/poke.com.ar\/en\/wp-json\/wp\/v2\/product_cat?post=2239"},{"taxonomy":"product_tag","embeddable":true,"href":"https:\/\/poke.com.ar\/en\/wp-json\/wp\/v2\/product_tag?post=2239"}],"curies":[{"name":"wp","href":"https:\/\/api.w.org\/{rel}","templated":true}]}}