{"id":2233,"date":"2026-05-06T21:50:26","date_gmt":"2026-05-06T21:50:26","guid":{"rendered":"https:\/\/poke.com.arREMOTE_TARGET\/tienda\/crystal-head-1-75-lt\/"},"modified":"2026-05-06T21:50:26","modified_gmt":"2026-05-06T21:50:26","slug":"crystal-head-1-75-lt","status":"publish","type":"product","link":"https:\/\/poke.com.ar\/en\/product\/crystal-head-1-75-lt\/","title":{"rendered":"Crystal Head 1.75 lt"},"content":{"rendered":"<p>Crystal Head Vodka es un vodka suave y vers\u00e1til, conocido por su sabor limpio y crujiente.Espere un sabor rico, con cuerpo y complejo, pero suave y meloso con un car\u00e1cter distintivo de grano, seguido de un toque de frutos secos.El final es largo y suave, lo que lo hace perfecto para mezclarlo en c\u00f3cteles o disfrutarlo solo.<\/p>","protected":false},"excerpt":{"rendered":"<p>Crystal Head Vodka es un vodka \u00fanico y visualmente impactante, conocido por su ic\u00f3nica botella con forma de calavera.Est\u00e1 elaborado a partir de ma\u00edz canadiense y agua pr\u00edstina de Terranova, y se filtra siete veces, tres de ellas a trav\u00e9s de capas de diamantes Herkimer.Crystal Head es una bebida espirituosa pura con un sabor limpio, fresco y suave, con notas de vainilla dulce, c\u00edtricos y un toque de pimienta.Es una bebida espirituosa vers\u00e1til, perfecta para mezclar en c\u00f3cteles o disfrutar sola, y es reconocida mundialmente por su ic\u00f3nico dise\u00f1o de botella y su compromiso con la calidad.<\/p>","protected":false},"featured_media":2235,"template":"","meta":{"_gspb_post_css":"","_joinchat":[]},"product_brand":[],"product_cat":[137],"product_tag":[],"class_list":{"0":"post-2233","1":"product","2":"type-product","3":"status-publish","4":"has-post-thumbnail","6":"product_cat-vodka","8":"first","9":"onbackorder","10":"shipping-taxable","11":"purchasable","12":"product-type-simple"},"supplier_id":398,"supplier_sku":"","barcode":null,"atum_controlled":true,"out_stock_date":null,"out_stock_threshold":null,"inheritable":false,"inbound_stock":null,"stock_on_hold":0,"sold_today":0,"sales_last_days":0,"reserved_stock":null,"customer_returns":null,"warehouse_damage":null,"lost_in_post":null,"other_logs":null,"out_stock_days":0,"lost_sales":0,"has_location":null,"update_date":"2026-05-09T09:14:43","atum_locations":[],"atum_stock_status":"onbackorder","restock_status":false,"low_stock_amount":"","sales_update_date":"2026-05-09T09:14:43","calc_backorders":0,"_links":{"self":[{"href":"https:\/\/poke.com.ar\/en\/wp-json\/wp\/v2\/product\/2233","targetHints":{"allow":["GET"]}}],"collection":[{"href":"https:\/\/poke.com.ar\/en\/wp-json\/wp\/v2\/product"}],"about":[{"href":"https:\/\/poke.com.ar\/en\/wp-json\/wp\/v2\/types\/product"}],"wp:featuredmedia":[{"embeddable":true,"href":"https:\/\/poke.com.ar\/en\/wp-json\/wp\/v2\/media\/2235"}],"wp:attachment":[{"href":"https:\/\/poke.com.ar\/en\/wp-json\/wp\/v2\/media?parent=2233"}],"wp:term":[{"taxonomy":"product_brand","embeddable":true,"href":"https:\/\/poke.com.ar\/en\/wp-json\/wp\/v2\/product_brand?post=2233"},{"taxonomy":"product_cat","embeddable":true,"href":"https:\/\/poke.com.ar\/en\/wp-json\/wp\/v2\/product_cat?post=2233"},{"taxonomy":"product_tag","embeddable":true,"href":"https:\/\/poke.com.ar\/en\/wp-json\/wp\/v2\/product_tag?post=2233"}],"curies":[{"name":"wp","href":"https:\/\/api.w.org\/{rel}","templated":true}]}}