{"id":2218,"date":"2026-05-06T21:48:35","date_gmt":"2026-05-06T21:48:35","guid":{"rendered":"https:\/\/poke.com.arREMOTE_TARGET\/tienda\/ciroc-clasico-750-ml\/"},"modified":"2026-05-06T21:48:35","modified_gmt":"2026-05-06T21:48:35","slug":"ciroc-clasico-750-ml","status":"publish","type":"product","link":"https:\/\/poke.com.ar\/en\/product\/ciroc-clasico-750-ml\/","title":{"rendered":"Ciroc Clasico 750 ml"},"content":{"rendered":"<p>Ciroc Classic ofrece una experiencia de vodka suave y crujiente, conocida por su sabor limpio y fresco.Espere un sabor rico, con cuerpo y complejo, pero suave y meloso con un car\u00e1cter distintivo de uva, seguido de un toque c\u00edtrico.El final es largo y suave, lo que lo hace perfecto para mezclarlo en c\u00f3cteles o disfrutarlo solo.<\/p>","protected":false},"excerpt":{"rendered":"<p>C\u00eeroc Vodka es un distinguido vodka franc\u00e9s, conocido por su car\u00e1cter excepcionalmente suave y fresco.A diferencia de la mayor\u00eda de los vodkas que se elaboran a partir de cereales, C\u00eeroc se destila de finas uvas francesas, espec\u00edficamente de uvas Mauzac Blanc y Ugni Blanc, que se fermentan en fr\u00edo y se destilan cinco veces.Este proceso \u00fanico le da a C\u00eeroc su distintivo sabor c\u00edtrico y fresco.Es una bebida espirituosa vers\u00e1til, perfecta para mezclar en una amplia gama de c\u00f3cteles y es celebrada mundialmente por su calidad superior y su origen \u00fanico a base de uva.<\/p>","protected":false},"featured_media":2220,"template":"","meta":{"_gspb_post_css":"","_joinchat":[]},"product_brand":[],"product_cat":[137],"product_tag":[],"class_list":{"0":"post-2218","1":"product","2":"type-product","3":"status-publish","4":"has-post-thumbnail","6":"product_cat-vodka","8":"first","9":"onbackorder","10":"shipping-taxable","11":"purchasable","12":"product-type-simple"},"supplier_id":398,"supplier_sku":"","barcode":null,"atum_controlled":true,"out_stock_date":null,"out_stock_threshold":null,"inheritable":false,"inbound_stock":null,"stock_on_hold":0,"sold_today":0,"sales_last_days":0,"reserved_stock":null,"customer_returns":null,"warehouse_damage":null,"lost_in_post":null,"other_logs":null,"out_stock_days":0,"lost_sales":0,"has_location":null,"update_date":"2026-05-09T09:14:43","atum_locations":[],"atum_stock_status":"onbackorder","restock_status":false,"low_stock_amount":"","sales_update_date":"2026-05-09T09:14:43","calc_backorders":0,"_links":{"self":[{"href":"https:\/\/poke.com.ar\/en\/wp-json\/wp\/v2\/product\/2218","targetHints":{"allow":["GET"]}}],"collection":[{"href":"https:\/\/poke.com.ar\/en\/wp-json\/wp\/v2\/product"}],"about":[{"href":"https:\/\/poke.com.ar\/en\/wp-json\/wp\/v2\/types\/product"}],"wp:featuredmedia":[{"embeddable":true,"href":"https:\/\/poke.com.ar\/en\/wp-json\/wp\/v2\/media\/2220"}],"wp:attachment":[{"href":"https:\/\/poke.com.ar\/en\/wp-json\/wp\/v2\/media?parent=2218"}],"wp:term":[{"taxonomy":"product_brand","embeddable":true,"href":"https:\/\/poke.com.ar\/en\/wp-json\/wp\/v2\/product_brand?post=2218"},{"taxonomy":"product_cat","embeddable":true,"href":"https:\/\/poke.com.ar\/en\/wp-json\/wp\/v2\/product_cat?post=2218"},{"taxonomy":"product_tag","embeddable":true,"href":"https:\/\/poke.com.ar\/en\/wp-json\/wp\/v2\/product_tag?post=2218"}],"curies":[{"name":"wp","href":"https:\/\/api.w.org\/{rel}","templated":true}]}}