{"id":2209,"date":"2026-05-06T21:47:29","date_gmt":"2026-05-06T21:47:29","guid":{"rendered":"https:\/\/poke.com.arREMOTE_TARGET\/tienda\/absolut-100-proof-1-lt\/"},"modified":"2026-05-06T21:47:29","modified_gmt":"2026-05-06T21:47:29","slug":"absolut-100-proof-1-lt","status":"publish","type":"product","link":"https:\/\/poke.com.ar\/en\/product\/absolut-100-proof-1-lt\/","title":{"rendered":"Absolut 100 Proof 1 lt"},"content":{"rendered":"<p>Absolut 100 Proof ofrece una experiencia de vodka intensa y audaz.Espere un sabor rico, con cuerpo y complejo, pero suave y meloso con un car\u00e1cter distintivo de grano, seguido de un toque de frutos secos.El final es largo y suave, lo que lo hace perfecto para mezclarlo en c\u00f3cteles o disfrutarlo solo.<\/p>","protected":false},"excerpt":{"rendered":"<p>Absolut 100 Proof es un vodka premium de Absolut, conocido por su car\u00e1cter audaz e intenso.Se embotella a 100 grados (50% de alcohol por volumen), lo que ofrece una experiencia de vodka m\u00e1s robusta y con mucho cuerpo.Absolut 100 Proof se elabora exclusivamente con ingredientes naturales y, a diferencia de otros vodkas, no contiene az\u00facar a\u00f1adido.Es un espirituoso vers\u00e1til, perfecto para mezclar en una amplia gama de c\u00f3cteles, donde realmente puede brillar su fuerte car\u00e1cter.Absolut 100 Proof es el favorito entre los entusiastas del vodka que aprecian un vodka m\u00e1s atrevido e intenso.<\/p>","protected":false},"featured_media":2211,"template":"","meta":{"_gspb_post_css":"","_joinchat":[]},"product_brand":[],"product_cat":[137],"product_tag":[],"class_list":{"0":"post-2209","1":"product","2":"type-product","3":"status-publish","4":"has-post-thumbnail","6":"product_cat-vodka","8":"first","9":"onbackorder","10":"shipping-taxable","11":"purchasable","12":"product-type-simple"},"supplier_id":398,"supplier_sku":"","barcode":null,"atum_controlled":true,"out_stock_date":null,"out_stock_threshold":null,"inheritable":false,"inbound_stock":null,"stock_on_hold":0,"sold_today":0,"sales_last_days":0,"reserved_stock":null,"customer_returns":null,"warehouse_damage":null,"lost_in_post":null,"other_logs":null,"out_stock_days":0,"lost_sales":0,"has_location":null,"update_date":"2026-05-09T09:14:43","atum_locations":[],"atum_stock_status":"onbackorder","restock_status":false,"low_stock_amount":"","sales_update_date":"2026-05-09T09:14:43","calc_backorders":0,"_links":{"self":[{"href":"https:\/\/poke.com.ar\/en\/wp-json\/wp\/v2\/product\/2209","targetHints":{"allow":["GET"]}}],"collection":[{"href":"https:\/\/poke.com.ar\/en\/wp-json\/wp\/v2\/product"}],"about":[{"href":"https:\/\/poke.com.ar\/en\/wp-json\/wp\/v2\/types\/product"}],"wp:featuredmedia":[{"embeddable":true,"href":"https:\/\/poke.com.ar\/en\/wp-json\/wp\/v2\/media\/2211"}],"wp:attachment":[{"href":"https:\/\/poke.com.ar\/en\/wp-json\/wp\/v2\/media?parent=2209"}],"wp:term":[{"taxonomy":"product_brand","embeddable":true,"href":"https:\/\/poke.com.ar\/en\/wp-json\/wp\/v2\/product_brand?post=2209"},{"taxonomy":"product_cat","embeddable":true,"href":"https:\/\/poke.com.ar\/en\/wp-json\/wp\/v2\/product_cat?post=2209"},{"taxonomy":"product_tag","embeddable":true,"href":"https:\/\/poke.com.ar\/en\/wp-json\/wp\/v2\/product_tag?post=2209"}],"curies":[{"name":"wp","href":"https:\/\/api.w.org\/{rel}","templated":true}]}}