{"id":2190,"date":"2026-05-06T21:45:08","date_gmt":"2026-05-06T21:45:08","guid":{"rendered":"https:\/\/poke.com.arREMOTE_TARGET\/tienda\/onikishi-sakura-700-ml\/"},"modified":"2026-05-06T21:45:08","modified_gmt":"2026-05-06T21:45:08","slug":"onikishi-sakura-700-ml","status":"publish","type":"product","link":"https:\/\/poke.com.ar\/en\/product\/onikishi-sakura-700-ml\/","title":{"rendered":"Onikishi Sakura 700 ml"},"content":{"rendered":"<p>Onikishi Sakura es un whisky japon\u00e9s \u00fanico que ofrece un perfil de sabor delicado y floral, influenciado por su maduraci\u00f3n en barricas de madera japonesa de Sakura (flor de cerezo).Espere notas de cereza, vainilla y un toque de dulzura floral, complementadas con una textura cremosa y un final largo y limpio.Es una mezcla sofisticada y sabrosa, perfecta para saborear.<\/p>","protected":false},"excerpt":{"rendered":"<p>Onikishi Sakura es un whisky japon\u00e9s distintivo, conocido por su car\u00e1cter delicado y floral.Esta expresi\u00f3n es \u00fanica por su maduraci\u00f3n en barricas de madera japonesa poco comunes de Sakura (flor de cerezo), que imparten un perfil de sabor delicado y elegante.Ofrece notas de cereza, vainilla y un toque de dulzura floral, complementadas con una textura cremosa y un final largo y limpio.El uso de madera de Sakura es un testimonio de la artesan\u00eda japonesa del whisky, y ofrece una mezcla sofisticada y sabrosa muy apreciada por los entusiastas del whisky.<\/p>","protected":false},"featured_media":2192,"template":"","meta":{"_gspb_post_css":"","_joinchat":[]},"product_brand":[],"product_cat":[136],"product_tag":[],"class_list":{"0":"post-2190","1":"product","2":"type-product","3":"status-publish","4":"has-post-thumbnail","6":"product_cat-orientales","8":"first","9":"onbackorder","10":"shipping-taxable","11":"purchasable","12":"product-type-simple"},"supplier_id":398,"supplier_sku":"","barcode":null,"atum_controlled":true,"out_stock_date":null,"out_stock_threshold":null,"inheritable":false,"inbound_stock":null,"stock_on_hold":0,"sold_today":0,"sales_last_days":0,"reserved_stock":null,"customer_returns":null,"warehouse_damage":null,"lost_in_post":null,"other_logs":null,"out_stock_days":0,"lost_sales":0,"has_location":null,"update_date":"2026-05-09T09:14:43","atum_locations":[],"atum_stock_status":"onbackorder","restock_status":false,"low_stock_amount":"","sales_update_date":"2026-05-09T09:14:43","calc_backorders":0,"_links":{"self":[{"href":"https:\/\/poke.com.ar\/en\/wp-json\/wp\/v2\/product\/2190","targetHints":{"allow":["GET"]}}],"collection":[{"href":"https:\/\/poke.com.ar\/en\/wp-json\/wp\/v2\/product"}],"about":[{"href":"https:\/\/poke.com.ar\/en\/wp-json\/wp\/v2\/types\/product"}],"wp:featuredmedia":[{"embeddable":true,"href":"https:\/\/poke.com.ar\/en\/wp-json\/wp\/v2\/media\/2192"}],"wp:attachment":[{"href":"https:\/\/poke.com.ar\/en\/wp-json\/wp\/v2\/media?parent=2190"}],"wp:term":[{"taxonomy":"product_brand","embeddable":true,"href":"https:\/\/poke.com.ar\/en\/wp-json\/wp\/v2\/product_brand?post=2190"},{"taxonomy":"product_cat","embeddable":true,"href":"https:\/\/poke.com.ar\/en\/wp-json\/wp\/v2\/product_cat?post=2190"},{"taxonomy":"product_tag","embeddable":true,"href":"https:\/\/poke.com.ar\/en\/wp-json\/wp\/v2\/product_tag?post=2190"}],"curies":[{"name":"wp","href":"https:\/\/api.w.org\/{rel}","templated":true}]}}