{"id":2187,"date":"2026-05-06T21:44:43","date_gmt":"2026-05-06T21:44:43","guid":{"rendered":"https:\/\/poke.com.arREMOTE_TARGET\/tienda\/onikishi-demon-knight-700-ml\/"},"modified":"2026-05-06T21:44:43","modified_gmt":"2026-05-06T21:44:43","slug":"onikishi-demon-knight-700-ml","status":"publish","type":"product","link":"https:\/\/poke.com.ar\/en\/product\/onikishi-demon-knight-700-ml\/","title":{"rendered":"Onikishi Demon Knight 700 ml"},"content":{"rendered":"<p>Onikishi Demon Knight es un whisky japon\u00e9s \u00fanico que ofrece un perfil de sabor audaz y complejo.Espere notas de frutos negros, jerez y un toque especiado, complementados con una dulzura cremosa y un toque de chocolate.En boca es suave y meloso, con una textura con mucho cuerpo y un final largo y c\u00e1lido que muestra su profundidad y equilibrio.Es una mezcla sofisticada y sabrosa, perfecta para saborear.<\/p>","protected":false},"excerpt":{"rendered":"<p>Onikishi Demon Knight es un whisky japon\u00e9s distintivo, conocido por su car\u00e1cter audaz y complejo.Esta expresi\u00f3n se elabora a partir de una mezcla de whiskies cuidadosamente seleccionados, a menudo madurados en una combinaci\u00f3n de diferentes tipos de barricas para lograr un perfil de sabor \u00fanico.Ofrece notas de frutos negros, jerez, especias, dulzura cremosa y un toque de chocolate.Onikishi Demon Knight es un testimonio de la artesan\u00eda del whisky japon\u00e9s, y ofrece una mezcla sabrosa y con mucho cuerpo que es muy apreciada por los entusiastas del whisky.<\/p>","protected":false},"featured_media":2189,"template":"","meta":{"_gspb_post_css":"","_joinchat":[]},"product_brand":[],"product_cat":[136],"product_tag":[],"class_list":{"0":"post-2187","1":"product","2":"type-product","3":"status-publish","4":"has-post-thumbnail","6":"product_cat-orientales","8":"first","9":"onbackorder","10":"shipping-taxable","11":"purchasable","12":"product-type-simple"},"supplier_id":398,"supplier_sku":"","barcode":null,"atum_controlled":true,"out_stock_date":null,"out_stock_threshold":null,"inheritable":false,"inbound_stock":null,"stock_on_hold":0,"sold_today":0,"sales_last_days":0,"reserved_stock":null,"customer_returns":null,"warehouse_damage":null,"lost_in_post":null,"other_logs":null,"out_stock_days":0,"lost_sales":0,"has_location":null,"update_date":"2026-05-09T09:14:43","atum_locations":[],"atum_stock_status":"onbackorder","restock_status":false,"low_stock_amount":"","sales_update_date":"2026-05-09T09:14:43","calc_backorders":0,"_links":{"self":[{"href":"https:\/\/poke.com.ar\/en\/wp-json\/wp\/v2\/product\/2187","targetHints":{"allow":["GET"]}}],"collection":[{"href":"https:\/\/poke.com.ar\/en\/wp-json\/wp\/v2\/product"}],"about":[{"href":"https:\/\/poke.com.ar\/en\/wp-json\/wp\/v2\/types\/product"}],"wp:featuredmedia":[{"embeddable":true,"href":"https:\/\/poke.com.ar\/en\/wp-json\/wp\/v2\/media\/2189"}],"wp:attachment":[{"href":"https:\/\/poke.com.ar\/en\/wp-json\/wp\/v2\/media?parent=2187"}],"wp:term":[{"taxonomy":"product_brand","embeddable":true,"href":"https:\/\/poke.com.ar\/en\/wp-json\/wp\/v2\/product_brand?post=2187"},{"taxonomy":"product_cat","embeddable":true,"href":"https:\/\/poke.com.ar\/en\/wp-json\/wp\/v2\/product_cat?post=2187"},{"taxonomy":"product_tag","embeddable":true,"href":"https:\/\/poke.com.ar\/en\/wp-json\/wp\/v2\/product_tag?post=2187"}],"curies":[{"name":"wp","href":"https:\/\/api.w.org\/{rel}","templated":true}]}}