{"id":2175,"date":"2026-05-06T21:43:09","date_gmt":"2026-05-06T21:43:09","guid":{"rendered":"https:\/\/poke.com.arREMOTE_TARGET\/tienda\/toki-suntory-1-lt\/"},"modified":"2026-05-06T21:43:09","modified_gmt":"2026-05-06T21:43:09","slug":"toki-suntory-1-lt","status":"publish","type":"product","link":"https:\/\/poke.com.ar\/en\/product\/toki-suntory-1-lt\/","title":{"rendered":"Toki Suntory 1 lt"},"content":{"rendered":"<p>Suntory Toki es un whisky mezclado japon\u00e9s vibrante y vers\u00e1til.Espere notas de manzana verde, albahaca y un toque de miel, complementadas con una dulzura cremosa y un final largo y limpio.Es una mezcla sofisticada y sabrosa, perfecta para c\u00f3cteles y highballs.<\/p>","protected":false},"excerpt":{"rendered":"<p>Suntory Toki es un whisky mezclado japon\u00e9s moderno y vers\u00e1til de Suntory.El nombre \u00abToki\u00bb significa \u00abtiempo\u00bb en japon\u00e9s, lo que refleja la calidad atemporal de la mezcla y su capacidad para disfrutarse en cualquier estaci\u00f3n.Toki es una mezcla de whiskies de las destiler\u00edas Hakushu, Yamazaki y Chita de Suntory, cuidadosamente seleccionados para crear un perfil de sabor vibrante y equilibrado.Ofrece notas de manzana verde, albahaca y un toque de miel, complementadas con un dulzor cremoso y un final largo y limpio.Suntory Toki es particularmente popular por su uso en highballs, donde realmente brilla su car\u00e1cter fresco y refrescante.<\/p>","protected":false},"featured_media":2177,"template":"","meta":{"_gspb_post_css":"","_joinchat":[]},"product_brand":[],"product_cat":[136],"product_tag":[],"class_list":{"0":"post-2175","1":"product","2":"type-product","3":"status-publish","4":"has-post-thumbnail","6":"product_cat-orientales","8":"first","9":"onbackorder","10":"shipping-taxable","11":"purchasable","12":"product-type-simple"},"supplier_id":398,"supplier_sku":"","barcode":null,"atum_controlled":true,"out_stock_date":null,"out_stock_threshold":null,"inheritable":false,"inbound_stock":null,"stock_on_hold":0,"sold_today":0,"sales_last_days":0,"reserved_stock":null,"customer_returns":null,"warehouse_damage":null,"lost_in_post":null,"other_logs":null,"out_stock_days":0,"lost_sales":0,"has_location":null,"update_date":"2026-05-09T09:14:44","atum_locations":[],"atum_stock_status":"onbackorder","restock_status":false,"low_stock_amount":"","sales_update_date":"2026-05-09T09:14:44","calc_backorders":0,"_links":{"self":[{"href":"https:\/\/poke.com.ar\/en\/wp-json\/wp\/v2\/product\/2175","targetHints":{"allow":["GET"]}}],"collection":[{"href":"https:\/\/poke.com.ar\/en\/wp-json\/wp\/v2\/product"}],"about":[{"href":"https:\/\/poke.com.ar\/en\/wp-json\/wp\/v2\/types\/product"}],"wp:featuredmedia":[{"embeddable":true,"href":"https:\/\/poke.com.ar\/en\/wp-json\/wp\/v2\/media\/2177"}],"wp:attachment":[{"href":"https:\/\/poke.com.ar\/en\/wp-json\/wp\/v2\/media?parent=2175"}],"wp:term":[{"taxonomy":"product_brand","embeddable":true,"href":"https:\/\/poke.com.ar\/en\/wp-json\/wp\/v2\/product_brand?post=2175"},{"taxonomy":"product_cat","embeddable":true,"href":"https:\/\/poke.com.ar\/en\/wp-json\/wp\/v2\/product_cat?post=2175"},{"taxonomy":"product_tag","embeddable":true,"href":"https:\/\/poke.com.ar\/en\/wp-json\/wp\/v2\/product_tag?post=2175"}],"curies":[{"name":"wp","href":"https:\/\/api.w.org\/{rel}","templated":true}]}}