{"id":2172,"date":"2026-05-06T21:42:42","date_gmt":"2026-05-06T21:42:42","guid":{"rendered":"https:\/\/poke.com.arREMOTE_TARGET\/tienda\/the-chita-suntory-700-ml\/"},"modified":"2026-05-06T21:42:42","modified_gmt":"2026-05-06T21:42:42","slug":"the-chita-suntory-700-ml","status":"publish","type":"product","link":"https:\/\/poke.com.ar\/en\/product\/the-chita-suntory-700-ml\/","title":{"rendered":"The Chita Suntory 700 ml"},"content":{"rendered":"<p>El whisky Chita Single Grain ofrece un perfil de sabor suave y vers\u00e1til.Espere notas de cr\u00e8me br\u00fbl\u00e9e, cardamomo y un toque de miel de acacia, complementadas con una dulzura cremosa y un final largo y limpio.Es un whisky de grano sofisticado y sabroso, perfecto para beber solo o en c\u00f3cteles altos.<\/p>","protected":false},"excerpt":{"rendered":"<p>El whisky Chita Single Grain es un distinguido whisky de grano japon\u00e9s de la destiler\u00eda Chita de Suntory.Es conocido por su excepcional suavidad y versatilidad, lo que lo convierte en una opci\u00f3n popular para tragos altos y c\u00f3cteles, as\u00ed como para tomar solo.Chita ofrece un perfil de sabor delicado y refinado, con notas de cr\u00e8me br\u00fbl\u00e9e, cardamomo y un toque de miel de acacia, complementados con una dulzura cremosa y un final largo y limpio.Se madura en una variedad de barricas, incluidas las de roble blanco americano, roble espa\u00f1ol y barricas de vino, lo que contribuye a su car\u00e1cter complejo.El whisky Chita Single Grain es un testimonio del compromiso de Suntory con la artesan\u00eda y ofrece una experiencia de bebida sofisticada y sabrosa.<\/p>","protected":false},"featured_media":2174,"template":"","meta":{"_gspb_post_css":"","_joinchat":[]},"product_brand":[],"product_cat":[136],"product_tag":[],"class_list":{"0":"post-2172","1":"product","2":"type-product","3":"status-publish","4":"has-post-thumbnail","6":"product_cat-orientales","8":"first","9":"onbackorder","10":"shipping-taxable","11":"purchasable","12":"product-type-simple"},"supplier_id":398,"supplier_sku":"","barcode":null,"atum_controlled":true,"out_stock_date":null,"out_stock_threshold":null,"inheritable":false,"inbound_stock":null,"stock_on_hold":0,"sold_today":0,"sales_last_days":0,"reserved_stock":null,"customer_returns":null,"warehouse_damage":null,"lost_in_post":null,"other_logs":null,"out_stock_days":0,"lost_sales":0,"has_location":null,"update_date":"2026-05-09T09:14:44","atum_locations":[],"atum_stock_status":"onbackorder","restock_status":false,"low_stock_amount":"","sales_update_date":"2026-05-09T09:14:44","calc_backorders":0,"_links":{"self":[{"href":"https:\/\/poke.com.ar\/en\/wp-json\/wp\/v2\/product\/2172","targetHints":{"allow":["GET"]}}],"collection":[{"href":"https:\/\/poke.com.ar\/en\/wp-json\/wp\/v2\/product"}],"about":[{"href":"https:\/\/poke.com.ar\/en\/wp-json\/wp\/v2\/types\/product"}],"wp:featuredmedia":[{"embeddable":true,"href":"https:\/\/poke.com.ar\/en\/wp-json\/wp\/v2\/media\/2174"}],"wp:attachment":[{"href":"https:\/\/poke.com.ar\/en\/wp-json\/wp\/v2\/media?parent=2172"}],"wp:term":[{"taxonomy":"product_brand","embeddable":true,"href":"https:\/\/poke.com.ar\/en\/wp-json\/wp\/v2\/product_brand?post=2172"},{"taxonomy":"product_cat","embeddable":true,"href":"https:\/\/poke.com.ar\/en\/wp-json\/wp\/v2\/product_cat?post=2172"},{"taxonomy":"product_tag","embeddable":true,"href":"https:\/\/poke.com.ar\/en\/wp-json\/wp\/v2\/product_tag?post=2172"}],"curies":[{"name":"wp","href":"https:\/\/api.w.org\/{rel}","templated":true}]}}