{"id":2168,"date":"2026-05-06T21:42:17","date_gmt":"2026-05-06T21:42:17","guid":{"rendered":"https:\/\/poke.com.arREMOTE_TARGET\/tienda\/ao-suntory-750-ml\/"},"modified":"2026-05-06T21:42:17","modified_gmt":"2026-05-06T21:42:17","slug":"ao-suntory-750-ml","status":"publish","type":"product","link":"https:\/\/poke.com.ar\/en\/product\/ao-suntory-750-ml\/","title":{"rendered":"AO Suntory 750 ml"},"content":{"rendered":"<p>Suntory AO es una mezcla \u00fanica de whiskies de cinco de las regiones productoras de whisky m\u00e1s reconocidas del mundo: Escocia, Irlanda, Estados Unidos, Canad\u00e1 y Jap\u00f3n.Espere un perfil de sabor complejo y armonioso con notas de vainilla, fruta y un toque de humo, complementados con una dulzura cremosa y un toque especiado.En boca es suave y meloso, con una textura con mucho cuerpo y un final largo y c\u00e1lido que muestra su profundidad y equilibrio.Es una mezcla sofisticada y sabrosa, perfecta para saborear.<\/p>","protected":false},"excerpt":{"rendered":"<p>Suntory AO es un whisky de mezcla mundial innovador procedente de Suntory, Jap\u00f3n.Es una mezcla \u00fanica de whiskies de cinco de las regiones productoras de whisky m\u00e1s reconocidas del mundo: Escocia, Irlanda, Estados Unidos, Canad\u00e1 y Jap\u00f3n.El nombre \u00abAO\u00bb significa azul en japon\u00e9s, en referencia a los oc\u00e9anos que conectan estas cinco regiones.Esta innovadora mezcla ofrece un perfil de sabor complejo y armonioso, que muestra las diversas caracter\u00edsticas de los whiskies de todo el mundo.Suntory AO es un testimonio de la experiencia en mezclas de Suntory y su visi\u00f3n de crear un whisky verdaderamente global, que ofrezca una experiencia de bebida sofisticada y sabrosa.<\/p>","protected":false},"featured_media":2171,"template":"","meta":{"_gspb_post_css":"","_joinchat":[]},"product_brand":[],"product_cat":[136],"product_tag":[],"class_list":{"0":"post-2168","1":"product","2":"type-product","3":"status-publish","4":"has-post-thumbnail","6":"product_cat-orientales","8":"first","9":"onbackorder","10":"shipping-taxable","11":"purchasable","12":"product-type-simple"},"supplier_id":398,"supplier_sku":"","barcode":null,"atum_controlled":true,"out_stock_date":null,"out_stock_threshold":null,"inheritable":false,"inbound_stock":null,"stock_on_hold":0,"sold_today":0,"sales_last_days":0,"reserved_stock":null,"customer_returns":null,"warehouse_damage":null,"lost_in_post":null,"other_logs":null,"out_stock_days":0,"lost_sales":0,"has_location":null,"update_date":"2026-05-09T09:14:44","atum_locations":[],"atum_stock_status":"onbackorder","restock_status":false,"low_stock_amount":"","sales_update_date":"2026-05-09T09:14:44","calc_backorders":0,"_links":{"self":[{"href":"https:\/\/poke.com.ar\/en\/wp-json\/wp\/v2\/product\/2168","targetHints":{"allow":["GET"]}}],"collection":[{"href":"https:\/\/poke.com.ar\/en\/wp-json\/wp\/v2\/product"}],"about":[{"href":"https:\/\/poke.com.ar\/en\/wp-json\/wp\/v2\/types\/product"}],"wp:featuredmedia":[{"embeddable":true,"href":"https:\/\/poke.com.ar\/en\/wp-json\/wp\/v2\/media\/2171"}],"wp:attachment":[{"href":"https:\/\/poke.com.ar\/en\/wp-json\/wp\/v2\/media?parent=2168"}],"wp:term":[{"taxonomy":"product_brand","embeddable":true,"href":"https:\/\/poke.com.ar\/en\/wp-json\/wp\/v2\/product_brand?post=2168"},{"taxonomy":"product_cat","embeddable":true,"href":"https:\/\/poke.com.ar\/en\/wp-json\/wp\/v2\/product_cat?post=2168"},{"taxonomy":"product_tag","embeddable":true,"href":"https:\/\/poke.com.ar\/en\/wp-json\/wp\/v2\/product_tag?post=2168"}],"curies":[{"name":"wp","href":"https:\/\/api.w.org\/{rel}","templated":true}]}}