{"id":2162,"date":"2026-05-06T21:41:29","date_gmt":"2026-05-06T21:41:29","guid":{"rendered":"https:\/\/poke.com.arREMOTE_TARGET\/tienda\/talisker-surge-700-ml\/"},"modified":"2026-05-06T21:41:29","modified_gmt":"2026-05-06T21:41:29","slug":"talisker-surge-700-ml","status":"publish","type":"product","link":"https:\/\/poke.com.ar\/en\/product\/talisker-surge-700-ml\/","title":{"rendered":"Talisker Surge 700 ml"},"content":{"rendered":"<p>Talisker Surge ofrece un perfil de sabor intensamente ahumado y especiado, caracter\u00edstico de los whiskies Talisker.Espere notas de humo de turba, sal marina y un toque de pimienta negra, complementadas con una dulzura cremosa y un toque c\u00edtrico.En boca es amplio y robusto, con un final largo y c\u00e1lido que muestra su profundidad y equilibrio.Es un single malt sofisticado y sabroso, perfecto para saborear.<\/p>","protected":false},"excerpt":{"rendered":"<p>Talisker Surge es un whisky escoc\u00e9s de pura malta distintivo de la destiler\u00eda Talisker en la isla de Skye.Esta expresi\u00f3n es conocida por su perfil de sabor intensamente ahumado y especiado, que es un sello distintivo de los whiskies Talisker.Se madura en barricas de roble fuertemente carbonizadas, lo que contribuye a su color profundo y car\u00e1cter robusto.Surge ofrece notas de humo de turba, sal marina, pimienta negra, dulzura cremosa y un toque c\u00edtrico.Es un testimonio del compromiso de Talisker con la artesan\u00eda, al ofrecer un whisky de pura malta sabroso y con mucho cuerpo que es muy apreciado por los entusiastas del whisky.<\/p>","protected":false},"featured_media":2164,"template":"","meta":{"_gspb_post_css":"","_joinchat":[]},"product_brand":[],"product_cat":[135],"product_tag":[],"class_list":{"0":"post-2162","1":"product","2":"type-product","3":"status-publish","4":"has-post-thumbnail","6":"product_cat-single-malt","8":"first","9":"onbackorder","10":"shipping-taxable","11":"purchasable","12":"product-type-simple"},"supplier_id":398,"supplier_sku":"","barcode":null,"atum_controlled":true,"out_stock_date":null,"out_stock_threshold":null,"inheritable":false,"inbound_stock":null,"stock_on_hold":0,"sold_today":0,"sales_last_days":0,"reserved_stock":null,"customer_returns":null,"warehouse_damage":null,"lost_in_post":null,"other_logs":null,"out_stock_days":0,"lost_sales":0,"has_location":null,"update_date":"2026-05-09T09:14:44","atum_locations":[],"atum_stock_status":"onbackorder","restock_status":false,"low_stock_amount":"","sales_update_date":"2026-05-09T09:14:44","calc_backorders":0,"_links":{"self":[{"href":"https:\/\/poke.com.ar\/en\/wp-json\/wp\/v2\/product\/2162","targetHints":{"allow":["GET"]}}],"collection":[{"href":"https:\/\/poke.com.ar\/en\/wp-json\/wp\/v2\/product"}],"about":[{"href":"https:\/\/poke.com.ar\/en\/wp-json\/wp\/v2\/types\/product"}],"wp:featuredmedia":[{"embeddable":true,"href":"https:\/\/poke.com.ar\/en\/wp-json\/wp\/v2\/media\/2164"}],"wp:attachment":[{"href":"https:\/\/poke.com.ar\/en\/wp-json\/wp\/v2\/media?parent=2162"}],"wp:term":[{"taxonomy":"product_brand","embeddable":true,"href":"https:\/\/poke.com.ar\/en\/wp-json\/wp\/v2\/product_brand?post=2162"},{"taxonomy":"product_cat","embeddable":true,"href":"https:\/\/poke.com.ar\/en\/wp-json\/wp\/v2\/product_cat?post=2162"},{"taxonomy":"product_tag","embeddable":true,"href":"https:\/\/poke.com.ar\/en\/wp-json\/wp\/v2\/product_tag?post=2162"}],"curies":[{"name":"wp","href":"https:\/\/api.w.org\/{rel}","templated":true}]}}