{"id":2150,"date":"2026-05-06T21:39:56","date_gmt":"2026-05-06T21:39:56","guid":{"rendered":"https:\/\/poke.com.arREMOTE_TARGET\/tienda\/laphroaig-four-oak-cask-collection-1-lt\/"},"modified":"2026-05-06T21:39:56","modified_gmt":"2026-05-06T21:39:56","slug":"laphroaig-four-oak-cask-collection-1-lt","status":"publish","type":"product","link":"https:\/\/poke.com.ar\/en\/product\/laphroaig-four-oak-cask-collection-1-lt\/","title":{"rendered":"Laphroaig Four Oak Cask Collection 1 lt"},"content":{"rendered":"<p>Laphroaig Four Oak Cask Collection ofrece un perfil de sabor intenso y rico, caracter\u00edstico de los whiskies Laphroaig.Espere notas de humo de turba, sal marina y un toque de algas, complementadas con una dulzura cremosa y un toque especiado.En boca es amplio y robusto, con un final largo y c\u00e1lido que muestra su profundidad y equilibrio.Es un single malt sofisticado y sabroso, perfecto para saborear.<\/p>","protected":false},"excerpt":{"rendered":"<p>Laphroaig Four Oak Cask Collection es un whisky escoc\u00e9s de pura malta distintivo de la destiler\u00eda Laphroaig en la isla de Islay.Esta expresi\u00f3n se madura en una combinaci\u00f3n \u00fanica de cuatro tipos de barricas diferentes: barricas ex-Bourbon, barricas de cuarto, barricas de roble americano virgen y barriles de roble europeo.Esta maduraci\u00f3n en varias barricas imparte un perfil de sabor complejo y en capas, con el caracter\u00edstico car\u00e1cter intensamente ahumado y turboso de Laphroaig, complementado con notas de sal marina, algas, dulzura cremosa y un toque especiado.Laphroaig Four Oak Cask Collection es un testimonio del enfoque innovador de la destiler\u00eda en la elaboraci\u00f3n de whisky, ofreciendo un single malt sabroso y con mucho cuerpo que es muy apreciado por los entusiastas del whisky.<\/p>","protected":false},"featured_media":2152,"template":"","meta":{"_gspb_post_css":"","_joinchat":[]},"product_brand":[],"product_cat":[135],"product_tag":[],"class_list":{"0":"post-2150","1":"product","2":"type-product","3":"status-publish","4":"has-post-thumbnail","6":"product_cat-single-malt","8":"first","9":"onbackorder","10":"shipping-taxable","11":"purchasable","12":"product-type-simple"},"supplier_id":398,"supplier_sku":"","barcode":null,"atum_controlled":true,"out_stock_date":null,"out_stock_threshold":null,"inheritable":false,"inbound_stock":null,"stock_on_hold":0,"sold_today":0,"sales_last_days":0,"reserved_stock":null,"customer_returns":null,"warehouse_damage":null,"lost_in_post":null,"other_logs":null,"out_stock_days":0,"lost_sales":0,"has_location":null,"update_date":"2026-05-09T09:14:44","atum_locations":[],"atum_stock_status":"onbackorder","restock_status":false,"low_stock_amount":"","sales_update_date":"2026-05-09T09:14:44","calc_backorders":0,"_links":{"self":[{"href":"https:\/\/poke.com.ar\/en\/wp-json\/wp\/v2\/product\/2150","targetHints":{"allow":["GET"]}}],"collection":[{"href":"https:\/\/poke.com.ar\/en\/wp-json\/wp\/v2\/product"}],"about":[{"href":"https:\/\/poke.com.ar\/en\/wp-json\/wp\/v2\/types\/product"}],"wp:featuredmedia":[{"embeddable":true,"href":"https:\/\/poke.com.ar\/en\/wp-json\/wp\/v2\/media\/2152"}],"wp:attachment":[{"href":"https:\/\/poke.com.ar\/en\/wp-json\/wp\/v2\/media?parent=2150"}],"wp:term":[{"taxonomy":"product_brand","embeddable":true,"href":"https:\/\/poke.com.ar\/en\/wp-json\/wp\/v2\/product_brand?post=2150"},{"taxonomy":"product_cat","embeddable":true,"href":"https:\/\/poke.com.ar\/en\/wp-json\/wp\/v2\/product_cat?post=2150"},{"taxonomy":"product_tag","embeddable":true,"href":"https:\/\/poke.com.ar\/en\/wp-json\/wp\/v2\/product_tag?post=2150"}],"curies":[{"name":"wp","href":"https:\/\/api.w.org\/{rel}","templated":true}]}}