{"id":2147,"date":"2026-05-06T21:39:31","date_gmt":"2026-05-06T21:39:31","guid":{"rendered":"https:\/\/poke.com.arREMOTE_TARGET\/tienda\/lagavulin-12yo-special-release-2023-750-ml\/"},"modified":"2026-05-06T21:39:31","modified_gmt":"2026-05-06T21:39:31","slug":"lagavulin-12yo-special-release-2023-750-ml","status":"publish","type":"product","link":"https:\/\/poke.com.ar\/en\/product\/lagavulin-12yo-special-release-2023-750-ml\/","title":{"rendered":"Lagavulin 12yo Special Release 2023 750 ml"},"content":{"rendered":"<p>Lagavulin 12 a\u00f1os Special Release 2023 ofrece un perfil de sabor intenso y rico, caracter\u00edstico de los whiskies Lagavulin.Espere notas de humo de turba, sal marina y un toque c\u00edtrico, complementados con una dulzura cremosa y un toque especiado.En boca es amplio y robusto, con un final largo y c\u00e1lido que muestra su profundidad y equilibrio.Es un single malt sofisticado y sabroso, perfecto para saborear.<\/p>","protected":false},"excerpt":{"rendered":"<p>Lagavulin 12 a\u00f1os Special Release 2023 es un whisky escoc\u00e9s de pura malta de edici\u00f3n limitada muy esperado de la destiler\u00eda Lagavulin en la isla de Islay.Esta expresi\u00f3n es parte de la colecci\u00f3n anual de Lanzamientos Especiales de Diageo, conocida por exhibir whiskies raros y excepcionales.Lagavulin 12 a\u00f1os es famoso por su car\u00e1cter intenso y rico, con notas de humo de turba, sal marina, c\u00edtricos, dulzura cremosa y un toque especiado.Se madura en una combinaci\u00f3n de barricas de roble, lo que contribuye a su car\u00e1cter equilibrado y complejo.Este lanzamiento especial es un testimonio del compromiso de Lagavulin con la artesan\u00eda, ofreciendo un single malt sabroso y con mucho cuerpo que es muy apreciado por los entusiastas del whisky.<\/p>","protected":false},"featured_media":2149,"template":"","meta":{"_gspb_post_css":"","_joinchat":[]},"product_brand":[],"product_cat":[135],"product_tag":[],"class_list":{"0":"post-2147","1":"product","2":"type-product","3":"status-publish","4":"has-post-thumbnail","6":"product_cat-single-malt","8":"first","9":"onbackorder","10":"shipping-taxable","11":"purchasable","12":"product-type-simple"},"supplier_id":398,"supplier_sku":"","barcode":null,"atum_controlled":true,"out_stock_date":null,"out_stock_threshold":null,"inheritable":false,"inbound_stock":null,"stock_on_hold":0,"sold_today":0,"sales_last_days":0,"reserved_stock":null,"customer_returns":null,"warehouse_damage":null,"lost_in_post":null,"other_logs":null,"out_stock_days":0,"lost_sales":0,"has_location":null,"update_date":"2026-05-09T09:14:44","atum_locations":[],"atum_stock_status":"onbackorder","restock_status":false,"low_stock_amount":"","sales_update_date":"2026-05-09T09:14:44","calc_backorders":0,"_links":{"self":[{"href":"https:\/\/poke.com.ar\/en\/wp-json\/wp\/v2\/product\/2147","targetHints":{"allow":["GET"]}}],"collection":[{"href":"https:\/\/poke.com.ar\/en\/wp-json\/wp\/v2\/product"}],"about":[{"href":"https:\/\/poke.com.ar\/en\/wp-json\/wp\/v2\/types\/product"}],"wp:featuredmedia":[{"embeddable":true,"href":"https:\/\/poke.com.ar\/en\/wp-json\/wp\/v2\/media\/2149"}],"wp:attachment":[{"href":"https:\/\/poke.com.ar\/en\/wp-json\/wp\/v2\/media?parent=2147"}],"wp:term":[{"taxonomy":"product_brand","embeddable":true,"href":"https:\/\/poke.com.ar\/en\/wp-json\/wp\/v2\/product_brand?post=2147"},{"taxonomy":"product_cat","embeddable":true,"href":"https:\/\/poke.com.ar\/en\/wp-json\/wp\/v2\/product_cat?post=2147"},{"taxonomy":"product_tag","embeddable":true,"href":"https:\/\/poke.com.ar\/en\/wp-json\/wp\/v2\/product_tag?post=2147"}],"curies":[{"name":"wp","href":"https:\/\/api.w.org\/{rel}","templated":true}]}}